{"id":7682,"date":"2017-10-18T10:08:41","date_gmt":"2017-10-18T08:08:41","guid":{"rendered":"https:\/\/provanum.com\/?page_id=7682"},"modified":"2019-01-28T18:34:06","modified_gmt":"2019-01-28T16:34:06","slug":"2en-snabb-oversikt-om-vad-erbjuder","status":"publish","type":"page","link":"https:\/\/provanum.com\/sv\/2en-snabb-oversikt-om-vad-erbjuder\/","title":{"rendered":"2 En snabb \u00f6versikt om vad vi erbjuder"},"content":{"rendered":"<div class=\"wpb-content-wrapper\">[vc_row][vc_column width=&#8221;1\/2&#8243;][vc_custom_heading text=&#8221;Alla v\u00e5ra program&#8221; font_container=&#8221;tag:h3|text_align:left&#8221; google_fonts=&#8221;font_family:Open%20Sans%3A300%2C300italic%2Cregular%2Citalic%2C600%2C600italic%2C700%2C700italic%2C800%2C800italic|font_style:400%20regular%3A400%3Anormal&#8221;][\/vc_column][vc_column width=&#8221;1\/2&#8243;][vc_custom_heading text=&#8221;Alla v\u00e5ra tj\u00e4nster&#8221; font_container=&#8221;tag:h3|text_align:left&#8221;][\/vc_column][\/vc_row][vc_row][vc_column][vc_empty_space][\/vc_column][\/vc_row][vc_row][vc_column width=&#8221;1\/4&#8243;][mk_flipbox front_background_color=&#8221;#a2272d&#8221; back_background_color=&#8221;#a2272d&#8221; min_height=&#8221;250&#8243; image=&#8221;https:\/\/provanum.com\/wp-content\/uploads\/2018\/01\/TrixOrganizer7_200.png&#8221; front_title=&#8221;Lagra data s\u00e5 att den \u00e4r g\u00e4llande, betrodd och enkel att hitta&#8221; front_title_color=&#8221;#ffffff&#8221; back_desc=&#8221;Integrerad hantering av dokument, ritningar och ingenj\u00f6rsinformation&#8221; back_desc_size=&#8221;14&#8243; back_desc_color=&#8221;#000000&#8243; el_class=&#8221;organizer&#8221;][\/vc_column][vc_column width=&#8221;1\/4&#8243;][mk_flipbox front_background_color=&#8221;#eaeaea&#8221; back_background_color=&#8221;#eaeaea&#8221; min_height=&#8221;200&#8243; image=&#8221;https:\/\/provanum.com\/wp-content\/uploads\/2018\/01\/TrixTracTrix7_200.png&#8221; front_title=&#8221;Verktyg f\u00f6r redigering av CAD utan CAD&#8221; front_title_size=&#8221;16&#8243; front_title_color=&#8221;#000000&#8243; back_desc=&#8221;Kontrollera, \u00e4ndra och vektorisera ritningar&#8221; back_desc_size=&#8221;14&#8243; back_desc_color=&#8221;#000000&#8243;][\/vc_column][vc_column width=&#8221;1\/4&#8243;][mk_flipbox front_background_color=&#8221;#eaeaea&#8221; back_background_color=&#8221;#eaeaea&#8221; min_height=&#8221;200&#8243; image=&#8221;https:\/\/provanum.com\/wp-content\/uploads\/2018\/01\/BusinessSupport.png&#8221; front_title=&#8221;Utveckla aff\u00e4rsprocesser f\u00f6r h\u00f6jd effektivitet och kvalitet&#8221; front_title_size=&#8221;16&#8243; front_title_color=&#8221;#000000&#8243; back_desc=&#8221;Verksamhetsst\u00f6d som kompletterar Trix-produkterna med optimal effektivitet&#8221; back_desc_size=&#8221;14&#8243; back_desc_color=&#8221;#000000&#8243;][\/vc_column][vc_column width=&#8221;1\/4&#8243;][mk_flipbox front_background_color=&#8221;#eaeaea&#8221; back_background_color=&#8221;#eaeaea&#8221; min_height=&#8221;200&#8243; image=&#8221;https:\/\/provanum.com\/wp-content\/uploads\/2018\/01\/Digitization.png&#8221; front_title=&#8221;Digitalisera dina data till moderna s\u00f6kbara format&#8221; front_title_size=&#8221;16&#8243; back_desc=&#8221;Konvertera ritningar och dokument till digitala redigerbara format&#8221; back_desc_size=&#8221;14&#8243; back_desc_color=&#8221;#000000&#8243;][\/vc_column][\/vc_row][vc_row][vc_column][vc_empty_space height=&#8221;20 px&#8221;][\/vc_column][\/vc_row][vc_row][vc_column width=&#8221;1\/4&#8243;][mk_flipbox front_background_color=&#8221;#eaeaea&#8221; back_background_color=&#8221;#eaeaea&#8221; min_height=&#8221;200&#8243; image=&#8221;https:\/\/provanum.com\/wp-content\/uploads\/2018\/01\/TrixFastDoc7_200.png&#8221; front_title=&#8221;Enkelt dokumentarkiv p\u00e5 webben&#8221; front_title_size=&#8221;16&#8243; back_desc=&#8221;Molnbaserat dokumentarkiv p\u00e5 webben f\u00f6r gemensam och s\u00e4ker fildelning, visning, r\u00f6d\u00e4ndring och notering&#8221; back_desc_size=&#8221;14&#8243; back_desc_color=&#8221;#000000&#8243;][\/vc_column][vc_column width=&#8221;1\/4&#8243;][mk_flipbox front_background_color=&#8221;#eaeaea&#8221; back_background_color=&#8221;#eaeaea&#8221; min_height=&#8221;200&#8243; image=&#8221;https:\/\/provanum.com\/wp-content\/uploads\/2018\/01\/TrixRasterServer7_200.png&#8221; front_title=&#8221;Konvertering i h\u00f6g volym till PDF och andra format&#8221; front_title_size=&#8221;16&#8243; front_title_color=&#8221;#000000&#8243; back_desc=&#8221;Konverteringsprogram f\u00f6r batchkonvertering av CAD-filer till PDF, PNG, JEDMICS C4 med flera filformat&#8221; back_desc_size=&#8221;14&#8243; back_desc_color=&#8221;#000000&#8243;][\/vc_column][vc_column width=&#8221;1\/4&#8243;][mk_flipbox front_background_color=&#8221;#eaeaea&#8221; back_background_color=&#8221;#eaeaea&#8221; min_height=&#8221;200&#8243; image=&#8221;https:\/\/provanum.com\/wp-content\/uploads\/2018\/01\/InstallationConfiguration.png&#8221; front_title=&#8221;Optimera Trix-l\u00f6sningen enligt era f\u00f6ruts\u00e4ttningar&#8221; front_title_size=&#8221;16&#8243; back_desc=&#8221;Specialistst\u00f6d vid installation och konfigurering i enkla och komplexa datamilj\u00f6er&#8221; back_desc_size=&#8221;14&#8243; back_desc_color=&#8221;#000000&#8243;][\/vc_column][vc_column width=&#8221;1\/4&#8243;][mk_flipbox front_background_color=&#8221;#eaeaea&#8221; back_background_color=&#8221;#eaeaea&#8221; min_height=&#8221;200&#8243; image=&#8221;https:\/\/provanum.com\/wp-content\/uploads\/2018\/01\/DataCleanUpMigration.png&#8221; front_title=&#8221;Rensa bort on\u00f6diga data och organisera filerna&#8221; front_title_size=&#8221;16&#8243; back_desc=&#8221;Omarbetar och st\u00e4dar existerande data s\u00e5 den blir klassificerad och enkel att s\u00f6ka&#8221; back_desc_size=&#8221;14&#8243; back_desc_color=&#8221;#000000&#8243;][\/vc_column][\/vc_row][vc_row][vc_column][vc_empty_space height=&#8221;20 px&#8221;][\/vc_column][\/vc_row][vc_row][vc_column width=&#8221;1\/4&#8243;][mk_flipbox front_background_color=&#8221;#eaeaea&#8221; back_background_color=&#8221;#eaeaea&#8221; min_height=&#8221;200&#8243; image=&#8221;https:\/\/provanum.com\/wp-content\/uploads\/2018\/01\/TrixDrawingCenter7_200.png&#8221; front_title=&#8221;Ritningsvisaren som \u00e4r enkel att anv\u00e4nda&#8221; front_title_size=&#8221;16&#8243; front_title_color=&#8221;#000000&#8243; back_desc=&#8221;Kraftfull dokumentvisare f\u00f6r ritningar och andra dokument&#8221; back_desc_size=&#8221;14&#8243; back_desc_color=&#8221;#000000&#8243;][\/vc_column][vc_column width=&#8221;1\/4&#8243;][mk_flipbox front_background_color=&#8221;#eaeaea&#8221; back_background_color=&#8221;#eaeaea&#8221; min_height=&#8221;200&#8243; image=&#8221;https:\/\/provanum.com\/wp-content\/uploads\/2018\/01\/TrixImageMaker7_200.png&#8221; front_title=&#8221;F\u00e5ngar dokumentutskrifter och metadata fr\u00e5n var som helst&#8221; front_title_size=&#8221;16&#8243; front_title_color=&#8221;#000000&#8243; back_desc=&#8221;F\u00e5ngar bilder, ritningar och samlar metadata fr\u00e5n valfri applikation via utskrift, och \u00f6verf\u00f6r dessa via internet&#8221; back_desc_size=&#8221;14&#8243; back_desc_color=&#8221;#000000&#8243;][\/vc_column][vc_column width=&#8221;1\/4&#8243;][mk_flipbox front_background_color=&#8221;#eaeaea&#8221; back_background_color=&#8221;#eaeaea&#8221; min_height=&#8221;200&#8243; image=&#8221;https:\/\/provanum.com\/wp-content\/uploads\/2018\/01\/Support.png&#8221; front_title=&#8221;Hj\u00e4lp vid behov i arbetet med Trix-produkterna&#8221; front_title_size=&#8221;16&#8243; front_title_color=&#8221;#000000&#8243; back_desc=&#8221;Personlig support och planerad service f\u00f6r Trix-produkter&#8221; back_desc_size=&#8221;14&#8243; back_desc_color=&#8221;#000000&#8243;][\/vc_column][vc_column width=&#8221;1\/4&#8243;][mk_flipbox front_background_color=&#8221;#eaeaea&#8221; back_background_color=&#8221;#eaeaea&#8221; min_height=&#8221;200&#8243; image=&#8221;https:\/\/provanum.com\/wp-content\/uploads\/2018\/01\/CADService.png&#8221; front_title=&#8221;Verktyg f\u00f6r datautbyte direkt med CAD-filen&#8221; front_title_size=&#8221;16&#8243; front_title_color=&#8221;#000000&#8243; back_desc=&#8221;Speciella CAD-verktyg f\u00f6r att utnyttja informationen i CAD-filer&#8221; back_desc_size=&#8221;14&#8243; back_desc_color=&#8221;#000000&#8243;][\/vc_column][\/vc_row][vc_row][vc_column][vc_empty_space height=&#8221;20 px&#8221;][\/vc_column][\/vc_row][vc_row][vc_column width=&#8221;1\/4&#8243;][mk_flipbox front_background_color=&#8221;#eaeaea&#8221; back_background_color=&#8221;#eaeaea&#8221; min_height=&#8221;200&#8243; image=&#8221;https:\/\/provanum.com\/wp-content\/uploads\/2018\/01\/TrixProjektAccess7_200.png&#8221; front_title=&#8221;Samverkande hantering av fil\u00f6verf\u00f6ring och projekt&#8221; front_title_size=&#8221;16&#8243; front_title_color=&#8221;#000000&#8243; back_desc=&#8221;S\u00e4ker fil\u00f6verf\u00f6ring, delning och granskning av ingenj\u00f6rsdokumentation i projekt&#8221; back_desc_size=&#8221;14&#8243; back_desc_color=&#8221;#000000&#8243;][\/vc_column][vc_column width=&#8221;1\/4&#8243;][mk_flipbox front_background_color=&#8221;#eaeaea&#8221; back_background_color=&#8221;#eaeaea&#8221; min_height=&#8221;200&#8243; image=&#8221;https:\/\/provanum.com\/wp-content\/uploads\/2018\/01\/TrixWorkFlowDesigner7_200.png&#8221; front_title=&#8221;Skapa ordning p\u00e5 aff\u00e4rsprocessen&#8221; front_title_size=&#8221;16&#8243; front_title_color=&#8221;#000000&#8243; back_desc=&#8221;Skapa ordning p\u00e5 aff\u00e4rsprocessen genom att skapa \u00e5teranv\u00e4ndbara arbetsfl\u00f6den&#8221; back_desc_size=&#8221;14&#8243; back_desc_color=&#8221;#000000&#8243;][\/vc_column][vc_column width=&#8221;1\/4&#8243;][mk_flipbox front_background_color=&#8221;#eaeaea&#8221; back_background_color=&#8221;#eaeaea&#8221; min_height=&#8221;200&#8243; image=&#8221;https:\/\/provanum.com\/wp-content\/uploads\/2018\/01\/Training-1.png&#8221; front_title=&#8221;Utbildning som maximerar f\u00f6rdelarna&#8221; front_title_size=&#8221;16&#8243; front_title_color=&#8221;#000000&#8243; back_desc=&#8221;Rollbaserad utbildning ger tidseffektivitet vid anv\u00e4ndning av Trix-produkter&#8221; back_desc_size=&#8221;14&#8243; back_desc_color=&#8221;#000000&#8243;][\/vc_column][vc_column width=&#8221;1\/4&#8243;][mk_flipbox front_background_color=&#8221;#eaeaea&#8221; back_background_color=&#8221;#eaeaea&#8221; min_height=&#8221;200&#8243; image=&#8221;https:\/\/provanum.com\/wp-content\/uploads\/2018\/01\/SystemDevelopment-1.png&#8221; front_title=&#8221;Kundanpassad systemutveckling f\u00f6r unika tillf\u00e4llen&#8221; front_title_size=&#8221;16&#8243; back_desc=&#8221;Anpassad mjukvaruutveckling f\u00f6r att hantera specifika l\u00f6sningskrav&#8221; back_desc_size=&#8221;14&#8243; back_desc_color=&#8221;#000000&#8243;][\/vc_column][\/vc_row][vc_row][vc_column][\/vc_column][\/vc_row]\n<\/div>","protected":false},"excerpt":{"rendered":"<p>[vc_row][vc_column width=&#8221;1\/2&#8243;][vc_custom_heading text=&#8221;Alla v\u00e5ra program&#8221; font_container=&#8221;tag:h3|text_align:left&#8221; google_fonts=&#8221;font_family:Open%20Sans%3A300%2C300italic%2Cregular%2Citalic%2C600%2C600italic%2C700%2C700italic%2C800%2C800italic|font_style:400%20regular%3A400%3Anormal&#8221;][\/vc_column][vc_column width=&#8221;1\/2&#8243;][vc_custom_heading text=&#8221;Alla v\u00e5ra tj\u00e4nster&#8221; font_container=&#8221;tag:h3|text_align:left&#8221;][\/vc_column][\/vc_row][vc_row][vc_column][vc_empty_space][\/vc_column][\/vc_row][vc_row][vc_column width=&#8221;1\/4&#8243;][mk_flipbox front_background_color=&#8221;#a2272d&#8221; back_background_color=&#8221;#a2272d&#8221; min_height=&#8221;250&#8243; image=&#8221;https:\/\/provanum.com\/wp-content\/uploads\/2018\/01\/TrixOrganizer7_200.png&#8221; front_title=&#8221;Lagra data s\u00e5 att den \u00e4r g\u00e4llande, betrodd och enkel att hitta&#8221; front_title_color=&#8221;#ffffff&#8221; back_desc=&#8221;Integrerad hantering av dokument, ritningar och ingenj\u00f6rsinformation&#8221; back_desc_size=&#8221;14&#8243; back_desc_color=&#8221;#000000&#8243; el_class=&#8221;organizer&#8221;][\/vc_column][vc_column width=&#8221;1\/4&#8243;][mk_flipbox front_background_color=&#8221;#eaeaea&#8221; back_background_color=&#8221;#eaeaea&#8221; min_height=&#8221;200&#8243; image=&#8221;https:\/\/provanum.com\/wp-content\/uploads\/2018\/01\/TrixTracTrix7_200.png&#8221; front_title=&#8221;Verktyg f\u00f6r redigering av CAD utan CAD&#8221; front_title_size=&#8221;16&#8243; front_title_color=&#8221;#000000&#8243; back_desc=&#8221;Kontrollera, [&hellip;]<\/p>\n","protected":false},"author":3,"featured_media":0,"parent":0,"menu_order":0,"comment_status":"closed","ping_status":"closed","template":"","meta":{"_acf_changed":false,"footnotes":""},"class_list":["post-7682","page","type-page","status-publish","hentry"],"translation":{"provider":"WPGlobus","version":"3.0.2","language":"sv","enabled_languages":["en","sv"],"languages":{"en":{"title":true,"content":true,"excerpt":false},"sv":{"title":true,"content":true,"excerpt":false}}},"acf":[],"yoast_head":"<!-- This site is optimized with the Yoast SEO plugin v27.4 - https:\/\/yoast.com\/product\/yoast-seo-wordpress\/ -->\n<title>2 En snabb \u00f6versikt om vad vi erbjuder - Provanum<\/title>\n<meta name=\"robots\" content=\"index, follow, max-snippet:-1, max-image-preview:large, max-video-preview:-1\" \/>\n<link rel=\"canonical\" href=\"https:\/\/provanum.com\/2en-snabb-oversikt-om-vad-erbjuder\/\" \/>\n<meta name=\"twitter:label1\" content=\"Ber\u00e4knad l\u00e4stid\" \/>\n\t<meta name=\"twitter:data1\" content=\"6 minuter\" \/>\n<script type=\"application\/ld+json\" class=\"yoast-schema-graph\">{\"@context\":\"https:\\\/\\\/schema.org\",\"@graph\":[{\"@type\":\"WebPage\",\"@id\":\"https:\\\/\\\/provanum.com\\\/2en-snabb-oversikt-om-vad-erbjuder\\\/\",\"url\":\"https:\\\/\\\/provanum.com\\\/2en-snabb-oversikt-om-vad-erbjuder\\\/\",\"name\":\"2 En snabb \u00f6versikt om vad vi erbjuder - Provanum\",\"isPartOf\":{\"@id\":\"https:\\\/\\\/provanum.com\\\/#website\"},\"datePublished\":\"2017-10-18T08:08:41+00:00\",\"dateModified\":\"2019-01-28T16:34:06+00:00\",\"breadcrumb\":{\"@id\":\"https:\\\/\\\/provanum.com\\\/2en-snabb-oversikt-om-vad-erbjuder\\\/#breadcrumb\"},\"inLanguage\":\"sv-SE\",\"potentialAction\":[{\"@type\":\"ReadAction\",\"target\":[\"https:\\\/\\\/provanum.com\\\/2en-snabb-oversikt-om-vad-erbjuder\\\/\"]}]},{\"@type\":\"BreadcrumbList\",\"@id\":\"https:\\\/\\\/provanum.com\\\/2en-snabb-oversikt-om-vad-erbjuder\\\/#breadcrumb\",\"itemListElement\":[{\"@type\":\"ListItem\",\"position\":1,\"name\":\"Home\",\"item\":\"https:\\\/\\\/provanum.com\\\/\"},{\"@type\":\"ListItem\",\"position\":2,\"name\":\"2 A quick overview of what we offer\"}]},{\"@type\":\"WebSite\",\"@id\":\"https:\\\/\\\/provanum.com\\\/#website\",\"url\":\"https:\\\/\\\/provanum.com\\\/\",\"name\":\"Provanum\",\"description\":\"Ingenj\u00f6rsbaserad dokumenthantering\",\"publisher\":{\"@id\":\"https:\\\/\\\/provanum.com\\\/#organization\"},\"potentialAction\":[{\"@type\":\"SearchAction\",\"target\":{\"@type\":\"EntryPoint\",\"urlTemplate\":\"https:\\\/\\\/provanum.com\\\/?s={search_term_string}\"},\"query-input\":{\"@type\":\"PropertyValueSpecification\",\"valueRequired\":true,\"valueName\":\"search_term_string\"}}],\"inLanguage\":\"sv-SE\"},{\"@type\":\"Organization\",\"@id\":\"https:\\\/\\\/provanum.com\\\/#organization\",\"name\":\"Provanum\",\"url\":\"https:\\\/\\\/provanum.com\\\/\",\"logo\":{\"@type\":\"ImageObject\",\"inLanguage\":\"sv-SE\",\"@id\":\"https:\\\/\\\/provanum.com\\\/#\\\/schema\\\/logo\\\/image\\\/\",\"url\":\"https:\\\/\\\/provanum.com\\\/wp-content\\\/uploads\\\/2015\\\/01\\\/TrixSolution2.png\",\"contentUrl\":\"https:\\\/\\\/provanum.com\\\/wp-content\\\/uploads\\\/2015\\\/01\\\/TrixSolution2.png\",\"width\":300,\"height\":305,\"caption\":\"Provanum\"},\"image\":{\"@id\":\"https:\\\/\\\/provanum.com\\\/#\\\/schema\\\/logo\\\/image\\\/\"}}]}<\/script>\n<!-- \/ Yoast SEO plugin. -->","yoast_head_json":{"title":"2 En snabb \u00f6versikt om vad vi erbjuder - Provanum","robots":{"index":"index","follow":"follow","max-snippet":"max-snippet:-1","max-image-preview":"max-image-preview:large","max-video-preview":"max-video-preview:-1"},"canonical":"https:\/\/provanum.com\/2en-snabb-oversikt-om-vad-erbjuder\/","twitter_misc":{"Ber\u00e4knad l\u00e4stid":"6 minuter"},"schema":{"@context":"https:\/\/schema.org","@graph":[{"@type":"WebPage","@id":"https:\/\/provanum.com\/2en-snabb-oversikt-om-vad-erbjuder\/","url":"https:\/\/provanum.com\/2en-snabb-oversikt-om-vad-erbjuder\/","name":"2 En snabb \u00f6versikt om vad vi erbjuder - Provanum","isPartOf":{"@id":"https:\/\/provanum.com\/#website"},"datePublished":"2017-10-18T08:08:41+00:00","dateModified":"2019-01-28T16:34:06+00:00","breadcrumb":{"@id":"https:\/\/provanum.com\/2en-snabb-oversikt-om-vad-erbjuder\/#breadcrumb"},"inLanguage":"sv-SE","potentialAction":[{"@type":"ReadAction","target":["https:\/\/provanum.com\/2en-snabb-oversikt-om-vad-erbjuder\/"]}]},{"@type":"BreadcrumbList","@id":"https:\/\/provanum.com\/2en-snabb-oversikt-om-vad-erbjuder\/#breadcrumb","itemListElement":[{"@type":"ListItem","position":1,"name":"Home","item":"https:\/\/provanum.com\/"},{"@type":"ListItem","position":2,"name":"2 A quick overview of what we offer"}]},{"@type":"WebSite","@id":"https:\/\/provanum.com\/#website","url":"https:\/\/provanum.com\/","name":"Provanum","description":"Ingenj\u00f6rsbaserad dokumenthantering","publisher":{"@id":"https:\/\/provanum.com\/#organization"},"potentialAction":[{"@type":"SearchAction","target":{"@type":"EntryPoint","urlTemplate":"https:\/\/provanum.com\/?s={search_term_string}"},"query-input":{"@type":"PropertyValueSpecification","valueRequired":true,"valueName":"search_term_string"}}],"inLanguage":"sv-SE"},{"@type":"Organization","@id":"https:\/\/provanum.com\/#organization","name":"Provanum","url":"https:\/\/provanum.com\/","logo":{"@type":"ImageObject","inLanguage":"sv-SE","@id":"https:\/\/provanum.com\/#\/schema\/logo\/image\/","url":"https:\/\/provanum.com\/wp-content\/uploads\/2015\/01\/TrixSolution2.png","contentUrl":"https:\/\/provanum.com\/wp-content\/uploads\/2015\/01\/TrixSolution2.png","width":300,"height":305,"caption":"Provanum"},"image":{"@id":"https:\/\/provanum.com\/#\/schema\/logo\/image\/"}}]}},"_links":{"self":[{"href":"https:\/\/provanum.com\/sv\/wp-json\/wp\/v2\/pages\/7682","targetHints":{"allow":["GET"]}}],"collection":[{"href":"https:\/\/provanum.com\/sv\/wp-json\/wp\/v2\/pages"}],"about":[{"href":"https:\/\/provanum.com\/sv\/wp-json\/wp\/v2\/types\/page"}],"author":[{"embeddable":true,"href":"https:\/\/provanum.com\/sv\/wp-json\/wp\/v2\/users\/3"}],"replies":[{"embeddable":true,"href":"https:\/\/provanum.com\/sv\/wp-json\/wp\/v2\/comments?post=7682"}],"version-history":[{"count":89,"href":"https:\/\/provanum.com\/sv\/wp-json\/wp\/v2\/pages\/7682\/revisions"}],"predecessor-version":[{"id":8769,"href":"https:\/\/provanum.com\/sv\/wp-json\/wp\/v2\/pages\/7682\/revisions\/8769"}],"wp:attachment":[{"href":"https:\/\/provanum.com\/sv\/wp-json\/wp\/v2\/media?parent=7682"}],"curies":[{"name":"wp","href":"https:\/\/api.w.org\/{rel}","templated":true}]}}