{"id":7466,"date":"2017-10-14T23:00:18","date_gmt":"2017-10-14T21:00:18","guid":{"rendered":"https:\/\/provanum.com\/?page_id=7466"},"modified":"2020-09-09T14:26:58","modified_gmt":"2020-09-09T12:26:58","slug":"trix-online-services","status":"publish","type":"page","link":"https:\/\/provanum.com\/sv\/trix-online-services\/","title":{"rendered":"Trix Online Services"},"content":{"rendered":"<div class=\"wpb-content-wrapper\">[vc_row][vc_column width=&#8221;2\/3&#8243;][vc_column_text]V\u00e5r support och v\u00e5ra vanligaste specialisttj\u00e4nster till Trix-produkterna kan utf\u00f6ras via internet. Vi kallar det Trix Online Services.\u00a0 Syftet \u00e4r att finnas tillg\u00e4ngliga med endast n\u00e5gra knapptryckningar, antingen via e-post, chatt eller via fj\u00e4rruppkoppling.\u00a0Se olika s\u00e4tt att kontakta oss i sidans fot.[\/vc_column_text][vc_message message_box_color=&#8221;white&#8221; icon_type=&#8221;pixelicons&#8221; icon_pixelicons=&#8221;vc_pixel_icon vc_pixel_icon-tick&#8221;]<span style=\"color: #000000;\">V\u00e5r tidsbokning kan kontaktas genom v\u00e5r PTS Helpdesk. Helpdesken \u00e4r bemannad p\u00e5 dagtid i tidzonerna CET (Central European time) till EDT (Eastern Daylite Time, American) mellan kl 7 \u2013 19.<\/span>[\/vc_message][vc_message message_box_color=&#8221;white&#8221; icon_type=&#8221;pixelicons&#8221; icon_pixelicons=&#8221;vc_pixel_icon vc_pixel_icon-tick&#8221;]<span style=\"color: #000000;\">V\u00e5r support \u00e4r tillg\u00e4nglig direkt. \u00c4renden besvaras direkt eller snabbast m\u00f6jligt.<\/span>[\/vc_message][vc_message message_box_color=&#8221;white&#8221; icon_type=&#8221;pixelicons&#8221; icon_pixelicons=&#8221;vc_pixel_icon vc_pixel_icon-tick&#8221;]<span style=\"color: #000000;\">Vissa specialisttj\u00e4nster kr\u00e4ver st\u00f6rre tidsinsatser.\u00a0Dessa planeras genom tidsbokningar.<\/span>[\/vc_message][vc_message message_box_color=&#8221;white&#8221; icon_type=&#8221;pixelicons&#8221; icon_pixelicons=&#8221;vc_pixel_icon vc_pixel_icon-tick&#8221;]<span style=\"color: #000000;\">Vi kommer ocks\u00e5 att tillhandah\u00e5lla instruktionsfilmer och rena sj\u00e4lvstudiekurser f\u00f6r avtalskunder.<\/span>[\/vc_message][\/vc_column][vc_column width=&#8221;1\/3&#8243;][vc_single_image image=&#8221;5868&#8243; img_size=&#8221;full&#8221;][\/vc_column][\/vc_row]\n<\/div>","protected":false},"excerpt":{"rendered":"<p>[vc_row][vc_column width=&#8221;2\/3&#8243;][vc_column_text]V\u00e5r support och v\u00e5ra vanligaste specialisttj\u00e4nster till Trix-produkterna kan utf\u00f6ras via internet. Vi kallar det Trix Online Services.\u00a0 Syftet \u00e4r att finnas tillg\u00e4ngliga med endast n\u00e5gra knapptryckningar, antingen via e-post, chatt eller via fj\u00e4rruppkoppling.\u00a0Se olika s\u00e4tt att kontakta oss i sidans fot.[\/vc_column_text][vc_message message_box_color=&#8221;white&#8221; icon_type=&#8221;pixelicons&#8221; icon_pixelicons=&#8221;vc_pixel_icon vc_pixel_icon-tick&#8221;]V\u00e5r tidsbokning kan kontaktas genom v\u00e5r PTS Helpdesk. Helpdesken [&hellip;]<\/p>\n","protected":false},"author":3,"featured_media":0,"parent":0,"menu_order":0,"comment_status":"closed","ping_status":"closed","template":"","meta":{"_acf_changed":false,"footnotes":""},"class_list":["post-7466","page","type-page","status-publish","hentry"],"translation":{"provider":"WPGlobus","version":"3.0.2","language":"sv","enabled_languages":["en","sv"],"languages":{"en":{"title":true,"content":true,"excerpt":false},"sv":{"title":true,"content":true,"excerpt":false}}},"acf":[],"yoast_head":"<!-- This site is optimized with the Yoast SEO plugin v27.4 - https:\/\/yoast.com\/product\/yoast-seo-wordpress\/ -->\n<title>Trix Online Services - Provanum<\/title>\n<meta name=\"robots\" content=\"index, follow, max-snippet:-1, max-image-preview:large, max-video-preview:-1\" \/>\n<link rel=\"canonical\" href=\"https:\/\/provanum.com\/trix-online-services\/\" \/>\n<meta name=\"twitter:label1\" content=\"Ber\u00e4knad l\u00e4stid\" \/>\n\t<meta name=\"twitter:data1\" content=\"2 minuter\" \/>\n<script type=\"application\/ld+json\" class=\"yoast-schema-graph\">{\"@context\":\"https:\\\/\\\/schema.org\",\"@graph\":[{\"@type\":\"WebPage\",\"@id\":\"https:\\\/\\\/provanum.com\\\/trix-online-services\\\/\",\"url\":\"https:\\\/\\\/provanum.com\\\/trix-online-services\\\/\",\"name\":\"Trix Online Services - Provanum\",\"isPartOf\":{\"@id\":\"https:\\\/\\\/provanum.com\\\/#website\"},\"datePublished\":\"2017-10-14T21:00:18+00:00\",\"dateModified\":\"2020-09-09T12:26:58+00:00\",\"breadcrumb\":{\"@id\":\"https:\\\/\\\/provanum.com\\\/trix-online-services\\\/#breadcrumb\"},\"inLanguage\":\"sv-SE\",\"potentialAction\":[{\"@type\":\"ReadAction\",\"target\":[\"https:\\\/\\\/provanum.com\\\/trix-online-services\\\/\"]}]},{\"@type\":\"BreadcrumbList\",\"@id\":\"https:\\\/\\\/provanum.com\\\/trix-online-services\\\/#breadcrumb\",\"itemListElement\":[{\"@type\":\"ListItem\",\"position\":1,\"name\":\"Home\",\"item\":\"https:\\\/\\\/provanum.com\\\/\"},{\"@type\":\"ListItem\",\"position\":2,\"name\":\"Trix Online Services\"}]},{\"@type\":\"WebSite\",\"@id\":\"https:\\\/\\\/provanum.com\\\/#website\",\"url\":\"https:\\\/\\\/provanum.com\\\/\",\"name\":\"Provanum\",\"description\":\"Ingenj\u00f6rsbaserad dokumenthantering\",\"publisher\":{\"@id\":\"https:\\\/\\\/provanum.com\\\/#organization\"},\"potentialAction\":[{\"@type\":\"SearchAction\",\"target\":{\"@type\":\"EntryPoint\",\"urlTemplate\":\"https:\\\/\\\/provanum.com\\\/?s={search_term_string}\"},\"query-input\":{\"@type\":\"PropertyValueSpecification\",\"valueRequired\":true,\"valueName\":\"search_term_string\"}}],\"inLanguage\":\"sv-SE\"},{\"@type\":\"Organization\",\"@id\":\"https:\\\/\\\/provanum.com\\\/#organization\",\"name\":\"Provanum\",\"url\":\"https:\\\/\\\/provanum.com\\\/\",\"logo\":{\"@type\":\"ImageObject\",\"inLanguage\":\"sv-SE\",\"@id\":\"https:\\\/\\\/provanum.com\\\/#\\\/schema\\\/logo\\\/image\\\/\",\"url\":\"https:\\\/\\\/provanum.com\\\/wp-content\\\/uploads\\\/2015\\\/01\\\/TrixSolution2.png\",\"contentUrl\":\"https:\\\/\\\/provanum.com\\\/wp-content\\\/uploads\\\/2015\\\/01\\\/TrixSolution2.png\",\"width\":300,\"height\":305,\"caption\":\"Provanum\"},\"image\":{\"@id\":\"https:\\\/\\\/provanum.com\\\/#\\\/schema\\\/logo\\\/image\\\/\"}}]}<\/script>\n<!-- \/ Yoast SEO plugin. -->","yoast_head_json":{"title":"Trix Online Services - Provanum","robots":{"index":"index","follow":"follow","max-snippet":"max-snippet:-1","max-image-preview":"max-image-preview:large","max-video-preview":"max-video-preview:-1"},"canonical":"https:\/\/provanum.com\/trix-online-services\/","twitter_misc":{"Ber\u00e4knad l\u00e4stid":"2 minuter"},"schema":{"@context":"https:\/\/schema.org","@graph":[{"@type":"WebPage","@id":"https:\/\/provanum.com\/trix-online-services\/","url":"https:\/\/provanum.com\/trix-online-services\/","name":"Trix Online Services - Provanum","isPartOf":{"@id":"https:\/\/provanum.com\/#website"},"datePublished":"2017-10-14T21:00:18+00:00","dateModified":"2020-09-09T12:26:58+00:00","breadcrumb":{"@id":"https:\/\/provanum.com\/trix-online-services\/#breadcrumb"},"inLanguage":"sv-SE","potentialAction":[{"@type":"ReadAction","target":["https:\/\/provanum.com\/trix-online-services\/"]}]},{"@type":"BreadcrumbList","@id":"https:\/\/provanum.com\/trix-online-services\/#breadcrumb","itemListElement":[{"@type":"ListItem","position":1,"name":"Home","item":"https:\/\/provanum.com\/"},{"@type":"ListItem","position":2,"name":"Trix Online Services"}]},{"@type":"WebSite","@id":"https:\/\/provanum.com\/#website","url":"https:\/\/provanum.com\/","name":"Provanum","description":"Ingenj\u00f6rsbaserad dokumenthantering","publisher":{"@id":"https:\/\/provanum.com\/#organization"},"potentialAction":[{"@type":"SearchAction","target":{"@type":"EntryPoint","urlTemplate":"https:\/\/provanum.com\/?s={search_term_string}"},"query-input":{"@type":"PropertyValueSpecification","valueRequired":true,"valueName":"search_term_string"}}],"inLanguage":"sv-SE"},{"@type":"Organization","@id":"https:\/\/provanum.com\/#organization","name":"Provanum","url":"https:\/\/provanum.com\/","logo":{"@type":"ImageObject","inLanguage":"sv-SE","@id":"https:\/\/provanum.com\/#\/schema\/logo\/image\/","url":"https:\/\/provanum.com\/wp-content\/uploads\/2015\/01\/TrixSolution2.png","contentUrl":"https:\/\/provanum.com\/wp-content\/uploads\/2015\/01\/TrixSolution2.png","width":300,"height":305,"caption":"Provanum"},"image":{"@id":"https:\/\/provanum.com\/#\/schema\/logo\/image\/"}}]}},"_links":{"self":[{"href":"https:\/\/provanum.com\/sv\/wp-json\/wp\/v2\/pages\/7466","targetHints":{"allow":["GET"]}}],"collection":[{"href":"https:\/\/provanum.com\/sv\/wp-json\/wp\/v2\/pages"}],"about":[{"href":"https:\/\/provanum.com\/sv\/wp-json\/wp\/v2\/types\/page"}],"author":[{"embeddable":true,"href":"https:\/\/provanum.com\/sv\/wp-json\/wp\/v2\/users\/3"}],"replies":[{"embeddable":true,"href":"https:\/\/provanum.com\/sv\/wp-json\/wp\/v2\/comments?post=7466"}],"version-history":[{"count":23,"href":"https:\/\/provanum.com\/sv\/wp-json\/wp\/v2\/pages\/7466\/revisions"}],"predecessor-version":[{"id":8217,"href":"https:\/\/provanum.com\/sv\/wp-json\/wp\/v2\/pages\/7466\/revisions\/8217"}],"wp:attachment":[{"href":"https:\/\/provanum.com\/sv\/wp-json\/wp\/v2\/media?parent=7466"}],"curies":[{"name":"wp","href":"https:\/\/api.w.org\/{rel}","templated":true}]}}