{"id":7317,"date":"2017-10-09T00:15:28","date_gmt":"2017-10-08T22:15:28","guid":{"rendered":"https:\/\/provanum.com\/?page_id=7317"},"modified":"2021-10-03T12:45:47","modified_gmt":"2021-10-03T10:45:47","slug":"agreements","status":"publish","type":"page","link":"https:\/\/provanum.com\/sv\/avtalstyper\/","title":{"rendered":"Avtalstyper"},"content":{"rendered":"<div class=\"wpb-content-wrapper\">[vc_row][vc_column width=&#8221;2\/3&#8243;][vc_column_text css=&#8221;.vc_custom_1632923453799{margin-bottom: 0px !important;}&#8221;]\n<h1>Avtalstyper<\/h1>\n<p>V\u00e5ra aff\u00e4rsrelationer ska vara l\u00e5ngsiktiga och baserade p\u00e5 \u00f6msesidigt f\u00f6rtroende. De avtalstyper vi rekommenderar t\u00e4cker upp olika delar av v\u00e5ra erbjudanden med m\u00e5let att aff\u00e4rsrelationen g\u00f6rs p\u00e5 en gemensam grund. Det \u00e4r n\u00f6dv\u00e4ndigt att olika rutiner synkroniseras s\u00e5 att aff\u00e4rsrelationen kan flyta smidigt.<\/p>\n<p>Vi tecknar nedanst\u00e5ende avtal.\u00a0Avtalen f\u00f6ljs upp \u00e5rsvis s\u00e5 att aff\u00e4rsrelationen kan revideras l\u00f6pande vid behov.[\/vc_column_text][vc_toggle title=&#8221;Licensavtal&#8221; el_id=&#8221;1508015394166-c7b0a30c-117a&#8221; el_class=&#8221;faq-style&#8221;]Avtal om den den immateriella r\u00e4tten att nyttja Trix-produkterna. Licensavtalet reglerar villkoren som i huvudsak ger anv\u00e4ndarens organisation r\u00e4tten att nyttja programvaran s\u00e5 l\u00e4nge \u00f6verenskomna avgifter \u00e4r betalda.[\/vc_toggle][vc_toggle title=&#8221;Abonnemangsavtal&#8221; el_id=&#8221;1508015503898-4bb63317-a748&#8243; el_class=&#8221;faq-style&#8221;]Avtal om \u00e5rliga uppdateringar i syfte att h\u00e5lla Trix-produkterna moderna. Abonnemangsavtalet reglerar villkoren f\u00f6r de programuppdateringar som publiceras under avtalsperioden.[\/vc_toggle][vc_toggle title=&#8221;Programsupportavtal&#8221; el_id=&#8221;1508015597976-d8fc446d-cd02&#8243; el_class=&#8221;faq-style&#8221;]Avtal om\u00a0 programsupporten i det dagliga arbetet.\u00a0Programsupportavtalet reglerar villkoren f\u00f6r de supportbehov som l\u00f6pande uppst\u00e5r i det dagliga arbetet.[\/vc_toggle][vc_toggle title=&#8221;Specialistsupportavtal&#8221; el_id=&#8221;1508015638448-2b7745db-b738&#8243; el_class=&#8221;faq-style&#8221;]Avtal om tillg\u00e5ng till\u00a0specialistkunskap n\u00e4r behovet uppst\u00e5r.\u00a0Specialistsupportavtalet reglerar villkoren f\u00f6r behovet av specialister som uppst\u00e5r i verksamheten. Specialister \u00e4r inte tillg\u00e4ngliga p\u00e5 samma s\u00e4tt programsupporten och uppdragen \u00e4r normalt betydligt l\u00e4ngre.[\/vc_toggle][\/vc_column][vc_column width=&#8221;1\/3&#8243;][vc_single_image image=&#8221;5078&#8243; img_size=&#8221;full&#8221;][\/vc_column][\/vc_row]\n<\/div>","protected":false},"excerpt":{"rendered":"<p>[vc_row][vc_column width=&#8221;2\/3&#8243;][vc_column_text css=&#8221;.vc_custom_1632923453799{margin-bottom: 0px !important;}&#8221;] Avtalstyper V\u00e5ra aff\u00e4rsrelationer ska vara l\u00e5ngsiktiga och baserade p\u00e5 \u00f6msesidigt f\u00f6rtroende. De avtalstyper vi rekommenderar t\u00e4cker upp olika delar av v\u00e5ra erbjudanden med m\u00e5let att aff\u00e4rsrelationen g\u00f6rs p\u00e5 en gemensam grund. Det \u00e4r n\u00f6dv\u00e4ndigt att olika rutiner synkroniseras s\u00e5 att aff\u00e4rsrelationen kan flyta smidigt. Vi tecknar nedanst\u00e5ende avtal.\u00a0Avtalen f\u00f6ljs upp [&hellip;]<\/p>\n","protected":false},"author":3,"featured_media":0,"parent":0,"menu_order":0,"comment_status":"closed","ping_status":"closed","template":"","meta":[],"translation":{"provider":"WPGlobus","version":"3.0.0","language":"sv","enabled_languages":["en","sv"],"languages":{"en":{"title":true,"content":true,"excerpt":false},"sv":{"title":true,"content":true,"excerpt":false}}},"yoast_head":"<!-- This site is optimized with the Yoast SEO plugin v19.9 - https:\/\/yoast.com\/wordpress\/plugins\/seo\/ -->\n<title>Avtalstyper - Provanum<\/title>\n<meta name=\"robots\" content=\"index, follow, max-snippet:-1, max-image-preview:large, max-video-preview:-1\" \/>\n<link rel=\"canonical\" href=\"https:\/\/provanum.com\/agreements\/\" \/>\n<meta name=\"twitter:label1\" content=\"Ber\u00e4knad l\u00e4stid\" \/>\n\t<meta name=\"twitter:data1\" content=\"1 minut\" \/>\n<script type=\"application\/ld+json\" class=\"yoast-schema-graph\">{\"@context\":\"https:\/\/schema.org\",\"@graph\":[{\"@type\":\"WebPage\",\"@id\":\"https:\/\/provanum.com\/agreements\/\",\"url\":\"https:\/\/provanum.com\/agreements\/\",\"name\":\"Avtalstyper - Provanum\",\"isPartOf\":{\"@id\":\"https:\/\/provanum.com\/#website\"},\"datePublished\":\"2017-10-08T22:15:28+00:00\",\"dateModified\":\"2021-10-03T10:45:47+00:00\",\"breadcrumb\":{\"@id\":\"https:\/\/provanum.com\/agreements\/#breadcrumb\"},\"inLanguage\":\"sv-SE\",\"potentialAction\":[{\"@type\":\"ReadAction\",\"target\":[\"https:\/\/provanum.com\/agreements\/\"]}]},{\"@type\":\"BreadcrumbList\",\"@id\":\"https:\/\/provanum.com\/agreements\/#breadcrumb\",\"itemListElement\":[{\"@type\":\"ListItem\",\"position\":1,\"name\":\"Home\",\"item\":\"https:\/\/provanum.com\/\"},{\"@type\":\"ListItem\",\"position\":2,\"name\":\"Agreements\"}]},{\"@type\":\"WebSite\",\"@id\":\"https:\/\/provanum.com\/#website\",\"url\":\"https:\/\/provanum.com\/\",\"name\":\"Provanum\",\"description\":\"Ingenj\u00f6rsbaserad dokumenthantering\",\"publisher\":{\"@id\":\"https:\/\/provanum.com\/#organization\"},\"potentialAction\":[{\"@type\":\"SearchAction\",\"target\":{\"@type\":\"EntryPoint\",\"urlTemplate\":\"https:\/\/provanum.com\/?s={search_term_string}\"},\"query-input\":\"required name=search_term_string\"}],\"inLanguage\":\"sv-SE\"},{\"@type\":\"Organization\",\"@id\":\"https:\/\/provanum.com\/#organization\",\"name\":\"Provanum\",\"url\":\"https:\/\/provanum.com\/\",\"logo\":{\"@type\":\"ImageObject\",\"inLanguage\":\"sv-SE\",\"@id\":\"https:\/\/provanum.com\/#\/schema\/logo\/image\/\",\"url\":\"https:\/\/provanum.com\/wp-content\/uploads\/2015\/01\/TrixSolution2.png\",\"contentUrl\":\"https:\/\/provanum.com\/wp-content\/uploads\/2015\/01\/TrixSolution2.png\",\"width\":300,\"height\":305,\"caption\":\"Provanum\"},\"image\":{\"@id\":\"https:\/\/provanum.com\/#\/schema\/logo\/image\/\"}}]}<\/script>\n<!-- \/ Yoast SEO plugin. -->","yoast_head_json":{"title":"Avtalstyper - Provanum","robots":{"index":"index","follow":"follow","max-snippet":"max-snippet:-1","max-image-preview":"max-image-preview:large","max-video-preview":"max-video-preview:-1"},"canonical":"https:\/\/provanum.com\/agreements\/","twitter_misc":{"Ber\u00e4knad l\u00e4stid":"1 minut"},"schema":{"@context":"https:\/\/schema.org","@graph":[{"@type":"WebPage","@id":"https:\/\/provanum.com\/agreements\/","url":"https:\/\/provanum.com\/agreements\/","name":"Avtalstyper - Provanum","isPartOf":{"@id":"https:\/\/provanum.com\/#website"},"datePublished":"2017-10-08T22:15:28+00:00","dateModified":"2021-10-03T10:45:47+00:00","breadcrumb":{"@id":"https:\/\/provanum.com\/agreements\/#breadcrumb"},"inLanguage":"sv-SE","potentialAction":[{"@type":"ReadAction","target":["https:\/\/provanum.com\/agreements\/"]}]},{"@type":"BreadcrumbList","@id":"https:\/\/provanum.com\/agreements\/#breadcrumb","itemListElement":[{"@type":"ListItem","position":1,"name":"Home","item":"https:\/\/provanum.com\/"},{"@type":"ListItem","position":2,"name":"Agreements"}]},{"@type":"WebSite","@id":"https:\/\/provanum.com\/#website","url":"https:\/\/provanum.com\/","name":"Provanum","description":"Ingenj\u00f6rsbaserad dokumenthantering","publisher":{"@id":"https:\/\/provanum.com\/#organization"},"potentialAction":[{"@type":"SearchAction","target":{"@type":"EntryPoint","urlTemplate":"https:\/\/provanum.com\/?s={search_term_string}"},"query-input":"required name=search_term_string"}],"inLanguage":"sv-SE"},{"@type":"Organization","@id":"https:\/\/provanum.com\/#organization","name":"Provanum","url":"https:\/\/provanum.com\/","logo":{"@type":"ImageObject","inLanguage":"sv-SE","@id":"https:\/\/provanum.com\/#\/schema\/logo\/image\/","url":"https:\/\/provanum.com\/wp-content\/uploads\/2015\/01\/TrixSolution2.png","contentUrl":"https:\/\/provanum.com\/wp-content\/uploads\/2015\/01\/TrixSolution2.png","width":300,"height":305,"caption":"Provanum"},"image":{"@id":"https:\/\/provanum.com\/#\/schema\/logo\/image\/"}}]}},"_links":{"self":[{"href":"https:\/\/provanum.com\/sv\/wp-json\/wp\/v2\/pages\/7317"}],"collection":[{"href":"https:\/\/provanum.com\/sv\/wp-json\/wp\/v2\/pages"}],"about":[{"href":"https:\/\/provanum.com\/sv\/wp-json\/wp\/v2\/types\/page"}],"author":[{"embeddable":true,"href":"https:\/\/provanum.com\/sv\/wp-json\/wp\/v2\/users\/3"}],"replies":[{"embeddable":true,"href":"https:\/\/provanum.com\/sv\/wp-json\/wp\/v2\/comments?post=7317"}],"version-history":[{"count":9,"href":"https:\/\/provanum.com\/sv\/wp-json\/wp\/v2\/pages\/7317\/revisions"}],"predecessor-version":[{"id":9948,"href":"https:\/\/provanum.com\/sv\/wp-json\/wp\/v2\/pages\/7317\/revisions\/9948"}],"wp:attachment":[{"href":"https:\/\/provanum.com\/sv\/wp-json\/wp\/v2\/media?parent=7317"}],"curies":[{"name":"wp","href":"https:\/\/api.w.org\/{rel}","templated":true}]}}