{"id":7218,"date":"2017-10-08T17:49:31","date_gmt":"2017-10-08T15:49:31","guid":{"rendered":"https:\/\/provanum.com\/?page_id=7218"},"modified":"2021-09-29T14:15:32","modified_gmt":"2021-09-29T12:15:32","slug":"industrial-producers","status":"publish","type":"page","link":"https:\/\/provanum.com\/sv\/produktion\/industriproducenter\/","title":{"rendered":"Industriproducenter"},"content":{"rendered":"<div class=\"wpb-content-wrapper\">[vc_row][vc_column width=&#8221;2\/3&#8243;][vc_column_text css=&#8221;.vc_custom_1632917726502{margin-bottom: 0px !important;}&#8221;]\n<h1>Industriproducenter<\/h1>\n<p>Industriproducenter har en stor samling tekniska dokument och information att f\u00f6rvalta. Kraven p\u00e5 informationens tillg\u00e4nglighet och kvalitet \u00e4r h\u00f6ga, eftersom felaktigheter kan \u00e4ventyra driften. Ett on\u00f6digt haveri kan bli mycket kostsamt. Omfattningen av dokumentationen \u00e4r oftast mycket stor, exempelvis 150 000 ritningar, 5 000 manualer, 500 riskanalyser och 75 000 utrustningsidentiteter. All denna information l\u00e4nkas samman s\u00e5 att s\u00f6kningar kan snabbas upp och bli mer effektiva.<\/p>\n<p>Utrustningens dokumentation m\u00e5ste finnas tillg\u00e4nglig med sekundsnabb s\u00f6kning och vara aktuell. Vid \u00e4ndringar kr\u00e4vs omfattande kontroller av de genomf\u00f6rda f\u00f6r\u00e4ndringarna innan de kan godk\u00e4nnas.<\/p>\n<p>Det \u00e4r inte l\u00e4ngre m\u00f6jligt att hantera denna m\u00e4ngd information manuellt. Konkurrenssituationen i kombination med dagens h\u00f6ga kvalitetskrav s\u00e4tter stopp f\u00f6r det. Inte heller kan otill\u00e5ten f\u00f6r\u00e4ndring av granskad och godk\u00e4nd information till\u00e5tas. Har man v\u00e4l funnit en god ordning ska den bibeh\u00e5llas och f\u00f6rb\u00e4ttras, inte raseras genom ogenomt\u00e4nkta inleveranser eller kopiering av information utom kontroll.<\/p>\n<p>Den digitala omfattningen av teknisk information i kombination med marknadskraven ovan inneb\u00e4r att endast robusta\u00a0funktioner som verkligen st\u00f6djer de aktuella arbetsprocesserna kan g\u00f6ra nytta. F\u00f6renklingar och personbundna l\u00f6sningar av de uppst\u00e4llda behoven kommer inte att s\u00e4kerst\u00e4lla kraven p\u00e5 l\u00e5ng sikt.[\/vc_column_text][\/vc_column][vc_column width=&#8221;1\/3&#8243;][vc_single_image image=&#8221;5934&#8243; img_size=&#8221;full&#8221;][\/vc_column][\/vc_row]\n<\/div>","protected":false},"excerpt":{"rendered":"<p>[vc_row][vc_column width=&#8221;2\/3&#8243;][vc_column_text css=&#8221;.vc_custom_1632917726502{margin-bottom: 0px !important;}&#8221;] Industriproducenter Industriproducenter har en stor samling tekniska dokument och information att f\u00f6rvalta. Kraven p\u00e5 informationens tillg\u00e4nglighet och kvalitet \u00e4r h\u00f6ga, eftersom felaktigheter kan \u00e4ventyra driften. Ett on\u00f6digt haveri kan bli mycket kostsamt. Omfattningen av dokumentationen \u00e4r oftast mycket stor, exempelvis 150 000 ritningar, 5 000 manualer, 500 riskanalyser och 75 [&hellip;]<\/p>\n","protected":false},"author":3,"featured_media":0,"parent":4816,"menu_order":0,"comment_status":"closed","ping_status":"closed","template":"","meta":{"_acf_changed":false,"footnotes":""},"class_list":["post-7218","page","type-page","status-publish","hentry"],"translation":{"provider":"WPGlobus","version":"3.0.2","language":"sv","enabled_languages":["en","sv"],"languages":{"en":{"title":true,"content":true,"excerpt":false},"sv":{"title":true,"content":true,"excerpt":false}}},"acf":[],"yoast_head":"<!-- This site is optimized with the Yoast SEO plugin v27.4 - https:\/\/yoast.com\/product\/yoast-seo-wordpress\/ -->\n<title>Industriproducenter - Provanum<\/title>\n<meta name=\"robots\" content=\"index, follow, max-snippet:-1, max-image-preview:large, max-video-preview:-1\" \/>\n<link rel=\"canonical\" href=\"https:\/\/provanum.com\/production\/industrial-producers\/\" \/>\n<meta name=\"twitter:label1\" content=\"Ber\u00e4knad l\u00e4stid\" \/>\n\t<meta name=\"twitter:data1\" content=\"1 minut\" \/>\n<script type=\"application\/ld+json\" class=\"yoast-schema-graph\">{\"@context\":\"https:\\\/\\\/schema.org\",\"@graph\":[{\"@type\":\"WebPage\",\"@id\":\"https:\\\/\\\/provanum.com\\\/production\\\/industrial-producers\\\/\",\"url\":\"https:\\\/\\\/provanum.com\\\/production\\\/industrial-producers\\\/\",\"name\":\"Industriproducenter - Provanum\",\"isPartOf\":{\"@id\":\"https:\\\/\\\/provanum.com\\\/#website\"},\"datePublished\":\"2017-10-08T15:49:31+00:00\",\"dateModified\":\"2021-09-29T12:15:32+00:00\",\"breadcrumb\":{\"@id\":\"https:\\\/\\\/provanum.com\\\/production\\\/industrial-producers\\\/#breadcrumb\"},\"inLanguage\":\"sv-SE\",\"potentialAction\":[{\"@type\":\"ReadAction\",\"target\":[\"https:\\\/\\\/provanum.com\\\/production\\\/industrial-producers\\\/\"]}]},{\"@type\":\"BreadcrumbList\",\"@id\":\"https:\\\/\\\/provanum.com\\\/production\\\/industrial-producers\\\/#breadcrumb\",\"itemListElement\":[{\"@type\":\"ListItem\",\"position\":1,\"name\":\"Home\",\"item\":\"https:\\\/\\\/provanum.com\\\/\"},{\"@type\":\"ListItem\",\"position\":2,\"name\":\"Production\",\"item\":\"https:\\\/\\\/provanum.com\\\/production\\\/\"},{\"@type\":\"ListItem\",\"position\":3,\"name\":\"Industrial producers\"}]},{\"@type\":\"WebSite\",\"@id\":\"https:\\\/\\\/provanum.com\\\/#website\",\"url\":\"https:\\\/\\\/provanum.com\\\/\",\"name\":\"Provanum\",\"description\":\"Ingenj\u00f6rsbaserad dokumenthantering\",\"publisher\":{\"@id\":\"https:\\\/\\\/provanum.com\\\/#organization\"},\"potentialAction\":[{\"@type\":\"SearchAction\",\"target\":{\"@type\":\"EntryPoint\",\"urlTemplate\":\"https:\\\/\\\/provanum.com\\\/?s={search_term_string}\"},\"query-input\":{\"@type\":\"PropertyValueSpecification\",\"valueRequired\":true,\"valueName\":\"search_term_string\"}}],\"inLanguage\":\"sv-SE\"},{\"@type\":\"Organization\",\"@id\":\"https:\\\/\\\/provanum.com\\\/#organization\",\"name\":\"Provanum\",\"url\":\"https:\\\/\\\/provanum.com\\\/\",\"logo\":{\"@type\":\"ImageObject\",\"inLanguage\":\"sv-SE\",\"@id\":\"https:\\\/\\\/provanum.com\\\/#\\\/schema\\\/logo\\\/image\\\/\",\"url\":\"https:\\\/\\\/provanum.com\\\/wp-content\\\/uploads\\\/2015\\\/01\\\/TrixSolution2.png\",\"contentUrl\":\"https:\\\/\\\/provanum.com\\\/wp-content\\\/uploads\\\/2015\\\/01\\\/TrixSolution2.png\",\"width\":300,\"height\":305,\"caption\":\"Provanum\"},\"image\":{\"@id\":\"https:\\\/\\\/provanum.com\\\/#\\\/schema\\\/logo\\\/image\\\/\"}}]}<\/script>\n<!-- \/ Yoast SEO plugin. -->","yoast_head_json":{"title":"Industriproducenter - Provanum","robots":{"index":"index","follow":"follow","max-snippet":"max-snippet:-1","max-image-preview":"max-image-preview:large","max-video-preview":"max-video-preview:-1"},"canonical":"https:\/\/provanum.com\/production\/industrial-producers\/","twitter_misc":{"Ber\u00e4knad l\u00e4stid":"1 minut"},"schema":{"@context":"https:\/\/schema.org","@graph":[{"@type":"WebPage","@id":"https:\/\/provanum.com\/production\/industrial-producers\/","url":"https:\/\/provanum.com\/production\/industrial-producers\/","name":"Industriproducenter - Provanum","isPartOf":{"@id":"https:\/\/provanum.com\/#website"},"datePublished":"2017-10-08T15:49:31+00:00","dateModified":"2021-09-29T12:15:32+00:00","breadcrumb":{"@id":"https:\/\/provanum.com\/production\/industrial-producers\/#breadcrumb"},"inLanguage":"sv-SE","potentialAction":[{"@type":"ReadAction","target":["https:\/\/provanum.com\/production\/industrial-producers\/"]}]},{"@type":"BreadcrumbList","@id":"https:\/\/provanum.com\/production\/industrial-producers\/#breadcrumb","itemListElement":[{"@type":"ListItem","position":1,"name":"Home","item":"https:\/\/provanum.com\/"},{"@type":"ListItem","position":2,"name":"Production","item":"https:\/\/provanum.com\/production\/"},{"@type":"ListItem","position":3,"name":"Industrial producers"}]},{"@type":"WebSite","@id":"https:\/\/provanum.com\/#website","url":"https:\/\/provanum.com\/","name":"Provanum","description":"Ingenj\u00f6rsbaserad dokumenthantering","publisher":{"@id":"https:\/\/provanum.com\/#organization"},"potentialAction":[{"@type":"SearchAction","target":{"@type":"EntryPoint","urlTemplate":"https:\/\/provanum.com\/?s={search_term_string}"},"query-input":{"@type":"PropertyValueSpecification","valueRequired":true,"valueName":"search_term_string"}}],"inLanguage":"sv-SE"},{"@type":"Organization","@id":"https:\/\/provanum.com\/#organization","name":"Provanum","url":"https:\/\/provanum.com\/","logo":{"@type":"ImageObject","inLanguage":"sv-SE","@id":"https:\/\/provanum.com\/#\/schema\/logo\/image\/","url":"https:\/\/provanum.com\/wp-content\/uploads\/2015\/01\/TrixSolution2.png","contentUrl":"https:\/\/provanum.com\/wp-content\/uploads\/2015\/01\/TrixSolution2.png","width":300,"height":305,"caption":"Provanum"},"image":{"@id":"https:\/\/provanum.com\/#\/schema\/logo\/image\/"}}]}},"_links":{"self":[{"href":"https:\/\/provanum.com\/sv\/wp-json\/wp\/v2\/pages\/7218","targetHints":{"allow":["GET"]}}],"collection":[{"href":"https:\/\/provanum.com\/sv\/wp-json\/wp\/v2\/pages"}],"about":[{"href":"https:\/\/provanum.com\/sv\/wp-json\/wp\/v2\/types\/page"}],"author":[{"embeddable":true,"href":"https:\/\/provanum.com\/sv\/wp-json\/wp\/v2\/users\/3"}],"replies":[{"embeddable":true,"href":"https:\/\/provanum.com\/sv\/wp-json\/wp\/v2\/comments?post=7218"}],"version-history":[{"count":4,"href":"https:\/\/provanum.com\/sv\/wp-json\/wp\/v2\/pages\/7218\/revisions"}],"predecessor-version":[{"id":9464,"href":"https:\/\/provanum.com\/sv\/wp-json\/wp\/v2\/pages\/7218\/revisions\/9464"}],"up":[{"embeddable":true,"href":"https:\/\/provanum.com\/sv\/wp-json\/wp\/v2\/pages\/4816"}],"wp:attachment":[{"href":"https:\/\/provanum.com\/sv\/wp-json\/wp\/v2\/media?parent=7218"}],"curies":[{"name":"wp","href":"https:\/\/api.w.org\/{rel}","templated":true}]}}