{"id":6367,"date":"2015-03-15T12:49:22","date_gmt":"2015-03-15T12:49:22","guid":{"rendered":"https:\/\/provanum.com\/?page_id=6367"},"modified":"2022-10-05T16:39:29","modified_gmt":"2022-10-05T14:39:29","slug":"want-to-know-how-to-save-money","status":"publish","type":"page","link":"https:\/\/provanum.com\/sv\/vill-du-veta-hur-du-sparar-pengar\/","title":{"rendered":"Vill du veta hur du sparar pengar?"},"content":{"rendered":"<div class=\"wpb-content-wrapper\">[vc_row][vc_column width=&#8221;2\/3&#8243;][vc_column_text css=&#8221;.vc_custom_1664980781874{margin-bottom: 0px !important;}&#8221;]\n<h1>Vill du veta hur du sparar pengar?<\/h1>\n<p><strong>Att finna s\u00f6kt och riktig information, av senaste version och i r\u00e4tt tid, \u00e4r definitivt ledstj\u00e4rnan i all informationshantering. Just att kunna s\u00f6ka information m\u00e5ste fokuseras p\u00e5 behoven hos de olika anv\u00e4ndarnas roller som f\u00f6rekommer inom organisationen. Uttrycker \u201dp\u00e5 ett enkelt s\u00e4tt\u201d, beskriver olika f\u00f6r olika individer och roller.<\/strong><\/p>\n<p>Medarbetare spenderar mycket tid f\u00f6r att s\u00f6ka efter information. Unders\u00f6kningar visar att det kan r\u00f6ra sig om flera timmar per dag och medarbetare. Rationaliseringseffekten \u00e4r enorm, tyv\u00e4rr f\u00f6rdelar sig g\u00e4rna dessa kostnader ut p\u00e5 m\u00e5nga olika kostnadskonton, och kan d\u00e4rf\u00f6r inte enkelt h\u00e4rledas.\u00a0Detta hindrar ofta rationella beslut om optimala investeringar, exempelvis att det inte r\u00e4cker att k\u00f6pa ett system, det m\u00e5ste ocks\u00e5 g\u00f6ras n\u00e5got \u00e5t informationen och hur hanteringen av den skall sk\u00f6tas.<\/p>\n<p>Tabellen nedan visar hur en enkel kalkyl redovisar hur n\u00e5gra dagliga minuter per anv\u00e4ndare blir m\u00e5nga under ett helt \u00e5r.<\/p>\n<p><strong>Eng\u00e5ngskostnaden f\u00f6r inf\u00f6randet av exempelvis Trix Organizer f\u00f6r 10 anv\u00e4ndare inklusive f\u00f6rstudie, licenser, installation, utbildning och processbeskrivningar uppg\u00e5r till ca 450 000 kr.<\/strong>[\/vc_column_text][vc_tta_tabs][vc_tta_section title=&#8221;L\u00f6sning med Trix Organizer&#8221; tab_id=&#8221;1508370123461-b583faf0-18ac&#8221;][mk_table]\n<table width=\"100%\">\n<thead>\n<tr>\n<th style=\"text-align: center;\">Process f\u00f6r 10 anv\u00e4ndare<\/th>\n<th style=\"text-align: center;\">Minuter per dag<\/th>\n<th style=\"text-align: center;\">Sparar 50 %<\/th>\n<th style=\"text-align: center;\">Sparade minuter per \u00e5r<\/th>\n<\/tr>\n<\/thead>\n<tbody>\n<tr>\n<td>Hitta korrekta dokument<\/td>\n<td>30<\/td>\n<td>15<\/td>\n<td>15 x 235 = 3525<\/td>\n<\/tr>\n<tr>\n<td>Skapa nya dokument<\/td>\n<td>15<\/td>\n<td>8<\/td>\n<td>8 x 235 = 1 880<\/td>\n<\/tr>\n<tr>\n<td>Hitta gamla versioner<\/td>\n<td>10<\/td>\n<td>5<\/td>\n<td>5 x 235 = 1 175<\/td>\n<\/tr>\n<tr>\n<td>Rapportering och digital distribution<\/td>\n<td>30<\/td>\n<td>15<\/td>\n<td>15 x 235 = 3525<\/td>\n<\/tr>\n<tr>\n<td>Digital hantering av ritningar<\/td>\n<td>40<\/td>\n<td>20<\/td>\n<td>20 x 235 = 4 700<\/td>\n<\/tr>\n<tr>\n<td>S\u00f6kning av egenskaper i ritningar<\/td>\n<td>40<\/td>\n<td>20<\/td>\n<td>20 x 235 = 4 700<\/td>\n<\/tr>\n<tr>\n<td>Total tid i\u00a0 minuter per \u00e5r<\/td>\n<td><\/td>\n<td><\/td>\n<td>195 050 (10 anv)<\/td>\n<\/tr>\n<tr>\n<td>Total tid omr\u00e4knat i timmar<\/td>\n<td><\/td>\n<td><\/td>\n<td>\u00a03 250 tim<\/td>\n<\/tr>\n<tr>\n<td>\u00c5rsarbetstid och timkostnad<\/td>\n<td><\/td>\n<td><\/td>\n<td>235 dagar och 400 kr<\/td>\n<\/tr>\n<tr>\n<td><strong>POTENTIELL BESPARING PER \u00c5R<\/strong><\/td>\n<td><\/td>\n<td><\/td>\n<td>\u00a01 300 000 kr<\/td>\n<\/tr>\n<\/tbody>\n<\/table>\n[\/mk_table][\/vc_tta_section][\/vc_tta_tabs][\/vc_column][vc_column width=&#8221;1\/3&#8243;][vc_single_image image=&#8221;6973&#8243; img_size=&#8221;full&#8221;][\/vc_column][\/vc_row]\n<\/div>","protected":false},"excerpt":{"rendered":"<p>[vc_row][vc_column width=&#8221;2\/3&#8243;][vc_column_text css=&#8221;.vc_custom_1664980781874{margin-bottom: 0px !important;}&#8221;] Vill du veta hur du sparar pengar? Att finna s\u00f6kt och riktig information, av senaste version och i r\u00e4tt tid, \u00e4r definitivt ledstj\u00e4rnan i all informationshantering. Just att kunna s\u00f6ka information m\u00e5ste fokuseras p\u00e5 behoven hos de olika anv\u00e4ndarnas roller som f\u00f6rekommer inom organisationen. Uttrycker \u201dp\u00e5 ett enkelt s\u00e4tt\u201d, beskriver [&hellip;]<\/p>\n","protected":false},"author":3,"featured_media":0,"parent":0,"menu_order":0,"comment_status":"closed","ping_status":"open","template":"","meta":[],"translation":{"provider":"WPGlobus","version":"3.0.0","language":"sv","enabled_languages":["en","sv"],"languages":{"en":{"title":true,"content":true,"excerpt":false},"sv":{"title":true,"content":true,"excerpt":false}}},"yoast_head":"<!-- This site is optimized with the Yoast SEO plugin v19.9 - https:\/\/yoast.com\/wordpress\/plugins\/seo\/ -->\n<title>Vill du veta hur du sparar pengar? - Provanum<\/title>\n<meta name=\"robots\" content=\"index, follow, max-snippet:-1, max-image-preview:large, max-video-preview:-1\" \/>\n<link rel=\"canonical\" href=\"https:\/\/provanum.com\/want-to-know-how-to-save-money\/\" \/>\n<meta name=\"twitter:label1\" content=\"Ber\u00e4knad l\u00e4stid\" \/>\n\t<meta name=\"twitter:data1\" content=\"3 minuter\" \/>\n<script type=\"application\/ld+json\" class=\"yoast-schema-graph\">{\"@context\":\"https:\/\/schema.org\",\"@graph\":[{\"@type\":\"WebPage\",\"@id\":\"https:\/\/provanum.com\/want-to-know-how-to-save-money\/\",\"url\":\"https:\/\/provanum.com\/want-to-know-how-to-save-money\/\",\"name\":\"Vill du veta hur du sparar pengar? - Provanum\",\"isPartOf\":{\"@id\":\"https:\/\/provanum.com\/#website\"},\"datePublished\":\"2015-03-15T12:49:22+00:00\",\"dateModified\":\"2022-10-05T14:39:29+00:00\",\"breadcrumb\":{\"@id\":\"https:\/\/provanum.com\/want-to-know-how-to-save-money\/#breadcrumb\"},\"inLanguage\":\"sv-SE\",\"potentialAction\":[{\"@type\":\"ReadAction\",\"target\":[\"https:\/\/provanum.com\/want-to-know-how-to-save-money\/\"]}]},{\"@type\":\"BreadcrumbList\",\"@id\":\"https:\/\/provanum.com\/want-to-know-how-to-save-money\/#breadcrumb\",\"itemListElement\":[{\"@type\":\"ListItem\",\"position\":1,\"name\":\"Home\",\"item\":\"https:\/\/provanum.com\/\"},{\"@type\":\"ListItem\",\"position\":2,\"name\":\"Want to know how to save money?\"}]},{\"@type\":\"WebSite\",\"@id\":\"https:\/\/provanum.com\/#website\",\"url\":\"https:\/\/provanum.com\/\",\"name\":\"Provanum\",\"description\":\"Ingenj\u00f6rsbaserad dokumenthantering\",\"publisher\":{\"@id\":\"https:\/\/provanum.com\/#organization\"},\"potentialAction\":[{\"@type\":\"SearchAction\",\"target\":{\"@type\":\"EntryPoint\",\"urlTemplate\":\"https:\/\/provanum.com\/?s={search_term_string}\"},\"query-input\":\"required name=search_term_string\"}],\"inLanguage\":\"sv-SE\"},{\"@type\":\"Organization\",\"@id\":\"https:\/\/provanum.com\/#organization\",\"name\":\"Provanum\",\"url\":\"https:\/\/provanum.com\/\",\"logo\":{\"@type\":\"ImageObject\",\"inLanguage\":\"sv-SE\",\"@id\":\"https:\/\/provanum.com\/#\/schema\/logo\/image\/\",\"url\":\"https:\/\/provanum.com\/wp-content\/uploads\/2015\/01\/TrixSolution2.png\",\"contentUrl\":\"https:\/\/provanum.com\/wp-content\/uploads\/2015\/01\/TrixSolution2.png\",\"width\":300,\"height\":305,\"caption\":\"Provanum\"},\"image\":{\"@id\":\"https:\/\/provanum.com\/#\/schema\/logo\/image\/\"}}]}<\/script>\n<!-- \/ Yoast SEO plugin. -->","yoast_head_json":{"title":"Vill du veta hur du sparar pengar? - Provanum","robots":{"index":"index","follow":"follow","max-snippet":"max-snippet:-1","max-image-preview":"max-image-preview:large","max-video-preview":"max-video-preview:-1"},"canonical":"https:\/\/provanum.com\/want-to-know-how-to-save-money\/","twitter_misc":{"Ber\u00e4knad l\u00e4stid":"3 minuter"},"schema":{"@context":"https:\/\/schema.org","@graph":[{"@type":"WebPage","@id":"https:\/\/provanum.com\/want-to-know-how-to-save-money\/","url":"https:\/\/provanum.com\/want-to-know-how-to-save-money\/","name":"Vill du veta hur du sparar pengar? - Provanum","isPartOf":{"@id":"https:\/\/provanum.com\/#website"},"datePublished":"2015-03-15T12:49:22+00:00","dateModified":"2022-10-05T14:39:29+00:00","breadcrumb":{"@id":"https:\/\/provanum.com\/want-to-know-how-to-save-money\/#breadcrumb"},"inLanguage":"sv-SE","potentialAction":[{"@type":"ReadAction","target":["https:\/\/provanum.com\/want-to-know-how-to-save-money\/"]}]},{"@type":"BreadcrumbList","@id":"https:\/\/provanum.com\/want-to-know-how-to-save-money\/#breadcrumb","itemListElement":[{"@type":"ListItem","position":1,"name":"Home","item":"https:\/\/provanum.com\/"},{"@type":"ListItem","position":2,"name":"Want to know how to save money?"}]},{"@type":"WebSite","@id":"https:\/\/provanum.com\/#website","url":"https:\/\/provanum.com\/","name":"Provanum","description":"Ingenj\u00f6rsbaserad dokumenthantering","publisher":{"@id":"https:\/\/provanum.com\/#organization"},"potentialAction":[{"@type":"SearchAction","target":{"@type":"EntryPoint","urlTemplate":"https:\/\/provanum.com\/?s={search_term_string}"},"query-input":"required name=search_term_string"}],"inLanguage":"sv-SE"},{"@type":"Organization","@id":"https:\/\/provanum.com\/#organization","name":"Provanum","url":"https:\/\/provanum.com\/","logo":{"@type":"ImageObject","inLanguage":"sv-SE","@id":"https:\/\/provanum.com\/#\/schema\/logo\/image\/","url":"https:\/\/provanum.com\/wp-content\/uploads\/2015\/01\/TrixSolution2.png","contentUrl":"https:\/\/provanum.com\/wp-content\/uploads\/2015\/01\/TrixSolution2.png","width":300,"height":305,"caption":"Provanum"},"image":{"@id":"https:\/\/provanum.com\/#\/schema\/logo\/image\/"}}]}},"_links":{"self":[{"href":"https:\/\/provanum.com\/sv\/wp-json\/wp\/v2\/pages\/6367"}],"collection":[{"href":"https:\/\/provanum.com\/sv\/wp-json\/wp\/v2\/pages"}],"about":[{"href":"https:\/\/provanum.com\/sv\/wp-json\/wp\/v2\/types\/page"}],"author":[{"embeddable":true,"href":"https:\/\/provanum.com\/sv\/wp-json\/wp\/v2\/users\/3"}],"replies":[{"embeddable":true,"href":"https:\/\/provanum.com\/sv\/wp-json\/wp\/v2\/comments?post=6367"}],"version-history":[{"count":10,"href":"https:\/\/provanum.com\/sv\/wp-json\/wp\/v2\/pages\/6367\/revisions"}],"predecessor-version":[{"id":9730,"href":"https:\/\/provanum.com\/sv\/wp-json\/wp\/v2\/pages\/6367\/revisions\/9730"}],"wp:attachment":[{"href":"https:\/\/provanum.com\/sv\/wp-json\/wp\/v2\/media?parent=6367"}],"curies":[{"name":"wp","href":"https:\/\/api.w.org\/{rel}","templated":true}]}}