{"id":6085,"date":"2015-03-06T20:07:40","date_gmt":"2015-03-06T20:07:40","guid":{"rendered":"https:\/\/provanum.com\/?page_id=6085"},"modified":"2021-09-29T15:02:35","modified_gmt":"2021-09-29T13:02:35","slug":"system-development","status":"publish","type":"page","link":"https:\/\/provanum.com\/sv\/specialisttjanster\/systemutveckling\/","title":{"rendered":"Systemutveckling"},"content":{"rendered":"<div class=\"wpb-content-wrapper\">[vc_row][vc_column width=&#8221;2\/3&#8243;][vc_column_text css=&#8221;.vc_custom_1632920520348{margin-bottom: 0px !important;}&#8221;]\n<h1>Systemutveckling<\/h1>\n<p>Vi kan vid behov erbjuda specialdesignad programutveckling med n\u00e5gon form av kundanpassning av Trix-produkterna f\u00f6r att b\u00e4ttre passa in i ett specifikt sammanhang. Exempel p\u00e5 detta kan vara en inl\u00e4sningsrutin av data fr\u00e5n ett annat system, eller en anpassning av en cad-funktion s\u00e5 att importen till Trix-produkterna blir smidigare.<\/p>\n<p>Vi erbjuder denna tj\u00e4nst vid behov i samband med leveranser av v\u00e5ra Trix-produkter.[\/vc_column_text][\/vc_column][vc_column width=&#8221;1\/3&#8243;][vc_single_image image=&#8221;7399&#8243; img_size=&#8221;full&#8221;][vc_single_image image=&#8221;4754&#8243; img_size=&#8221;full&#8221;][\/vc_column][\/vc_row]\n<\/div>","protected":false},"excerpt":{"rendered":"<p>[vc_row][vc_column width=&#8221;2\/3&#8243;][vc_column_text css=&#8221;.vc_custom_1632920520348{margin-bottom: 0px !important;}&#8221;] Systemutveckling Vi kan vid behov erbjuda specialdesignad programutveckling med n\u00e5gon form av kundanpassning av Trix-produkterna f\u00f6r att b\u00e4ttre passa in i ett specifikt sammanhang. Exempel p\u00e5 detta kan vara en inl\u00e4sningsrutin av data fr\u00e5n ett annat system, eller en anpassning av en cad-funktion s\u00e5 att importen till Trix-produkterna blir smidigare. [&hellip;]<\/p>\n","protected":false},"author":3,"featured_media":0,"parent":4459,"menu_order":0,"comment_status":"closed","ping_status":"open","template":"","meta":{"_acf_changed":false,"footnotes":""},"class_list":["post-6085","page","type-page","status-publish","hentry"],"translation":{"provider":"WPGlobus","version":"3.0.2","language":"sv","enabled_languages":["en","sv"],"languages":{"en":{"title":true,"content":true,"excerpt":false},"sv":{"title":true,"content":true,"excerpt":false}}},"acf":[],"yoast_head":"<!-- This site is optimized with the Yoast SEO plugin v27.4 - https:\/\/yoast.com\/product\/yoast-seo-wordpress\/ -->\n<title>Systemutveckling - Provanum<\/title>\n<meta name=\"robots\" content=\"index, follow, max-snippet:-1, max-image-preview:large, max-video-preview:-1\" \/>\n<link rel=\"canonical\" href=\"https:\/\/provanum.com\/specialist-services\/system-development\/\" \/>\n<meta name=\"twitter:label1\" content=\"Ber\u00e4knad l\u00e4stid\" \/>\n\t<meta name=\"twitter:data1\" content=\"1 minut\" \/>\n<script type=\"application\/ld+json\" class=\"yoast-schema-graph\">{\"@context\":\"https:\\\/\\\/schema.org\",\"@graph\":[{\"@type\":\"WebPage\",\"@id\":\"https:\\\/\\\/provanum.com\\\/specialist-services\\\/system-development\\\/\",\"url\":\"https:\\\/\\\/provanum.com\\\/specialist-services\\\/system-development\\\/\",\"name\":\"Systemutveckling - Provanum\",\"isPartOf\":{\"@id\":\"https:\\\/\\\/provanum.com\\\/#website\"},\"datePublished\":\"2015-03-06T20:07:40+00:00\",\"dateModified\":\"2021-09-29T13:02:35+00:00\",\"breadcrumb\":{\"@id\":\"https:\\\/\\\/provanum.com\\\/specialist-services\\\/system-development\\\/#breadcrumb\"},\"inLanguage\":\"sv-SE\",\"potentialAction\":[{\"@type\":\"ReadAction\",\"target\":[\"https:\\\/\\\/provanum.com\\\/specialist-services\\\/system-development\\\/\"]}]},{\"@type\":\"BreadcrumbList\",\"@id\":\"https:\\\/\\\/provanum.com\\\/specialist-services\\\/system-development\\\/#breadcrumb\",\"itemListElement\":[{\"@type\":\"ListItem\",\"position\":1,\"name\":\"Home\",\"item\":\"https:\\\/\\\/provanum.com\\\/\"},{\"@type\":\"ListItem\",\"position\":2,\"name\":\"Specialist services\",\"item\":\"https:\\\/\\\/provanum.com\\\/specialist-services\\\/\"},{\"@type\":\"ListItem\",\"position\":3,\"name\":\"System development\"}]},{\"@type\":\"WebSite\",\"@id\":\"https:\\\/\\\/provanum.com\\\/#website\",\"url\":\"https:\\\/\\\/provanum.com\\\/\",\"name\":\"Provanum\",\"description\":\"Ingenj\u00f6rsbaserad dokumenthantering\",\"publisher\":{\"@id\":\"https:\\\/\\\/provanum.com\\\/#organization\"},\"potentialAction\":[{\"@type\":\"SearchAction\",\"target\":{\"@type\":\"EntryPoint\",\"urlTemplate\":\"https:\\\/\\\/provanum.com\\\/?s={search_term_string}\"},\"query-input\":{\"@type\":\"PropertyValueSpecification\",\"valueRequired\":true,\"valueName\":\"search_term_string\"}}],\"inLanguage\":\"sv-SE\"},{\"@type\":\"Organization\",\"@id\":\"https:\\\/\\\/provanum.com\\\/#organization\",\"name\":\"Provanum\",\"url\":\"https:\\\/\\\/provanum.com\\\/\",\"logo\":{\"@type\":\"ImageObject\",\"inLanguage\":\"sv-SE\",\"@id\":\"https:\\\/\\\/provanum.com\\\/#\\\/schema\\\/logo\\\/image\\\/\",\"url\":\"https:\\\/\\\/provanum.com\\\/wp-content\\\/uploads\\\/2015\\\/01\\\/TrixSolution2.png\",\"contentUrl\":\"https:\\\/\\\/provanum.com\\\/wp-content\\\/uploads\\\/2015\\\/01\\\/TrixSolution2.png\",\"width\":300,\"height\":305,\"caption\":\"Provanum\"},\"image\":{\"@id\":\"https:\\\/\\\/provanum.com\\\/#\\\/schema\\\/logo\\\/image\\\/\"}}]}<\/script>\n<!-- \/ Yoast SEO plugin. -->","yoast_head_json":{"title":"Systemutveckling - Provanum","robots":{"index":"index","follow":"follow","max-snippet":"max-snippet:-1","max-image-preview":"max-image-preview:large","max-video-preview":"max-video-preview:-1"},"canonical":"https:\/\/provanum.com\/specialist-services\/system-development\/","twitter_misc":{"Ber\u00e4knad l\u00e4stid":"1 minut"},"schema":{"@context":"https:\/\/schema.org","@graph":[{"@type":"WebPage","@id":"https:\/\/provanum.com\/specialist-services\/system-development\/","url":"https:\/\/provanum.com\/specialist-services\/system-development\/","name":"Systemutveckling - Provanum","isPartOf":{"@id":"https:\/\/provanum.com\/#website"},"datePublished":"2015-03-06T20:07:40+00:00","dateModified":"2021-09-29T13:02:35+00:00","breadcrumb":{"@id":"https:\/\/provanum.com\/specialist-services\/system-development\/#breadcrumb"},"inLanguage":"sv-SE","potentialAction":[{"@type":"ReadAction","target":["https:\/\/provanum.com\/specialist-services\/system-development\/"]}]},{"@type":"BreadcrumbList","@id":"https:\/\/provanum.com\/specialist-services\/system-development\/#breadcrumb","itemListElement":[{"@type":"ListItem","position":1,"name":"Home","item":"https:\/\/provanum.com\/"},{"@type":"ListItem","position":2,"name":"Specialist services","item":"https:\/\/provanum.com\/specialist-services\/"},{"@type":"ListItem","position":3,"name":"System development"}]},{"@type":"WebSite","@id":"https:\/\/provanum.com\/#website","url":"https:\/\/provanum.com\/","name":"Provanum","description":"Ingenj\u00f6rsbaserad dokumenthantering","publisher":{"@id":"https:\/\/provanum.com\/#organization"},"potentialAction":[{"@type":"SearchAction","target":{"@type":"EntryPoint","urlTemplate":"https:\/\/provanum.com\/?s={search_term_string}"},"query-input":{"@type":"PropertyValueSpecification","valueRequired":true,"valueName":"search_term_string"}}],"inLanguage":"sv-SE"},{"@type":"Organization","@id":"https:\/\/provanum.com\/#organization","name":"Provanum","url":"https:\/\/provanum.com\/","logo":{"@type":"ImageObject","inLanguage":"sv-SE","@id":"https:\/\/provanum.com\/#\/schema\/logo\/image\/","url":"https:\/\/provanum.com\/wp-content\/uploads\/2015\/01\/TrixSolution2.png","contentUrl":"https:\/\/provanum.com\/wp-content\/uploads\/2015\/01\/TrixSolution2.png","width":300,"height":305,"caption":"Provanum"},"image":{"@id":"https:\/\/provanum.com\/#\/schema\/logo\/image\/"}}]}},"_links":{"self":[{"href":"https:\/\/provanum.com\/sv\/wp-json\/wp\/v2\/pages\/6085","targetHints":{"allow":["GET"]}}],"collection":[{"href":"https:\/\/provanum.com\/sv\/wp-json\/wp\/v2\/pages"}],"about":[{"href":"https:\/\/provanum.com\/sv\/wp-json\/wp\/v2\/types\/page"}],"author":[{"embeddable":true,"href":"https:\/\/provanum.com\/sv\/wp-json\/wp\/v2\/users\/3"}],"replies":[{"embeddable":true,"href":"https:\/\/provanum.com\/sv\/wp-json\/wp\/v2\/comments?post=6085"}],"version-history":[{"count":5,"href":"https:\/\/provanum.com\/sv\/wp-json\/wp\/v2\/pages\/6085\/revisions"}],"predecessor-version":[{"id":9481,"href":"https:\/\/provanum.com\/sv\/wp-json\/wp\/v2\/pages\/6085\/revisions\/9481"}],"up":[{"embeddable":true,"href":"https:\/\/provanum.com\/sv\/wp-json\/wp\/v2\/pages\/4459"}],"wp:attachment":[{"href":"https:\/\/provanum.com\/sv\/wp-json\/wp\/v2\/media?parent=6085"}],"curies":[{"name":"wp","href":"https:\/\/api.w.org\/{rel}","templated":true}]}}