{"id":6081,"date":"2015-03-06T19:59:04","date_gmt":"2015-03-06T19:59:04","guid":{"rendered":"https:\/\/provanum.com\/?page_id=6081"},"modified":"2023-06-19T11:09:25","modified_gmt":"2023-06-19T09:09:25","slug":"digitalisering2","status":"publish","type":"page","link":"https:\/\/provanum.com\/sv\/specialisttjanster\/digitalisering2\/","title":{"rendered":"Digitalisering"},"content":{"rendered":"<div class=\"wpb-content-wrapper\">[vc_row][vc_column][layerslider_vc id=&#8221;14&#8243;][\/vc_column][\/vc_row][vc_row][vc_column width=&#8221;2\/3&#8243;][vc_column_text css=&#8221;.vc_custom_1632856314070{margin-bottom: 0px !important;}&#8221;]\n<h1>Digitalisering<\/h1>\n<p><strong>Omvandla pappersarkivet till digitala informationsstrukturer f\u00f6r optimal digital hantering.<\/strong><\/p>\n<p><strong>Modern hantering av information\u00a0kr\u00e4ver en digital och s\u00f6kbar struktur f\u00f6r information. Pappersbaserad information i dokumentform\u00a0\u00e4r betydligt sv\u00e5rare att utg\u00e5 ifr\u00e5n om nya krav p\u00e5 s\u00f6kbarhet, tillg\u00e4nglighet och informationsstrukturer inf\u00f6rs.\u00a0Genom en modern digital informationsstruktur skapas\u00a0f\u00f6ruts\u00e4ttningar f\u00f6r\u00a0en optimal digital informationshantering. Det l\u00f6nar sig d\u00e4rf\u00f6r ofta att ta ett helhetsgrepp om verksamhetens information\u00a0om man vill uppn\u00e5 en l\u00e5ngsiktig l\u00f6sning med\u00a0digitalt perspektiv, inte minst f\u00f6r att slippa leta i flera parallella arkiv. V\u00e4rdes\u00e4tter man verksamhetens effektivitet och konkurrenskraft s\u00e5 ska r\u00e4tt information vara snabbt tillg\u00e4nglig.<\/strong>[\/vc_column_text][vc_column_text css=&#8221;.vc_custom_1632856336692{margin-bottom: 0px !important;}&#8221;]Digitalisera hela ert dokument- och ritningsarkiv, fr\u00e5n traditionella dokument och ritningar i pappersformat, till moderna s\u00f6kbara digitala dokument och CAD-ritningar i 3D-teknik. Dessa f\u00f6rses automatiskt med standardiserad och intelligent s\u00f6kinformation, exempelvis nya ritst\u00e4mplar med all information s\u00f6kbar efter ert behov och enligt\u00a0g\u00e4llande standarder. \u00c4ven olika typer av klassificering g\u00f6rs s\u00e5 att en l\u00e4mplig omfattning av s\u00f6kbar information etableras. Resultatet blir ett helt komplett digitalt arkiv som skapar en bra grund f\u00f6r effektiv digital hantering.<\/p>\n<p>Med ett avtal f\u00e5r kunden tillg\u00e5ng till v\u00e5ra digitaliseringstj\u00e4nster i det dagliga arbetet.[\/vc_column_text][vc_column_text css=&#8221;.vc_custom_1632856402421{margin-bottom: 0px !important;}&#8221;]\n<h3>Exempel p\u00e5 kundl\u00f6sningar<\/h3>\n<p>V\u00e5ra kunder finns i alla branscher d\u00e4r man har stora m\u00e4ngder pappersritningar som beh\u00f6ver digitaliseras eller d\u00e5liga CAD-ritningar som m\u00e5ste ritas om. Se n\u00e5gra exempel nedan:[\/vc_column_text][mk_blog style=&#8221;grid&#8221; grid_image_height=&#8221;220&#8243; disable_meta=&#8221;false&#8221; pagination=&#8221;false&#8221; posts=&#8221;6451,5008,5682&#8243;][\/vc_column][vc_column width=&#8221;1\/3&#8243;][vc_video link=&#8221;https:\/\/youtu.be\/XgVfEl3gYnE&#8221;][mk_padding_divider][mk_button dimension=&#8221;two&#8221; size=&#8221;medium&#8221; icon=&#8221;mk-icon-dollar&#8221; url=&#8221;https:\/\/provanum.com\/vill-du-veta-hur-du-sparar-pengar\/&#8221; fullwidth=&#8221;true&#8221;]Vill du spara pengar?[\/mk_button][mk_button dimension=&#8221;two&#8221; size=&#8221;medium&#8221; icon=&#8221;mk-moon-file-pdf&#8221; url=&#8221;#\/affarsutveckling_pdf&#8221; fullwidth=&#8221;true&#8221;]Digitalisering[\/mk_button][mk_padding_divider][vc_toggle title=&#8221;Digitalisering av ert dokument- och ritningsarkiv&#8221; el_id=&#8221;1473950038138-7747426d-0b11&#8243; el_class=&#8221;faq-style&#8221;]L\u00e4s om v\u00e5r omfattande verksamhet kring digitalisering. L\u00e4s mer&#8230;[\/vc_toggle][vc_toggle title=&#8221;Standardtj\u00e4nster vid digitaliseringen&#8221; el_id=&#8221;1473950181156-9d925250-26f1&#8243; el_class=&#8221;faq-style&#8221;]V\u00e5ra olika standardtj\u00e4nster inom digitaliseringen inneb\u00e4r att vi kan utf\u00f6ra skapa en h\u00f6gkvalitativ digital leverans.\u00a0L\u00e4s mer&#8230;[\/vc_toggle][vc_toggle title=&#8221;Till\u00e4ggstj\u00e4nster som skapar merv\u00e4rden&#8221; el_id=&#8221;1473950308049-a3ca71b3-2606&#8243; el_class=&#8221;faq-style&#8221;]V\u00e5ra olika till\u00e4ggstj\u00e4nster inom digitaliseringen inneb\u00e4r att vi kan utf\u00f6ra ytterligare delmoment som \u00f6kar f\u00f6r\u00e4dlingsv\u00e4rdet i den digitala leveransen. Exempel \u00e4r att tillf\u00f6ra ritobjekten egenskapsinformation.\u00a0L\u00e4s mer&#8230;[\/vc_toggle][vc_toggle title=&#8221;Kontrollm\u00e4tning och 3D-skanning av byggnader och objekt&#8221; el_id=&#8221;1473950402996-48ef9542-75db&#8221; el_class=&#8221;faq-style&#8221;]Det \u00e4r vanligt att ritningar inte st\u00e4mmer \u00f6verens med objekten i verkligheten, vilket f\u00f6rsv\u00e5rar n\u00e4r de ska anv\u00e4ndas f\u00f6r att \u00e5terspegla dem.\u00a0L\u00e4s mer&#8230;[\/vc_toggle][vc_toggle title=&#8221;Asiatiska partners&#8221; el_id=&#8221;1508067639572-cb9bb1a3-0cc0&#8243; el_class=&#8221;faq-style&#8221;]Tack vare v\u00e5r verksamhet i Asien\u00a0kan vi erbjuda\u00a0tj\u00e4nster av h\u00f6g kvalitet till ett konkurrenskraftigt\u00a0pris. L\u00e4s mer&#8230;[\/vc_toggle][\/vc_column][\/vc_row]\n<\/div>","protected":false},"excerpt":{"rendered":"<p>[vc_row][vc_column][layerslider_vc id=&#8221;14&#8243;][\/vc_column][\/vc_row][vc_row][vc_column width=&#8221;2\/3&#8243;][vc_column_text css=&#8221;.vc_custom_1632856314070{margin-bottom: 0px !important;}&#8221;] Digitalisering Omvandla pappersarkivet till digitala informationsstrukturer f\u00f6r optimal digital hantering. Modern hantering av information\u00a0kr\u00e4ver en digital och s\u00f6kbar struktur f\u00f6r information. Pappersbaserad information i dokumentform\u00a0\u00e4r betydligt sv\u00e5rare att utg\u00e5 ifr\u00e5n om nya krav p\u00e5 s\u00f6kbarhet, tillg\u00e4nglighet och informationsstrukturer inf\u00f6rs.\u00a0Genom en modern digital informationsstruktur skapas\u00a0f\u00f6ruts\u00e4ttningar f\u00f6r\u00a0en optimal digital informationshantering. Det [&hellip;]<\/p>\n","protected":false},"author":3,"featured_media":0,"parent":4459,"menu_order":0,"comment_status":"closed","ping_status":"open","template":"","meta":{"_acf_changed":false,"footnotes":""},"class_list":["post-6081","page","type-page","status-publish","hentry"],"translation":{"provider":"WPGlobus","version":"3.0.2","language":"sv","enabled_languages":["en","sv"],"languages":{"en":{"title":true,"content":true,"excerpt":false},"sv":{"title":true,"content":true,"excerpt":false}}},"acf":[],"yoast_head":"<!-- This site is optimized with the Yoast SEO plugin v27.4 - https:\/\/yoast.com\/product\/yoast-seo-wordpress\/ -->\n<title>Digitalisering - Provanum<\/title>\n<meta name=\"robots\" content=\"index, follow, max-snippet:-1, max-image-preview:large, max-video-preview:-1\" \/>\n<link rel=\"canonical\" href=\"https:\/\/provanum.com\/specialist-services\/digitalisering2\/\" \/>\n<meta name=\"twitter:label1\" content=\"Ber\u00e4knad l\u00e4stid\" \/>\n\t<meta name=\"twitter:data1\" content=\"2 minuter\" \/>\n<script type=\"application\/ld+json\" class=\"yoast-schema-graph\">{\"@context\":\"https:\\\/\\\/schema.org\",\"@graph\":[{\"@type\":\"WebPage\",\"@id\":\"https:\\\/\\\/provanum.com\\\/specialist-services\\\/digitalisering2\\\/\",\"url\":\"https:\\\/\\\/provanum.com\\\/specialist-services\\\/digitalisering2\\\/\",\"name\":\"Digitalisering - Provanum\",\"isPartOf\":{\"@id\":\"https:\\\/\\\/provanum.com\\\/#website\"},\"datePublished\":\"2015-03-06T19:59:04+00:00\",\"dateModified\":\"2023-06-19T09:09:25+00:00\",\"breadcrumb\":{\"@id\":\"https:\\\/\\\/provanum.com\\\/specialist-services\\\/digitalisering2\\\/#breadcrumb\"},\"inLanguage\":\"sv-SE\",\"potentialAction\":[{\"@type\":\"ReadAction\",\"target\":[\"https:\\\/\\\/provanum.com\\\/specialist-services\\\/digitalisering2\\\/\"]}]},{\"@type\":\"BreadcrumbList\",\"@id\":\"https:\\\/\\\/provanum.com\\\/specialist-services\\\/digitalisering2\\\/#breadcrumb\",\"itemListElement\":[{\"@type\":\"ListItem\",\"position\":1,\"name\":\"Home\",\"item\":\"https:\\\/\\\/provanum.com\\\/\"},{\"@type\":\"ListItem\",\"position\":2,\"name\":\"Specialist services\",\"item\":\"https:\\\/\\\/provanum.com\\\/specialist-services\\\/\"},{\"@type\":\"ListItem\",\"position\":3,\"name\":\"Digitization\"}]},{\"@type\":\"WebSite\",\"@id\":\"https:\\\/\\\/provanum.com\\\/#website\",\"url\":\"https:\\\/\\\/provanum.com\\\/\",\"name\":\"Provanum\",\"description\":\"Ingenj\u00f6rsbaserad dokumenthantering\",\"publisher\":{\"@id\":\"https:\\\/\\\/provanum.com\\\/#organization\"},\"potentialAction\":[{\"@type\":\"SearchAction\",\"target\":{\"@type\":\"EntryPoint\",\"urlTemplate\":\"https:\\\/\\\/provanum.com\\\/?s={search_term_string}\"},\"query-input\":{\"@type\":\"PropertyValueSpecification\",\"valueRequired\":true,\"valueName\":\"search_term_string\"}}],\"inLanguage\":\"sv-SE\"},{\"@type\":\"Organization\",\"@id\":\"https:\\\/\\\/provanum.com\\\/#organization\",\"name\":\"Provanum\",\"url\":\"https:\\\/\\\/provanum.com\\\/\",\"logo\":{\"@type\":\"ImageObject\",\"inLanguage\":\"sv-SE\",\"@id\":\"https:\\\/\\\/provanum.com\\\/#\\\/schema\\\/logo\\\/image\\\/\",\"url\":\"https:\\\/\\\/provanum.com\\\/wp-content\\\/uploads\\\/2015\\\/01\\\/TrixSolution2.png\",\"contentUrl\":\"https:\\\/\\\/provanum.com\\\/wp-content\\\/uploads\\\/2015\\\/01\\\/TrixSolution2.png\",\"width\":300,\"height\":305,\"caption\":\"Provanum\"},\"image\":{\"@id\":\"https:\\\/\\\/provanum.com\\\/#\\\/schema\\\/logo\\\/image\\\/\"}}]}<\/script>\n<!-- \/ Yoast SEO plugin. -->","yoast_head_json":{"title":"Digitalisering - Provanum","robots":{"index":"index","follow":"follow","max-snippet":"max-snippet:-1","max-image-preview":"max-image-preview:large","max-video-preview":"max-video-preview:-1"},"canonical":"https:\/\/provanum.com\/specialist-services\/digitalisering2\/","twitter_misc":{"Ber\u00e4knad l\u00e4stid":"2 minuter"},"schema":{"@context":"https:\/\/schema.org","@graph":[{"@type":"WebPage","@id":"https:\/\/provanum.com\/specialist-services\/digitalisering2\/","url":"https:\/\/provanum.com\/specialist-services\/digitalisering2\/","name":"Digitalisering - Provanum","isPartOf":{"@id":"https:\/\/provanum.com\/#website"},"datePublished":"2015-03-06T19:59:04+00:00","dateModified":"2023-06-19T09:09:25+00:00","breadcrumb":{"@id":"https:\/\/provanum.com\/specialist-services\/digitalisering2\/#breadcrumb"},"inLanguage":"sv-SE","potentialAction":[{"@type":"ReadAction","target":["https:\/\/provanum.com\/specialist-services\/digitalisering2\/"]}]},{"@type":"BreadcrumbList","@id":"https:\/\/provanum.com\/specialist-services\/digitalisering2\/#breadcrumb","itemListElement":[{"@type":"ListItem","position":1,"name":"Home","item":"https:\/\/provanum.com\/"},{"@type":"ListItem","position":2,"name":"Specialist services","item":"https:\/\/provanum.com\/specialist-services\/"},{"@type":"ListItem","position":3,"name":"Digitization"}]},{"@type":"WebSite","@id":"https:\/\/provanum.com\/#website","url":"https:\/\/provanum.com\/","name":"Provanum","description":"Ingenj\u00f6rsbaserad dokumenthantering","publisher":{"@id":"https:\/\/provanum.com\/#organization"},"potentialAction":[{"@type":"SearchAction","target":{"@type":"EntryPoint","urlTemplate":"https:\/\/provanum.com\/?s={search_term_string}"},"query-input":{"@type":"PropertyValueSpecification","valueRequired":true,"valueName":"search_term_string"}}],"inLanguage":"sv-SE"},{"@type":"Organization","@id":"https:\/\/provanum.com\/#organization","name":"Provanum","url":"https:\/\/provanum.com\/","logo":{"@type":"ImageObject","inLanguage":"sv-SE","@id":"https:\/\/provanum.com\/#\/schema\/logo\/image\/","url":"https:\/\/provanum.com\/wp-content\/uploads\/2015\/01\/TrixSolution2.png","contentUrl":"https:\/\/provanum.com\/wp-content\/uploads\/2015\/01\/TrixSolution2.png","width":300,"height":305,"caption":"Provanum"},"image":{"@id":"https:\/\/provanum.com\/#\/schema\/logo\/image\/"}}]}},"_links":{"self":[{"href":"https:\/\/provanum.com\/sv\/wp-json\/wp\/v2\/pages\/6081","targetHints":{"allow":["GET"]}}],"collection":[{"href":"https:\/\/provanum.com\/sv\/wp-json\/wp\/v2\/pages"}],"about":[{"href":"https:\/\/provanum.com\/sv\/wp-json\/wp\/v2\/types\/page"}],"author":[{"embeddable":true,"href":"https:\/\/provanum.com\/sv\/wp-json\/wp\/v2\/users\/3"}],"replies":[{"embeddable":true,"href":"https:\/\/provanum.com\/sv\/wp-json\/wp\/v2\/comments?post=6081"}],"version-history":[{"count":10,"href":"https:\/\/provanum.com\/sv\/wp-json\/wp\/v2\/pages\/6081\/revisions"}],"predecessor-version":[{"id":9944,"href":"https:\/\/provanum.com\/sv\/wp-json\/wp\/v2\/pages\/6081\/revisions\/9944"}],"up":[{"embeddable":true,"href":"https:\/\/provanum.com\/sv\/wp-json\/wp\/v2\/pages\/4459"}],"wp:attachment":[{"href":"https:\/\/provanum.com\/sv\/wp-json\/wp\/v2\/media?parent=6081"}],"curies":[{"name":"wp","href":"https:\/\/api.w.org\/{rel}","templated":true}]}}