{"id":6038,"date":"2015-03-05T13:58:52","date_gmt":"2015-03-05T13:58:52","guid":{"rendered":"https:\/\/provanum.com\/?page_id=6038"},"modified":"2021-09-29T14:10:48","modified_gmt":"2021-09-29T12:10:48","slug":"control-measurement-and-3d-scanning-of-buildings-and-objects","status":"publish","type":"page","link":"https:\/\/provanum.com\/sv\/digitalisering\/kontrollmatning-och-3d-skanning-av-byggnader-och-objekt\/","title":{"rendered":"Kontrollm\u00e4tning och 3D-skanning av byggnader och objekt"},"content":{"rendered":"<div class=\"wpb-content-wrapper\">[vc_row][vc_column width=&#8221;2\/3&#8243;][vc_column_text css=&#8221;.vc_custom_1632917435751{margin-bottom: 0px !important;}&#8221;]\n<h1>Kontrollm\u00e4tning och 3D-skanning av byggnader och objekt<\/h1>\n<p>Ett s\u00e4tt att f\u00f6rb\u00e4ttra situationen \u00e4r att inventera p\u00e5 plats med de befintliga ritningarna som grund. I f\u00f6rsta hand kan utrymmenas omfattning och disposition kontrolleras, men ocks\u00e5 att m\u00e5tten st\u00e4mmer f\u00f6r s\u00e5v\u00e4l hela byggnaden som varje utrymme.<\/p>\n<p>Med modern 3D-skanningsteknik kan verkligheten f\u00f6r objekten dessutom\u00a0m\u00e4tas in genom 3D-skanning, vilket faktiskt leder till att nya ritningar kan skapas direkt med utg\u00e5ngspunkt fr\u00e5n skanningsresultatet. Detta \u00e4r n\u00e5got dyrare, men betydligt effektivare.<\/p>\n<p>Moderna 3D-skanners kan med stor exakthet m\u00e4ta och registrera det verkliga utseendet i en fastighet. Det \u00e4r m\u00f6jligt att b\u00e5de skanna utsida och insida genom att binda ihop de punkter varifr\u00e5n m\u00e4tningen g\u00f6rs. Och genom att skannern tar bilder av verkligheten kan en cad-operat\u00f6r utifr\u00e5n ett sammansatt punktmoln i 3D, skapa ritningar med stor exakthet.<\/p>\n<p>Detta \u00e4r ett modernt och effektivt s\u00e4tt att undvika felaktiga ritningar, som troligen \u00e4nd\u00e5 inte representerar verkligheten, n\u00e5got som kan \u00e4ventyra ett digitaliseringsprojekt. Dock \u00e4r anv\u00e4ndning av 3D-skanners en mer tidskr\u00e4vande process vilket g\u00f6r den till ett dyrare alternativ.<\/p>\n<p>N\u00e5got billigare \u00e4r kontrollm\u00e4tning som kan\u00a0g\u00f6ras av de objekt d\u00e4r ritningar saknas eller d\u00e4r m\u00e5ttuppgifterna beh\u00f6ver kontrolleras. Vid behov m\u00e4ts andra m\u00e4tbara konstruktionsobjekt som exempelvis pelare, hisschakt eller trapphus. Utf\u00f6rda m\u00e4tpunkter bildar en m\u00e5ttkedja som kan \u00f6verf\u00f6ras p\u00e5 ritningen, d\u00e4r viktiga b\u00e4rande byggdelar kopplas samman. Detta arbete har som m\u00e5l att skapa b\u00e4ttre kvalitet p\u00e5 ritningsunderlagen avseende m\u00e5ttriktigheten, inte att skapa en omfattande exakthet f\u00f6r varje inredningsdetalj.[\/vc_column_text][\/vc_column][vc_column width=&#8221;1\/3&#8243;][vc_single_image image=&#8221;5899&#8243; img_size=&#8221;full&#8221;][\/vc_column][\/vc_row]\n<\/div>","protected":false},"excerpt":{"rendered":"<p>[vc_row][vc_column width=&#8221;2\/3&#8243;][vc_column_text css=&#8221;.vc_custom_1632917435751{margin-bottom: 0px !important;}&#8221;] Kontrollm\u00e4tning och 3D-skanning av byggnader och objekt Ett s\u00e4tt att f\u00f6rb\u00e4ttra situationen \u00e4r att inventera p\u00e5 plats med de befintliga ritningarna som grund. I f\u00f6rsta hand kan utrymmenas omfattning och disposition kontrolleras, men ocks\u00e5 att m\u00e5tten st\u00e4mmer f\u00f6r s\u00e5v\u00e4l hela byggnaden som varje utrymme. Med modern 3D-skanningsteknik kan verkligheten f\u00f6r [&hellip;]<\/p>\n","protected":false},"author":3,"featured_media":0,"parent":4457,"menu_order":0,"comment_status":"closed","ping_status":"open","template":"","meta":[],"translation":{"provider":"WPGlobus","version":"3.0.0","language":"sv","enabled_languages":["en","sv"],"languages":{"en":{"title":true,"content":true,"excerpt":false},"sv":{"title":true,"content":true,"excerpt":false}}},"yoast_head":"<!-- This site is optimized with the Yoast SEO plugin v19.9 - https:\/\/yoast.com\/wordpress\/plugins\/seo\/ -->\n<title>Kontrollm\u00e4tning och 3D-skanning av byggnader och objekt - Provanum<\/title>\n<meta name=\"robots\" content=\"index, follow, max-snippet:-1, max-image-preview:large, max-video-preview:-1\" \/>\n<link rel=\"canonical\" href=\"https:\/\/provanum.com\/digitization\/control-measurement-and-3d-scanning-of-buildings-and-objects\/\" \/>\n<meta name=\"twitter:label1\" content=\"Ber\u00e4knad l\u00e4stid\" \/>\n\t<meta name=\"twitter:data1\" content=\"2 minuter\" \/>\n<script type=\"application\/ld+json\" class=\"yoast-schema-graph\">{\"@context\":\"https:\/\/schema.org\",\"@graph\":[{\"@type\":\"WebPage\",\"@id\":\"https:\/\/provanum.com\/digitization\/control-measurement-and-3d-scanning-of-buildings-and-objects\/\",\"url\":\"https:\/\/provanum.com\/digitization\/control-measurement-and-3d-scanning-of-buildings-and-objects\/\",\"name\":\"Kontrollm\u00e4tning och 3D-skanning av byggnader och objekt - Provanum\",\"isPartOf\":{\"@id\":\"https:\/\/provanum.com\/#website\"},\"datePublished\":\"2015-03-05T13:58:52+00:00\",\"dateModified\":\"2021-09-29T12:10:48+00:00\",\"breadcrumb\":{\"@id\":\"https:\/\/provanum.com\/digitization\/control-measurement-and-3d-scanning-of-buildings-and-objects\/#breadcrumb\"},\"inLanguage\":\"sv-SE\",\"potentialAction\":[{\"@type\":\"ReadAction\",\"target\":[\"https:\/\/provanum.com\/digitization\/control-measurement-and-3d-scanning-of-buildings-and-objects\/\"]}]},{\"@type\":\"BreadcrumbList\",\"@id\":\"https:\/\/provanum.com\/digitization\/control-measurement-and-3d-scanning-of-buildings-and-objects\/#breadcrumb\",\"itemListElement\":[{\"@type\":\"ListItem\",\"position\":1,\"name\":\"Home\",\"item\":\"https:\/\/provanum.com\/\"},{\"@type\":\"ListItem\",\"position\":2,\"name\":\"Digitization\",\"item\":\"https:\/\/provanum.com\/digitization\/\"},{\"@type\":\"ListItem\",\"position\":3,\"name\":\"Control measurement and 3D scanning of buildings and objects\"}]},{\"@type\":\"WebSite\",\"@id\":\"https:\/\/provanum.com\/#website\",\"url\":\"https:\/\/provanum.com\/\",\"name\":\"Provanum\",\"description\":\"Ingenj\u00f6rsbaserad dokumenthantering\",\"publisher\":{\"@id\":\"https:\/\/provanum.com\/#organization\"},\"potentialAction\":[{\"@type\":\"SearchAction\",\"target\":{\"@type\":\"EntryPoint\",\"urlTemplate\":\"https:\/\/provanum.com\/?s={search_term_string}\"},\"query-input\":\"required name=search_term_string\"}],\"inLanguage\":\"sv-SE\"},{\"@type\":\"Organization\",\"@id\":\"https:\/\/provanum.com\/#organization\",\"name\":\"Provanum\",\"url\":\"https:\/\/provanum.com\/\",\"logo\":{\"@type\":\"ImageObject\",\"inLanguage\":\"sv-SE\",\"@id\":\"https:\/\/provanum.com\/#\/schema\/logo\/image\/\",\"url\":\"https:\/\/provanum.com\/wp-content\/uploads\/2015\/01\/TrixSolution2.png\",\"contentUrl\":\"https:\/\/provanum.com\/wp-content\/uploads\/2015\/01\/TrixSolution2.png\",\"width\":300,\"height\":305,\"caption\":\"Provanum\"},\"image\":{\"@id\":\"https:\/\/provanum.com\/#\/schema\/logo\/image\/\"}}]}<\/script>\n<!-- \/ Yoast SEO plugin. -->","yoast_head_json":{"title":"Kontrollm\u00e4tning och 3D-skanning av byggnader och objekt - Provanum","robots":{"index":"index","follow":"follow","max-snippet":"max-snippet:-1","max-image-preview":"max-image-preview:large","max-video-preview":"max-video-preview:-1"},"canonical":"https:\/\/provanum.com\/digitization\/control-measurement-and-3d-scanning-of-buildings-and-objects\/","twitter_misc":{"Ber\u00e4knad l\u00e4stid":"2 minuter"},"schema":{"@context":"https:\/\/schema.org","@graph":[{"@type":"WebPage","@id":"https:\/\/provanum.com\/digitization\/control-measurement-and-3d-scanning-of-buildings-and-objects\/","url":"https:\/\/provanum.com\/digitization\/control-measurement-and-3d-scanning-of-buildings-and-objects\/","name":"Kontrollm\u00e4tning och 3D-skanning av byggnader och objekt - Provanum","isPartOf":{"@id":"https:\/\/provanum.com\/#website"},"datePublished":"2015-03-05T13:58:52+00:00","dateModified":"2021-09-29T12:10:48+00:00","breadcrumb":{"@id":"https:\/\/provanum.com\/digitization\/control-measurement-and-3d-scanning-of-buildings-and-objects\/#breadcrumb"},"inLanguage":"sv-SE","potentialAction":[{"@type":"ReadAction","target":["https:\/\/provanum.com\/digitization\/control-measurement-and-3d-scanning-of-buildings-and-objects\/"]}]},{"@type":"BreadcrumbList","@id":"https:\/\/provanum.com\/digitization\/control-measurement-and-3d-scanning-of-buildings-and-objects\/#breadcrumb","itemListElement":[{"@type":"ListItem","position":1,"name":"Home","item":"https:\/\/provanum.com\/"},{"@type":"ListItem","position":2,"name":"Digitization","item":"https:\/\/provanum.com\/digitization\/"},{"@type":"ListItem","position":3,"name":"Control measurement and 3D scanning of buildings and objects"}]},{"@type":"WebSite","@id":"https:\/\/provanum.com\/#website","url":"https:\/\/provanum.com\/","name":"Provanum","description":"Ingenj\u00f6rsbaserad dokumenthantering","publisher":{"@id":"https:\/\/provanum.com\/#organization"},"potentialAction":[{"@type":"SearchAction","target":{"@type":"EntryPoint","urlTemplate":"https:\/\/provanum.com\/?s={search_term_string}"},"query-input":"required name=search_term_string"}],"inLanguage":"sv-SE"},{"@type":"Organization","@id":"https:\/\/provanum.com\/#organization","name":"Provanum","url":"https:\/\/provanum.com\/","logo":{"@type":"ImageObject","inLanguage":"sv-SE","@id":"https:\/\/provanum.com\/#\/schema\/logo\/image\/","url":"https:\/\/provanum.com\/wp-content\/uploads\/2015\/01\/TrixSolution2.png","contentUrl":"https:\/\/provanum.com\/wp-content\/uploads\/2015\/01\/TrixSolution2.png","width":300,"height":305,"caption":"Provanum"},"image":{"@id":"https:\/\/provanum.com\/#\/schema\/logo\/image\/"}}]}},"_links":{"self":[{"href":"https:\/\/provanum.com\/sv\/wp-json\/wp\/v2\/pages\/6038"}],"collection":[{"href":"https:\/\/provanum.com\/sv\/wp-json\/wp\/v2\/pages"}],"about":[{"href":"https:\/\/provanum.com\/sv\/wp-json\/wp\/v2\/types\/page"}],"author":[{"embeddable":true,"href":"https:\/\/provanum.com\/sv\/wp-json\/wp\/v2\/users\/3"}],"replies":[{"embeddable":true,"href":"https:\/\/provanum.com\/sv\/wp-json\/wp\/v2\/comments?post=6038"}],"version-history":[{"count":4,"href":"https:\/\/provanum.com\/sv\/wp-json\/wp\/v2\/pages\/6038\/revisions"}],"predecessor-version":[{"id":9447,"href":"https:\/\/provanum.com\/sv\/wp-json\/wp\/v2\/pages\/6038\/revisions\/9447"}],"up":[{"embeddable":true,"href":"https:\/\/provanum.com\/sv\/wp-json\/wp\/v2\/pages\/4457"}],"wp:attachment":[{"href":"https:\/\/provanum.com\/sv\/wp-json\/wp\/v2\/media?parent=6038"}],"curies":[{"name":"wp","href":"https:\/\/api.w.org\/{rel}","templated":true}]}}