{"id":5535,"date":"2015-02-05T14:05:50","date_gmt":"2015-02-05T14:05:50","guid":{"rendered":"https:\/\/provanum.com\/?page_id=5535"},"modified":"2021-09-29T15:48:31","modified_gmt":"2021-09-29T13:48:31","slug":"quality-management","status":"publish","type":"page","link":"https:\/\/provanum.com\/sv\/kvalitetsledningssystem\/","title":{"rendered":"Kvalitetsledningssystem"},"content":{"rendered":"<div class=\"wpb-content-wrapper\">[vc_row][vc_column width=&#8221;2\/3&#8243;][vc_column_text css=&#8221;.vc_custom_1632923301544{margin-bottom: 0px !important;}&#8221;]\n<h1>Kvalitetsledningssystem<\/h1>\n<p><strong>Vi f\u00f6ljer en policy vars syfte \u00e4r att s\u00e4kerst\u00e4lla kvaliteten i varje \u00e5tg\u00e4rd. Policyn g\u00e4ller s\u00e5v\u00e4l metoder f\u00f6r genomf\u00f6randen av projektarbeten som interna rutiner. Kvalitetss\u00e4kringen ska leda till h\u00f6gre kvalitet och b\u00e4ttre ekonomi. V\u00e5rt kvalitetsledningssystem kallas PTS Quality.<\/strong><\/p>\n<p>Detta ska skapa f\u00f6rdelar f\u00f6r v\u00e5ra kunder i form av h\u00f6g kvalitet till l\u00e4gsta m\u00f6jliga kostnad. Kvalitetskravet ska genomsyra all verksamhet och efterlevas genom dokumentering av processer och resultat. Processer beskrivs genom fl\u00f6desscheman och rutiner och resultat f\u00f6ljs upp med hj\u00e4lp av checklistor och kontrollplaner.<\/p>\n<p>Kvalitetsledningssystemet f\u00f6ljs upp genom l\u00f6pande f\u00f6rb\u00e4ttrings\u00e5tg\u00e4rder via ett rapporteringssystem. Kvalitetsledningssystemet f\u00f6ljer standarden EN ISO 9001:2008.[\/vc_column_text][vc_single_image image=&#8221;5796&#8243; img_size=&#8221;full&#8221;][\/vc_column][vc_column width=&#8221;1\/3&#8243;][vc_single_image image=&#8221;5890&#8243; img_size=&#8221;full&#8221; css_animation=&#8221;left-to-right&#8221;][mk_button dimension=&#8221;two&#8221; size=&#8221;medium&#8221; icon=&#8221;mk-moon-file-pdf&#8221; fullwidth=&#8221;true&#8221;]Kvalitetsledning[\/mk_button][vc_single_image image=&#8221;5792&#8243; img_size=&#8221;full&#8221;][\/vc_column][\/vc_row]\n<\/div>","protected":false},"excerpt":{"rendered":"<p>[vc_row][vc_column width=&#8221;2\/3&#8243;][vc_column_text css=&#8221;.vc_custom_1632923301544{margin-bottom: 0px !important;}&#8221;] Kvalitetsledningssystem Vi f\u00f6ljer en policy vars syfte \u00e4r att s\u00e4kerst\u00e4lla kvaliteten i varje \u00e5tg\u00e4rd. Policyn g\u00e4ller s\u00e5v\u00e4l metoder f\u00f6r genomf\u00f6randen av projektarbeten som interna rutiner. Kvalitetss\u00e4kringen ska leda till h\u00f6gre kvalitet och b\u00e4ttre ekonomi. V\u00e5rt kvalitetsledningssystem kallas PTS Quality. Detta ska skapa f\u00f6rdelar f\u00f6r v\u00e5ra kunder i form av h\u00f6g [&hellip;]<\/p>\n","protected":false},"author":3,"featured_media":0,"parent":0,"menu_order":0,"comment_status":"closed","ping_status":"open","template":"","meta":{"_acf_changed":false,"footnotes":""},"class_list":["post-5535","page","type-page","status-publish","hentry"],"translation":{"provider":"WPGlobus","version":"3.0.2","language":"sv","enabled_languages":["en","sv"],"languages":{"en":{"title":true,"content":true,"excerpt":false},"sv":{"title":true,"content":true,"excerpt":false}}},"acf":[],"yoast_head":"<!-- This site is optimized with the Yoast SEO plugin v27.4 - https:\/\/yoast.com\/product\/yoast-seo-wordpress\/ -->\n<title>Kvalitetsledningssystem - Provanum<\/title>\n<meta name=\"robots\" content=\"index, follow, max-snippet:-1, max-image-preview:large, max-video-preview:-1\" \/>\n<link rel=\"canonical\" href=\"https:\/\/provanum.com\/quality-management\/\" \/>\n<meta name=\"twitter:label1\" content=\"Ber\u00e4knad l\u00e4stid\" \/>\n\t<meta name=\"twitter:data1\" content=\"1 minut\" \/>\n<script type=\"application\/ld+json\" class=\"yoast-schema-graph\">{\"@context\":\"https:\\\/\\\/schema.org\",\"@graph\":[{\"@type\":\"WebPage\",\"@id\":\"https:\\\/\\\/provanum.com\\\/quality-management\\\/\",\"url\":\"https:\\\/\\\/provanum.com\\\/quality-management\\\/\",\"name\":\"Kvalitetsledningssystem - Provanum\",\"isPartOf\":{\"@id\":\"https:\\\/\\\/provanum.com\\\/#website\"},\"datePublished\":\"2015-02-05T14:05:50+00:00\",\"dateModified\":\"2021-09-29T13:48:31+00:00\",\"breadcrumb\":{\"@id\":\"https:\\\/\\\/provanum.com\\\/quality-management\\\/#breadcrumb\"},\"inLanguage\":\"sv-SE\",\"potentialAction\":[{\"@type\":\"ReadAction\",\"target\":[\"https:\\\/\\\/provanum.com\\\/quality-management\\\/\"]}]},{\"@type\":\"BreadcrumbList\",\"@id\":\"https:\\\/\\\/provanum.com\\\/quality-management\\\/#breadcrumb\",\"itemListElement\":[{\"@type\":\"ListItem\",\"position\":1,\"name\":\"Home\",\"item\":\"https:\\\/\\\/provanum.com\\\/\"},{\"@type\":\"ListItem\",\"position\":2,\"name\":\"Quality management\"}]},{\"@type\":\"WebSite\",\"@id\":\"https:\\\/\\\/provanum.com\\\/#website\",\"url\":\"https:\\\/\\\/provanum.com\\\/\",\"name\":\"Provanum\",\"description\":\"Ingenj\u00f6rsbaserad dokumenthantering\",\"publisher\":{\"@id\":\"https:\\\/\\\/provanum.com\\\/#organization\"},\"potentialAction\":[{\"@type\":\"SearchAction\",\"target\":{\"@type\":\"EntryPoint\",\"urlTemplate\":\"https:\\\/\\\/provanum.com\\\/?s={search_term_string}\"},\"query-input\":{\"@type\":\"PropertyValueSpecification\",\"valueRequired\":true,\"valueName\":\"search_term_string\"}}],\"inLanguage\":\"sv-SE\"},{\"@type\":\"Organization\",\"@id\":\"https:\\\/\\\/provanum.com\\\/#organization\",\"name\":\"Provanum\",\"url\":\"https:\\\/\\\/provanum.com\\\/\",\"logo\":{\"@type\":\"ImageObject\",\"inLanguage\":\"sv-SE\",\"@id\":\"https:\\\/\\\/provanum.com\\\/#\\\/schema\\\/logo\\\/image\\\/\",\"url\":\"https:\\\/\\\/provanum.com\\\/wp-content\\\/uploads\\\/2015\\\/01\\\/TrixSolution2.png\",\"contentUrl\":\"https:\\\/\\\/provanum.com\\\/wp-content\\\/uploads\\\/2015\\\/01\\\/TrixSolution2.png\",\"width\":300,\"height\":305,\"caption\":\"Provanum\"},\"image\":{\"@id\":\"https:\\\/\\\/provanum.com\\\/#\\\/schema\\\/logo\\\/image\\\/\"}}]}<\/script>\n<!-- \/ Yoast SEO plugin. -->","yoast_head_json":{"title":"Kvalitetsledningssystem - Provanum","robots":{"index":"index","follow":"follow","max-snippet":"max-snippet:-1","max-image-preview":"max-image-preview:large","max-video-preview":"max-video-preview:-1"},"canonical":"https:\/\/provanum.com\/quality-management\/","twitter_misc":{"Ber\u00e4knad l\u00e4stid":"1 minut"},"schema":{"@context":"https:\/\/schema.org","@graph":[{"@type":"WebPage","@id":"https:\/\/provanum.com\/quality-management\/","url":"https:\/\/provanum.com\/quality-management\/","name":"Kvalitetsledningssystem - Provanum","isPartOf":{"@id":"https:\/\/provanum.com\/#website"},"datePublished":"2015-02-05T14:05:50+00:00","dateModified":"2021-09-29T13:48:31+00:00","breadcrumb":{"@id":"https:\/\/provanum.com\/quality-management\/#breadcrumb"},"inLanguage":"sv-SE","potentialAction":[{"@type":"ReadAction","target":["https:\/\/provanum.com\/quality-management\/"]}]},{"@type":"BreadcrumbList","@id":"https:\/\/provanum.com\/quality-management\/#breadcrumb","itemListElement":[{"@type":"ListItem","position":1,"name":"Home","item":"https:\/\/provanum.com\/"},{"@type":"ListItem","position":2,"name":"Quality management"}]},{"@type":"WebSite","@id":"https:\/\/provanum.com\/#website","url":"https:\/\/provanum.com\/","name":"Provanum","description":"Ingenj\u00f6rsbaserad dokumenthantering","publisher":{"@id":"https:\/\/provanum.com\/#organization"},"potentialAction":[{"@type":"SearchAction","target":{"@type":"EntryPoint","urlTemplate":"https:\/\/provanum.com\/?s={search_term_string}"},"query-input":{"@type":"PropertyValueSpecification","valueRequired":true,"valueName":"search_term_string"}}],"inLanguage":"sv-SE"},{"@type":"Organization","@id":"https:\/\/provanum.com\/#organization","name":"Provanum","url":"https:\/\/provanum.com\/","logo":{"@type":"ImageObject","inLanguage":"sv-SE","@id":"https:\/\/provanum.com\/#\/schema\/logo\/image\/","url":"https:\/\/provanum.com\/wp-content\/uploads\/2015\/01\/TrixSolution2.png","contentUrl":"https:\/\/provanum.com\/wp-content\/uploads\/2015\/01\/TrixSolution2.png","width":300,"height":305,"caption":"Provanum"},"image":{"@id":"https:\/\/provanum.com\/#\/schema\/logo\/image\/"}}]}},"_links":{"self":[{"href":"https:\/\/provanum.com\/sv\/wp-json\/wp\/v2\/pages\/5535","targetHints":{"allow":["GET"]}}],"collection":[{"href":"https:\/\/provanum.com\/sv\/wp-json\/wp\/v2\/pages"}],"about":[{"href":"https:\/\/provanum.com\/sv\/wp-json\/wp\/v2\/types\/page"}],"author":[{"embeddable":true,"href":"https:\/\/provanum.com\/sv\/wp-json\/wp\/v2\/users\/3"}],"replies":[{"embeddable":true,"href":"https:\/\/provanum.com\/sv\/wp-json\/wp\/v2\/comments?post=5535"}],"version-history":[{"count":5,"href":"https:\/\/provanum.com\/sv\/wp-json\/wp\/v2\/pages\/5535\/revisions"}],"predecessor-version":[{"id":9160,"href":"https:\/\/provanum.com\/sv\/wp-json\/wp\/v2\/pages\/5535\/revisions\/9160"}],"wp:attachment":[{"href":"https:\/\/provanum.com\/sv\/wp-json\/wp\/v2\/media?parent=5535"}],"curies":[{"name":"wp","href":"https:\/\/api.w.org\/{rel}","templated":true}]}}