{"id":5417,"date":"2015-01-31T21:10:14","date_gmt":"2015-01-31T21:10:14","guid":{"rendered":"https:\/\/provanum.com\/?page_id=5417"},"modified":"2021-09-29T14:41:23","modified_gmt":"2021-09-29T12:41:23","slug":"information-control-for-submissions","status":"publish","type":"page","link":"https:\/\/provanum.com\/sv\/projekt\/informationskontroll-vid-inleveranser\/","title":{"rendered":"Informationskontroll vid inleveranser"},"content":{"rendered":"<div class=\"wpb-content-wrapper\">[vc_row][vc_column width=&#8221;2\/3&#8243;][vc_column_text css=&#8221;.vc_custom_1632919186828{margin-bottom: 0px !important;}&#8221;]\n<h1>Informationskontroll vid inleveranser<\/h1>\n<p>Samordning och leveranskontroller av information \u00e4r en viktig del som \u00e4r sv\u00e5r\u00f6versk\u00e5dlig i den digitala v\u00e4rlden och d\u00e4rf\u00f6r ofta blir d\u00e5ligt utf\u00f6rd. Resultatet blir att mottagaren oftast inte erh\u00e5ller den kvalitet som avtalats, utan informationen kr\u00e4ver kostsam omarbetning och kvalitetsh\u00f6jande till\u00e4ggsarbeten. Leveranskontroller ska planeras redan i upphandlingsunderlagen, och inte hanteras p\u00e5 annorlunda s\u00e4tt \u00e4n genom sedvanliga gransknings- och godk\u00e4nnandeprocesser.<\/p>\n<p>Det som tillkommer i den digitala v\u00e4rlden \u00e4r att \u00e4ven kontrollera den inbyggda digitala strukturen i underlagen, s\u00e5 att informationen relativt enkelt kan importeras i f\u00f6rvaltningssystemen. Med en projektportal kan arbetet med samordning och leveranskontroller sk\u00f6tas av externa parter p\u00e5 distans. Det \u00f6kar m\u00f6jligheten till snabbare tillg\u00e4nglighet och l\u00e4gre kostnader. Behovet av den interna arbetsinsatsen blir mer fokuserad p\u00e5 informationsinneh\u00e5llet \u00e4n p\u00e5 filadministrationen. Dokumentfilerna kan kontrolleras med avseende p\u00e5 intern informationsstruktur och relationer mellan filer. Eventuella justeringar kan g\u00f6ras innan dokumentationen godk\u00e4nns och \u00e5terl\u00e4mnas till f\u00f6rvaltningen. \u00c4ven formella godk\u00e4nnandeprocesser kan genomf\u00f6ras, exempelvis f\u00f6r att uppfylla formella kontraktskrav p\u00e5 godk\u00e4nnanden f\u00f6re betalning av utf\u00f6rt arbete.<\/p>\n<p>Alla nya och reviderade dokument ska granskas och godk\u00e4nnas innan de kan accepteras. Kontrollen g\u00f6rs med st\u00f6d av de krav som anges i svensk standard och svenska rekommendationer, exempelvis Bygghandlingar 90, del 8 och den internationella standarden SS-EN 82 045. Till dessa standarder har vi anpassat v\u00e5r Trix Leveransspecifikation som fokuserar p\u00e5 speciellt viktiga krav vid digitala inleveranser. Detta \u00e4r en stor f\u00f6rdel i kvalitetsarbetet och st\u00f6djer moderna metoder.[\/vc_column_text][\/vc_column][vc_column width=&#8221;1\/3&#8243;][vc_single_image image=&#8221;6060&#8243; img_size=&#8221;full&#8221;][\/vc_column][\/vc_row]\n<\/div>","protected":false},"excerpt":{"rendered":"<p>[vc_row][vc_column width=&#8221;2\/3&#8243;][vc_column_text css=&#8221;.vc_custom_1632919186828{margin-bottom: 0px !important;}&#8221;] Informationskontroll vid inleveranser Samordning och leveranskontroller av information \u00e4r en viktig del som \u00e4r sv\u00e5r\u00f6versk\u00e5dlig i den digitala v\u00e4rlden och d\u00e4rf\u00f6r ofta blir d\u00e5ligt utf\u00f6rd. Resultatet blir att mottagaren oftast inte erh\u00e5ller den kvalitet som avtalats, utan informationen kr\u00e4ver kostsam omarbetning och kvalitetsh\u00f6jande till\u00e4ggsarbeten. Leveranskontroller ska planeras redan i upphandlingsunderlagen, [&hellip;]<\/p>\n","protected":false},"author":3,"featured_media":0,"parent":4837,"menu_order":0,"comment_status":"closed","ping_status":"open","template":"","meta":{"_acf_changed":false,"footnotes":""},"class_list":["post-5417","page","type-page","status-publish","hentry"],"translation":{"provider":"WPGlobus","version":"3.0.2","language":"sv","enabled_languages":["en","sv"],"languages":{"en":{"title":true,"content":true,"excerpt":false},"sv":{"title":true,"content":true,"excerpt":false}}},"acf":[],"yoast_head":"<!-- This site is optimized with the Yoast SEO plugin v27.4 - https:\/\/yoast.com\/product\/yoast-seo-wordpress\/ -->\n<title>Informationskontroll vid inleveranser - Provanum<\/title>\n<meta name=\"robots\" content=\"index, follow, max-snippet:-1, max-image-preview:large, max-video-preview:-1\" \/>\n<link rel=\"canonical\" href=\"https:\/\/provanum.com\/projects\/information-control-for-submissions\/\" \/>\n<meta name=\"twitter:label1\" content=\"Ber\u00e4knad l\u00e4stid\" \/>\n\t<meta name=\"twitter:data1\" content=\"2 minuter\" \/>\n<script type=\"application\/ld+json\" class=\"yoast-schema-graph\">{\"@context\":\"https:\\\/\\\/schema.org\",\"@graph\":[{\"@type\":\"WebPage\",\"@id\":\"https:\\\/\\\/provanum.com\\\/projects\\\/information-control-for-submissions\\\/\",\"url\":\"https:\\\/\\\/provanum.com\\\/projects\\\/information-control-for-submissions\\\/\",\"name\":\"Informationskontroll vid inleveranser - Provanum\",\"isPartOf\":{\"@id\":\"https:\\\/\\\/provanum.com\\\/#website\"},\"datePublished\":\"2015-01-31T21:10:14+00:00\",\"dateModified\":\"2021-09-29T12:41:23+00:00\",\"breadcrumb\":{\"@id\":\"https:\\\/\\\/provanum.com\\\/projects\\\/information-control-for-submissions\\\/#breadcrumb\"},\"inLanguage\":\"sv-SE\",\"potentialAction\":[{\"@type\":\"ReadAction\",\"target\":[\"https:\\\/\\\/provanum.com\\\/projects\\\/information-control-for-submissions\\\/\"]}]},{\"@type\":\"BreadcrumbList\",\"@id\":\"https:\\\/\\\/provanum.com\\\/projects\\\/information-control-for-submissions\\\/#breadcrumb\",\"itemListElement\":[{\"@type\":\"ListItem\",\"position\":1,\"name\":\"Home\",\"item\":\"https:\\\/\\\/provanum.com\\\/\"},{\"@type\":\"ListItem\",\"position\":2,\"name\":\"Projects\",\"item\":\"https:\\\/\\\/provanum.com\\\/projects\\\/\"},{\"@type\":\"ListItem\",\"position\":3,\"name\":\"Control of information on deliveries\"}]},{\"@type\":\"WebSite\",\"@id\":\"https:\\\/\\\/provanum.com\\\/#website\",\"url\":\"https:\\\/\\\/provanum.com\\\/\",\"name\":\"Provanum\",\"description\":\"Ingenj\u00f6rsbaserad dokumenthantering\",\"publisher\":{\"@id\":\"https:\\\/\\\/provanum.com\\\/#organization\"},\"potentialAction\":[{\"@type\":\"SearchAction\",\"target\":{\"@type\":\"EntryPoint\",\"urlTemplate\":\"https:\\\/\\\/provanum.com\\\/?s={search_term_string}\"},\"query-input\":{\"@type\":\"PropertyValueSpecification\",\"valueRequired\":true,\"valueName\":\"search_term_string\"}}],\"inLanguage\":\"sv-SE\"},{\"@type\":\"Organization\",\"@id\":\"https:\\\/\\\/provanum.com\\\/#organization\",\"name\":\"Provanum\",\"url\":\"https:\\\/\\\/provanum.com\\\/\",\"logo\":{\"@type\":\"ImageObject\",\"inLanguage\":\"sv-SE\",\"@id\":\"https:\\\/\\\/provanum.com\\\/#\\\/schema\\\/logo\\\/image\\\/\",\"url\":\"https:\\\/\\\/provanum.com\\\/wp-content\\\/uploads\\\/2015\\\/01\\\/TrixSolution2.png\",\"contentUrl\":\"https:\\\/\\\/provanum.com\\\/wp-content\\\/uploads\\\/2015\\\/01\\\/TrixSolution2.png\",\"width\":300,\"height\":305,\"caption\":\"Provanum\"},\"image\":{\"@id\":\"https:\\\/\\\/provanum.com\\\/#\\\/schema\\\/logo\\\/image\\\/\"}}]}<\/script>\n<!-- \/ Yoast SEO plugin. -->","yoast_head_json":{"title":"Informationskontroll vid inleveranser - Provanum","robots":{"index":"index","follow":"follow","max-snippet":"max-snippet:-1","max-image-preview":"max-image-preview:large","max-video-preview":"max-video-preview:-1"},"canonical":"https:\/\/provanum.com\/projects\/information-control-for-submissions\/","twitter_misc":{"Ber\u00e4knad l\u00e4stid":"2 minuter"},"schema":{"@context":"https:\/\/schema.org","@graph":[{"@type":"WebPage","@id":"https:\/\/provanum.com\/projects\/information-control-for-submissions\/","url":"https:\/\/provanum.com\/projects\/information-control-for-submissions\/","name":"Informationskontroll vid inleveranser - Provanum","isPartOf":{"@id":"https:\/\/provanum.com\/#website"},"datePublished":"2015-01-31T21:10:14+00:00","dateModified":"2021-09-29T12:41:23+00:00","breadcrumb":{"@id":"https:\/\/provanum.com\/projects\/information-control-for-submissions\/#breadcrumb"},"inLanguage":"sv-SE","potentialAction":[{"@type":"ReadAction","target":["https:\/\/provanum.com\/projects\/information-control-for-submissions\/"]}]},{"@type":"BreadcrumbList","@id":"https:\/\/provanum.com\/projects\/information-control-for-submissions\/#breadcrumb","itemListElement":[{"@type":"ListItem","position":1,"name":"Home","item":"https:\/\/provanum.com\/"},{"@type":"ListItem","position":2,"name":"Projects","item":"https:\/\/provanum.com\/projects\/"},{"@type":"ListItem","position":3,"name":"Control of information on deliveries"}]},{"@type":"WebSite","@id":"https:\/\/provanum.com\/#website","url":"https:\/\/provanum.com\/","name":"Provanum","description":"Ingenj\u00f6rsbaserad dokumenthantering","publisher":{"@id":"https:\/\/provanum.com\/#organization"},"potentialAction":[{"@type":"SearchAction","target":{"@type":"EntryPoint","urlTemplate":"https:\/\/provanum.com\/?s={search_term_string}"},"query-input":{"@type":"PropertyValueSpecification","valueRequired":true,"valueName":"search_term_string"}}],"inLanguage":"sv-SE"},{"@type":"Organization","@id":"https:\/\/provanum.com\/#organization","name":"Provanum","url":"https:\/\/provanum.com\/","logo":{"@type":"ImageObject","inLanguage":"sv-SE","@id":"https:\/\/provanum.com\/#\/schema\/logo\/image\/","url":"https:\/\/provanum.com\/wp-content\/uploads\/2015\/01\/TrixSolution2.png","contentUrl":"https:\/\/provanum.com\/wp-content\/uploads\/2015\/01\/TrixSolution2.png","width":300,"height":305,"caption":"Provanum"},"image":{"@id":"https:\/\/provanum.com\/#\/schema\/logo\/image\/"}}]}},"_links":{"self":[{"href":"https:\/\/provanum.com\/sv\/wp-json\/wp\/v2\/pages\/5417","targetHints":{"allow":["GET"]}}],"collection":[{"href":"https:\/\/provanum.com\/sv\/wp-json\/wp\/v2\/pages"}],"about":[{"href":"https:\/\/provanum.com\/sv\/wp-json\/wp\/v2\/types\/page"}],"author":[{"embeddable":true,"href":"https:\/\/provanum.com\/sv\/wp-json\/wp\/v2\/users\/3"}],"replies":[{"embeddable":true,"href":"https:\/\/provanum.com\/sv\/wp-json\/wp\/v2\/comments?post=5417"}],"version-history":[{"count":5,"href":"https:\/\/provanum.com\/sv\/wp-json\/wp\/v2\/pages\/5417\/revisions"}],"predecessor-version":[{"id":9466,"href":"https:\/\/provanum.com\/sv\/wp-json\/wp\/v2\/pages\/5417\/revisions\/9466"}],"up":[{"embeddable":true,"href":"https:\/\/provanum.com\/sv\/wp-json\/wp\/v2\/pages\/4837"}],"wp:attachment":[{"href":"https:\/\/provanum.com\/sv\/wp-json\/wp\/v2\/media?parent=5417"}],"curies":[{"name":"wp","href":"https:\/\/api.w.org\/{rel}","templated":true}]}}