{"id":5399,"date":"2015-01-31T12:42:54","date_gmt":"2015-01-31T12:42:54","guid":{"rendered":"https:\/\/provanum.com\/?page_id=5399"},"modified":"2021-10-03T12:33:41","modified_gmt":"2021-10-03T10:33:41","slug":"installation-configuration","status":"publish","type":"page","link":"https:\/\/provanum.com\/sv\/specialisttjanster\/installation-konfigurering\/","title":{"rendered":"Installation &#038; konfigurering"},"content":{"rendered":"<div class=\"wpb-content-wrapper\">[vc_row][vc_column width=&#8221;2\/3&#8243;][vc_column_text css=&#8221;.vc_custom_1632919819397{margin-bottom: 0px !important;}&#8221;]\n<h1>Installation &amp; konfigurering<\/h1>\n<p>Installationen av en Trix-produkt \u00e4r relativt enkel att genomf\u00f6ra. D\u00e4remot \u00e4r det lite mer komplicerat n\u00e4r kraven p\u00e5 sekretess och s\u00e4kerhet i kombination med aktuell IT-policy ska uppfyllas. P\u00e5 samma s\u00e4tt st\u00e4lls det st\u00f6rre krav p\u00e5 anpassningen som g\u00f6rs med hj\u00e4lp av konfigureringen av Trix-produkten, eller mer komplicerat med hj\u00e4lp av en ren kundanpassning av funktionaliteten.<\/p>\n<p>En annan del som \u00e4r viktig \u00e4r datamigreringen av v\u00e5ra kunders befintliga datavolymer till Trix-produkten. Det \u00e4r naturligtvis v\u00e4ldigt viktigt att kunna flytta befintliga data utan att f\u00f6rlora vare sig inneh\u00e5ll eller struktur. Helst ska det ocks\u00e5 g\u00e5 att f\u00f6rb\u00e4ttra strukturen vid etableringen i det nya systemet.<\/p>\n<p>Vi erbjuder v\u00e5rt systemst\u00f6d inneh\u00e5llande olika delmoment som tillsammans t\u00e4cker de n\u00f6dv\u00e4ndiga behoven vi ser. Nedan presenteras de olika delmomenten.[\/vc_column_text][vc_toggle title=&#8221;Installation&#8221; el_class=&#8221;faq-style&#8221;]I v\u00e5r standardinstallation utf\u00f6rs installationen p\u00e5 er applikationsserver och databasen p\u00e5 en Microsoft SQL Server. Licenshanteraren installeras p\u00e5 applikationsservern, och \u00f6verenskommen licensnyckel registreras. Om webbklienter ska anv\u00e4ndas m\u00e5ste en webbserver installeras p\u00e5 applikationsservern, och om externa anv\u00e4ndare ska kunna logga in, kr\u00e4vs dessutom DMZ-servrar utanf\u00f6r brandv\u00e4ggarna och port\u00f6ppningar m\u00e5ste g\u00f6ras i dessa \u2013allt enligt kundens standard.<\/p>\n<p>Vid uppdatering fr\u00e5n tidigare version kontrolleras kundens databas s\u00e5 att all data bevaras, samtidigt som databasen uppdateras. Detta g\u00f6rs p\u00e5 en kopia f\u00f6re sj\u00e4lva installationen.<\/p>\n<p>Arbetet med installation och konfigurering varierar efter behov och \u00f6nskem\u00e5l. Den exakta servermilj\u00f6n beror p\u00e5 hur det ser ut hos varje kund och avg\u00f6rs f\u00f6re installationen.<\/p>\n<p>Klientprogramvaran m\u00e5ste installeras separat p\u00e5 varje klientdator eller genom central programdistribution.<\/p>\n<p>Vi beh\u00f6ver f\u00e5 tillg\u00e5ng till alla serverresurser som ber\u00f6rs av installationen, samt av den interna personal som ska vara behj\u00e4lplig.[\/vc_toggle][vc_toggle title=&#8221;Konfigurering&#8221; el_class=&#8221;faq-style&#8221;]N\u00e4r installationen \u00e4r utf\u00f6rd, och fungerar som t\u00e4nkt, ska systemet konfigureras. Den viktigaste delen i det arbetet avser anv\u00e4ndare, anv\u00e4ndargrupper och licenstyper samt f\u00f6rdelning av licenser. Andra delar \u00e4r konfigurering av metadataf\u00e4lt, objekttyper, funktionsalternativ och rapporter. Eftersom varje ny version av v\u00e5ra Trix-produkter inneh\u00e5ller till\u00e4gg och f\u00f6r\u00e4ndringar, m\u00e5ste \u00e5tminstone n\u00e5gon form av genomg\u00e5ng och etablering av dessa nyheter g\u00f6ras \u00e5rsvis.<\/p>\n<p>N\u00e4r installationen \u00e4r utf\u00f6rd, och fungerar som t\u00e4nkt, ska systemet konfigureras. Den viktigaste delen i det arbetet avser anv\u00e4ndare, anv\u00e4ndargrupper, licenstyper och f\u00f6rdelning av licenser. D\u00e4refter f\u00f6ljer best\u00e4mning av informationsstrukturer som ska vara utredda i f\u00f6rv\u00e4g.<\/p>\n<p>Arbetet kr\u00e4ver ett f\u00f6rarbete s\u00e5 att de \u00f6nskade alternativen \u00e4r klarlagda. Detta g\u00f6rs normalt genom systemdesignen.[\/vc_toggle][vc_toggle title=&#8221;Systemdesign&#8221; el_class=&#8221;faq-style&#8221;]Hur systeml\u00f6sningen ska se ut best\u00e4ms under arbetet med systemdesignen, som utg\u00e5r fr\u00e5n angivna f\u00f6ruts\u00e4ttningar, varifr\u00e5n systemets uppbyggnad fastst\u00e4lls. Normalt utg\u00e5r arbetet fr\u00e5n en genomf\u00f6rd f\u00f6rstudie eller motsvarande utf\u00f6rt och aktuellt arbete. Syftet med systemdesignen \u00e4r att konfigurera systemet att st\u00f6dja de verksamhetsprocesser som redovisats och diskuterats under f\u00f6rstudien. Detta g\u00e4ller s\u00e5v\u00e4l olika anv\u00e4ndargruppers behov som dokumentstrukturer och er g\u00e4llande IT-policy.<\/p>\n<p>Det \u00e4r viktigt att ni f\u00f6rser oss med n\u00f6dv\u00e4ndiga uppgifter, d\u00e5 dessa ligger till grund f\u00f6r v\u00e5r systemdesign. P\u00e5 detta s\u00e4tt skapas en f\u00f6r er verksamhet optimerad konfiguration, baserad p\u00e5 aktuella planer och beslut[\/vc_toggle][vc_toggle title=&#8221;Systemintegration&#8221; el_class=&#8221;faq-style&#8221;]Ett nytt dokument- och informationssystem kan beh\u00f6va integreras tekniskt med andra system, exempelvis f\u00f6r att utbyta information i syfte att undvika dubbellagring. Om detta visar sig l\u00f6nsamt och genomf\u00f6rbart att automatisera kr\u00e4vs en systemintegration.<\/p>\n<p>V\u00e5ra Trix-produkter \u00e4r f\u00f6rberedda f\u00f6r modern systemintegration baserad p\u00e5 REST (REpresentational State Transfer). Dessa programmerbara gr\u00e4nssnitt \u00e4r standard i branschen och underst\u00f6djer en robust och drifts\u00e4ker anslutning till andra system.<\/p>\n<p>En genomf\u00f6rd f\u00f6rstudie b\u00f6r ha identifierat behovet och sj\u00e4lva systemintegrationen inleds med ett arbete som b\u00f6rjar med en detaljstudie om de tekniska f\u00f6ruts\u00e4ttningarna. En f\u00f6rstudie kr\u00e4ver alltid aktiv medverkan fr\u00e5n samtliga ber\u00f6rda parter.[\/vc_toggle][vc_toggle title=&#8221;Systemdrift&#8221; el_class=&#8221;faq-style&#8221;]Vi kan ombes\u00f6rja drift av Trix-produkterna som en del av en molntj\u00e4nst. I detta fall levereras servertj\u00e4nsterna av v\u00e5r samarbetspartner d\u00e4r placeringen av servrarna best\u00e4ms av kunden. F\u00f6rdelen med ett s\u00e5dant uppl\u00e4gg \u00e4r att varje part hanterar sin del av ansvaret med direktkontakt med kunden, ungef\u00e4r som en utbyggd IT-avdelning.<\/p>\n<p>I regel sker systemdriften via ett avtal om systemdrift, ett f\u00f6r servertj\u00e4nsten och ett annat f\u00f6r Trix-tj\u00e4nsten, d\u00e4r all erforderlig support ing\u00e5r.<\/p>\n<p>Vi erbjuder denna tj\u00e4nst vid behov i samband med leveranser av v\u00e5ra Trix-produkter.[\/vc_toggle][\/vc_column][vc_column width=&#8221;1\/3&#8243;][vc_single_image image=&#8221;7397&#8243; img_size=&#8221;full&#8221;][vc_single_image image=&#8221;5923&#8243; img_size=&#8221;full&#8221;][\/vc_column][\/vc_row]\n<\/div>","protected":false},"excerpt":{"rendered":"<p>[vc_row][vc_column width=&#8221;2\/3&#8243;][vc_column_text css=&#8221;.vc_custom_1632919819397{margin-bottom: 0px !important;}&#8221;] Installation &amp; konfigurering Installationen av en Trix-produkt \u00e4r relativt enkel att genomf\u00f6ra. D\u00e4remot \u00e4r det lite mer komplicerat n\u00e4r kraven p\u00e5 sekretess och s\u00e4kerhet i kombination med aktuell IT-policy ska uppfyllas. P\u00e5 samma s\u00e4tt st\u00e4lls det st\u00f6rre krav p\u00e5 anpassningen som g\u00f6rs med hj\u00e4lp av konfigureringen av Trix-produkten, eller mer [&hellip;]<\/p>\n","protected":false},"author":3,"featured_media":0,"parent":4459,"menu_order":0,"comment_status":"closed","ping_status":"open","template":"","meta":{"_acf_changed":false,"footnotes":""},"class_list":["post-5399","page","type-page","status-publish","hentry"],"translation":{"provider":"WPGlobus","version":"3.0.2","language":"sv","enabled_languages":["en","sv"],"languages":{"en":{"title":true,"content":true,"excerpt":false},"sv":{"title":true,"content":true,"excerpt":false}}},"acf":[],"yoast_head":"<!-- This site is optimized with the Yoast SEO plugin v27.4 - https:\/\/yoast.com\/product\/yoast-seo-wordpress\/ -->\n<title>Installation &amp; konfigurering - Provanum<\/title>\n<meta name=\"robots\" content=\"index, follow, max-snippet:-1, max-image-preview:large, max-video-preview:-1\" \/>\n<link rel=\"canonical\" href=\"https:\/\/provanum.com\/specialist-services\/installation-configuration\/\" \/>\n<meta name=\"twitter:label1\" content=\"Ber\u00e4knad l\u00e4stid\" \/>\n\t<meta name=\"twitter:data1\" content=\"3 minuter\" \/>\n<script type=\"application\/ld+json\" class=\"yoast-schema-graph\">{\"@context\":\"https:\\\/\\\/schema.org\",\"@graph\":[{\"@type\":\"WebPage\",\"@id\":\"https:\\\/\\\/provanum.com\\\/specialist-services\\\/installation-configuration\\\/\",\"url\":\"https:\\\/\\\/provanum.com\\\/specialist-services\\\/installation-configuration\\\/\",\"name\":\"Installation & konfigurering - Provanum\",\"isPartOf\":{\"@id\":\"https:\\\/\\\/provanum.com\\\/#website\"},\"datePublished\":\"2015-01-31T12:42:54+00:00\",\"dateModified\":\"2021-10-03T10:33:41+00:00\",\"breadcrumb\":{\"@id\":\"https:\\\/\\\/provanum.com\\\/specialist-services\\\/installation-configuration\\\/#breadcrumb\"},\"inLanguage\":\"sv-SE\",\"potentialAction\":[{\"@type\":\"ReadAction\",\"target\":[\"https:\\\/\\\/provanum.com\\\/specialist-services\\\/installation-configuration\\\/\"]}]},{\"@type\":\"BreadcrumbList\",\"@id\":\"https:\\\/\\\/provanum.com\\\/specialist-services\\\/installation-configuration\\\/#breadcrumb\",\"itemListElement\":[{\"@type\":\"ListItem\",\"position\":1,\"name\":\"Home\",\"item\":\"https:\\\/\\\/provanum.com\\\/\"},{\"@type\":\"ListItem\",\"position\":2,\"name\":\"Specialist services\",\"item\":\"https:\\\/\\\/provanum.com\\\/specialist-services\\\/\"},{\"@type\":\"ListItem\",\"position\":3,\"name\":\"Installation &#038; configuration\"}]},{\"@type\":\"WebSite\",\"@id\":\"https:\\\/\\\/provanum.com\\\/#website\",\"url\":\"https:\\\/\\\/provanum.com\\\/\",\"name\":\"Provanum\",\"description\":\"Ingenj\u00f6rsbaserad dokumenthantering\",\"publisher\":{\"@id\":\"https:\\\/\\\/provanum.com\\\/#organization\"},\"potentialAction\":[{\"@type\":\"SearchAction\",\"target\":{\"@type\":\"EntryPoint\",\"urlTemplate\":\"https:\\\/\\\/provanum.com\\\/?s={search_term_string}\"},\"query-input\":{\"@type\":\"PropertyValueSpecification\",\"valueRequired\":true,\"valueName\":\"search_term_string\"}}],\"inLanguage\":\"sv-SE\"},{\"@type\":\"Organization\",\"@id\":\"https:\\\/\\\/provanum.com\\\/#organization\",\"name\":\"Provanum\",\"url\":\"https:\\\/\\\/provanum.com\\\/\",\"logo\":{\"@type\":\"ImageObject\",\"inLanguage\":\"sv-SE\",\"@id\":\"https:\\\/\\\/provanum.com\\\/#\\\/schema\\\/logo\\\/image\\\/\",\"url\":\"https:\\\/\\\/provanum.com\\\/wp-content\\\/uploads\\\/2015\\\/01\\\/TrixSolution2.png\",\"contentUrl\":\"https:\\\/\\\/provanum.com\\\/wp-content\\\/uploads\\\/2015\\\/01\\\/TrixSolution2.png\",\"width\":300,\"height\":305,\"caption\":\"Provanum\"},\"image\":{\"@id\":\"https:\\\/\\\/provanum.com\\\/#\\\/schema\\\/logo\\\/image\\\/\"}}]}<\/script>\n<!-- \/ Yoast SEO plugin. -->","yoast_head_json":{"title":"Installation & konfigurering - Provanum","robots":{"index":"index","follow":"follow","max-snippet":"max-snippet:-1","max-image-preview":"max-image-preview:large","max-video-preview":"max-video-preview:-1"},"canonical":"https:\/\/provanum.com\/specialist-services\/installation-configuration\/","twitter_misc":{"Ber\u00e4knad l\u00e4stid":"3 minuter"},"schema":{"@context":"https:\/\/schema.org","@graph":[{"@type":"WebPage","@id":"https:\/\/provanum.com\/specialist-services\/installation-configuration\/","url":"https:\/\/provanum.com\/specialist-services\/installation-configuration\/","name":"Installation & konfigurering - Provanum","isPartOf":{"@id":"https:\/\/provanum.com\/#website"},"datePublished":"2015-01-31T12:42:54+00:00","dateModified":"2021-10-03T10:33:41+00:00","breadcrumb":{"@id":"https:\/\/provanum.com\/specialist-services\/installation-configuration\/#breadcrumb"},"inLanguage":"sv-SE","potentialAction":[{"@type":"ReadAction","target":["https:\/\/provanum.com\/specialist-services\/installation-configuration\/"]}]},{"@type":"BreadcrumbList","@id":"https:\/\/provanum.com\/specialist-services\/installation-configuration\/#breadcrumb","itemListElement":[{"@type":"ListItem","position":1,"name":"Home","item":"https:\/\/provanum.com\/"},{"@type":"ListItem","position":2,"name":"Specialist services","item":"https:\/\/provanum.com\/specialist-services\/"},{"@type":"ListItem","position":3,"name":"Installation &#038; configuration"}]},{"@type":"WebSite","@id":"https:\/\/provanum.com\/#website","url":"https:\/\/provanum.com\/","name":"Provanum","description":"Ingenj\u00f6rsbaserad dokumenthantering","publisher":{"@id":"https:\/\/provanum.com\/#organization"},"potentialAction":[{"@type":"SearchAction","target":{"@type":"EntryPoint","urlTemplate":"https:\/\/provanum.com\/?s={search_term_string}"},"query-input":{"@type":"PropertyValueSpecification","valueRequired":true,"valueName":"search_term_string"}}],"inLanguage":"sv-SE"},{"@type":"Organization","@id":"https:\/\/provanum.com\/#organization","name":"Provanum","url":"https:\/\/provanum.com\/","logo":{"@type":"ImageObject","inLanguage":"sv-SE","@id":"https:\/\/provanum.com\/#\/schema\/logo\/image\/","url":"https:\/\/provanum.com\/wp-content\/uploads\/2015\/01\/TrixSolution2.png","contentUrl":"https:\/\/provanum.com\/wp-content\/uploads\/2015\/01\/TrixSolution2.png","width":300,"height":305,"caption":"Provanum"},"image":{"@id":"https:\/\/provanum.com\/#\/schema\/logo\/image\/"}}]}},"_links":{"self":[{"href":"https:\/\/provanum.com\/sv\/wp-json\/wp\/v2\/pages\/5399","targetHints":{"allow":["GET"]}}],"collection":[{"href":"https:\/\/provanum.com\/sv\/wp-json\/wp\/v2\/pages"}],"about":[{"href":"https:\/\/provanum.com\/sv\/wp-json\/wp\/v2\/types\/page"}],"author":[{"embeddable":true,"href":"https:\/\/provanum.com\/sv\/wp-json\/wp\/v2\/users\/3"}],"replies":[{"embeddable":true,"href":"https:\/\/provanum.com\/sv\/wp-json\/wp\/v2\/comments?post=5399"}],"version-history":[{"count":18,"href":"https:\/\/provanum.com\/sv\/wp-json\/wp\/v2\/pages\/5399\/revisions"}],"predecessor-version":[{"id":7413,"href":"https:\/\/provanum.com\/sv\/wp-json\/wp\/v2\/pages\/5399\/revisions\/7413"}],"up":[{"embeddable":true,"href":"https:\/\/provanum.com\/sv\/wp-json\/wp\/v2\/pages\/4459"}],"wp:attachment":[{"href":"https:\/\/provanum.com\/sv\/wp-json\/wp\/v2\/media?parent=5399"}],"curies":[{"name":"wp","href":"https:\/\/api.w.org\/{rel}","templated":true}]}}