{"id":5384,"date":"2015-01-30T22:53:35","date_gmt":"2015-01-30T22:53:35","guid":{"rendered":"https:\/\/provanum.com\/?page_id=5384"},"modified":"2021-10-03T12:31:30","modified_gmt":"2021-10-03T10:31:30","slug":"business-support","status":"publish","type":"page","link":"https:\/\/provanum.com\/sv\/specialisttjanster\/affarsstod\/","title":{"rendered":"Aff\u00e4rsst\u00f6d"},"content":{"rendered":"<div class=\"wpb-content-wrapper\">[vc_row][vc_column width=&#8221;2\/3&#8243;][vc_column_text css=&#8221;.vc_custom_1632919546291{margin-bottom: 0px !important;}&#8221;]\n<h1>Aff\u00e4rsst\u00f6d<\/h1>\n<p>Den optimala nyttan med dokument-och informationshanteringen uppst\u00e5r n\u00e4r de olika arbetsprocesserna fungerar tillsammans p\u00e5 ett effektivt s\u00e4tt. Verksamheten styrs av kontinuerliga krav p\u00e5 vinstgenerering, b\u00e5de som en \u00f6verlevnadsfaktor och vinstgenerator. Med aff\u00e4rsnyttan i fokus ska de olika arbetsprocesserna utformas och anpassas efter verksamhetens krav s\u00e5 att vinstkravet blir uppfyllt. Metoder och verktyg \u00e4r grunden i hur detta kan utveckla, och beskrivs i arbetsprocesser och procedurer.<\/p>\n<p>Vi utvecklar Trix-produkterna till effektiva verktyg. Dessa kan emellertid inte fungera optimalt utan samverkande procedurer som bidrar till en effektiv arbetsprocess.<\/p>\n<p>V\u00e5rt m\u00e5l \u00e4r att erbjuda ett aff\u00e4rst\u00f6d som tillsammans med v\u00e5ra Trix-produkter bildar ett komplett och effektivt system, som passar in i v\u00e5r kunds verksamhet.[\/vc_column_text][vc_toggle title=&#8221;Strategisk r\u00e5dgivning&#8221; el_class=&#8221;faq-style&#8221;]Strategisk r\u00e5dgivning erbjuder tillg\u00e5ng till v\u00e5ra erfarenheter, v\u00e5r branschvana och v\u00e5rt kontaktn\u00e4t. Vi avser att gemensamt och \u00e5rsvis klarl\u00e4gga aktuella fr\u00e5gest\u00e4llningar och behov som b\u00e5da parter har intresse av, samt f\u00f6r att skapa grundl\u00e4ggande aktiviteter som i sin tur m\u00f6jligg\u00f6r ett smidigt samarbete. M\u00f6tet \u00e4r ett lednings- och planeringsm\u00f6te som behandlar marknad och teknik, aktuella behov, anv\u00e4ndningen av Trix-produkter samt budget och planering.[\/vc_toggle][vc_toggle title=&#8221;Aff\u00e4rsprocessutveckling&#8221; el_class=&#8221;faq-style&#8221;]I samband med att informationen digitaliseras kr\u00e4vs det att tillh\u00f6rande procedurer omarbetas och optimeras. Risken f\u00f6r att medarbetarna forts\u00e4tter i gamla hjulsp\u00e5r \u00e4r annars stor. D\u00e4refter ska procedurerna underh\u00e5llas och f\u00f6rb\u00e4ttras minst \u00e5rsvis. Vi erbjuder st\u00f6d f\u00f6r en kontinuerlig f\u00f6rb\u00e4ttring av processerna kring dokument- och informationshanteringen. Ett lyckat inf\u00f6rande kr\u00e4ver tydliga m\u00e5ls\u00e4ttningar, f\u00f6r\u00e4ndrade arbetsprocesser och god kommunikationsf\u00f6rm\u00e5ga, samt bred kompetens f\u00f6r att integrera nya processer och programverktyg. Detta st\u00f6d omfattar bland annat rutiner f\u00f6r digital hantering av olika slag, exempelvis \u00f6kad tillg\u00e4nglighet, hantering av revideringar samt s\u00e4kerhet och sekretess.[\/vc_toggle][vc_toggle title=&#8221;Informationsstrukturering&#8221; el_class=&#8221;faq-style&#8221;]V\u00e5r erfarenhet \u00e4r att den dokument- och informationsstrukturering som beh\u00f6vs vid digital hantering st\u00e4ller h\u00f6gre krav p\u00e5 h\u00f6g kvalitet \u00e4n vid manuell hantering. Detta \u00e4r en av f\u00f6rdelarna med ett digitalt arkiv eftersom det skapar en optimal tillg\u00e5ng f\u00f6r verksamheten. Utan h\u00f6g kvalitet f\u00f6rsvinner m\u00f6jligheten till en snabb och exakt s\u00f6kning efter r\u00e4tt information och d\u00e4rmed b\u00e4sta v\u00e4gen till h\u00f6gre konkurrenskraft. Vi f\u00f6ljer svenska och internationella standarder och hj\u00e4lper dig att l\u00f6pande f\u00f6rb\u00e4ttra informationens struktur i syfte att optimera dokument- och informationshanteringen.[\/vc_toggle][vc_toggle title=&#8221;Informationssamordning&#8221; el_class=&#8221;faq-style&#8221;]Digital information blir n\u00e4stan oanv\u00e4ndbar om de digitala strukturerna inte \u00e4r best\u00e4mda och i god ordning d\u00e5 informationen skapas. Varierande behov och krav p\u00e5 olika akt\u00f6rer genererar varierande kvalitet p\u00e5 informationen, b\u00e5de till inneh\u00e5ll och struktur. En fastighets- eller anl\u00e4ggnings\u00e4gare, som ligger sist i leveranskedjan, f\u00e5r s\u00e4llan informationen levererad p\u00e5 ett organiserat s\u00e4tt efter de egna behoven. Ist\u00e4llet kr\u00e4vs ofta mycket kostsamma utredningar f\u00f6r att \u00e5terskapa den n\u00f6dv\u00e4ndiga ordningen. Detta \u00e4r emellertid n\u00e5got som g\u00e5r att f\u00f6rb\u00e4ttra genom samordning och kontroll vid inleveranser. En del av detta arbete utg\u00f6rs av kontroll av inlevererade filer, b\u00e5de cad- och objektmodeller. Vi g\u00f6r avtalade leveranskontroller, s\u00e5 att felen kan f\u00e5 ekonomiska konsekvenser f\u00f6r den som felat. Informationsleveranser omfattar ocks\u00e5 alltmer andra typer av data, exempelvis BIM-relaterad information som utrymmes- och utrustningsegenskaper.[\/vc_toggle][vc_toggle title=&#8221;Datakontroll&#8221; el_id=&#8221;1508002044673-b75720aa-2222&#8243; el_class=&#8221; faq-style&#8221;]All inkommande ny eller f\u00f6r\u00e4ndrad information\u00a0m\u00e5ste kvalitetkontrolleras efter f\u00f6rutbest\u00e4mda krav, vid angivna leveranstidpunkter samt enligt \u00f6verenskomna ramar och f\u00f6ruts\u00e4ttningar. Eftersom det \u00e4r s\u00e5 enkelt att g\u00f6ra digitala f\u00f6r\u00e4ndringar kan m\u00e5nga f\u00f6r\u00e4ndringar g\u00f6ra kontrollarbetet till ett oerh\u00f6rt tids\u00f6dande och d\u00e4rmed kostsamt arbete. Det \u00e4r b\u00e4ttre ur alla synvinklar att begr\u00e4nsa dessa tillf\u00e4llen genom planl\u00e4ggning.<\/p>\n<p>V\u00e5rt arbete sker normalt p\u00e5 distans genom inloggning i kundens system. Detta hj\u00e4lper till att h\u00e5lla kostnaderna nere.[\/vc_toggle][vc_toggle title=&#8221;F\u00f6rstudier&#8221; el_class=&#8221;faq-style&#8221;]F\u00f6rstudier g\u00f6rs f\u00f6r att skapa en tydlig bild av det aktuella behovet f\u00f6re beslutet om investeringen. Det genomf\u00f6rs utifr\u00e5n fastlagda fr\u00e5gest\u00e4llningar om behov hos verksamhetens olika grupper av anv\u00e4ndare, ledningens behov och aktuella IT-behov. Resultatet presenteras som en rapport som kan vara en del i investeringsbeslutet. Utifr\u00e5n resultatet kan d\u00e4refter en genomf\u00f6randeplan fastst\u00e4llas, som dessutom g\u00f6r det m\u00f6jligt att ta fram en l\u00e5ngsiktig int\u00e4kts- och kostnadskalkyl. F\u00f6rstudien hj\u00e4lper till att konkretisera b\u00e5de behov och l\u00f6sning.[\/vc_toggle][vc_toggle title=&#8221;Pilotinstallation&#8221; el_class=&#8221;faq-style&#8221;]N\u00e4r f\u00f6rstudien \u00e4r klar och fastlagd kan resultatet pr\u00f6vas i en pilotinstallation. F\u00f6rdelen med en s\u00e5dan \u00e4r att de planerade \u00e5tg\u00e4rderna kan testas i en verklighetstrogen milj\u00f6, vilket ofta ger en kompletterande bild som leder till justeringar av planen. Nya erfarenheter p\u00e5 ett tidigt stadium v\u00e4gs helt enkelt in. En l\u00e4mplig referensgrupp och omfattning av de framst\u00e4llda behoven testas under en tid och f\u00f6ljs upp med m\u00f6ten och diskussioner. Pilotinstallationen skapar underlag f\u00f6r en mer detaljerad kunskap om de behov som framkommit under f\u00f6rstudien och leder oftast till en revidering av f\u00f6rstudierapporten som ett underlag f\u00f6r investeringsbeslutet.[\/vc_toggle][\/vc_column][vc_column width=&#8221;1\/3&#8243;][vc_single_image image=&#8221;7402&#8243; img_size=&#8221;full&#8221;][vc_single_image image=&#8221;4798&#8243; img_size=&#8221;full&#8221;][\/vc_column][\/vc_row]\n<\/div>","protected":false},"excerpt":{"rendered":"<p>[vc_row][vc_column width=&#8221;2\/3&#8243;][vc_column_text css=&#8221;.vc_custom_1632919546291{margin-bottom: 0px !important;}&#8221;] Aff\u00e4rsst\u00f6d Den optimala nyttan med dokument-och informationshanteringen uppst\u00e5r n\u00e4r de olika arbetsprocesserna fungerar tillsammans p\u00e5 ett effektivt s\u00e4tt. Verksamheten styrs av kontinuerliga krav p\u00e5 vinstgenerering, b\u00e5de som en \u00f6verlevnadsfaktor och vinstgenerator. Med aff\u00e4rsnyttan i fokus ska de olika arbetsprocesserna utformas och anpassas efter verksamhetens krav s\u00e5 att vinstkravet blir uppfyllt. [&hellip;]<\/p>\n","protected":false},"author":3,"featured_media":0,"parent":4459,"menu_order":0,"comment_status":"closed","ping_status":"open","template":"","meta":{"_acf_changed":false,"footnotes":""},"class_list":["post-5384","page","type-page","status-publish","hentry"],"translation":{"provider":"WPGlobus","version":"3.0.2","language":"sv","enabled_languages":["en","sv"],"languages":{"en":{"title":true,"content":true,"excerpt":false},"sv":{"title":true,"content":true,"excerpt":false}}},"acf":[],"yoast_head":"<!-- This site is optimized with the Yoast SEO plugin v27.4 - https:\/\/yoast.com\/product\/yoast-seo-wordpress\/ -->\n<title>Aff\u00e4rsst\u00f6d - Provanum<\/title>\n<meta name=\"robots\" content=\"index, follow, max-snippet:-1, max-image-preview:large, max-video-preview:-1\" \/>\n<link rel=\"canonical\" href=\"https:\/\/provanum.com\/specialist-services\/business-support\/\" \/>\n<meta name=\"twitter:label1\" content=\"Ber\u00e4knad l\u00e4stid\" \/>\n\t<meta name=\"twitter:data1\" content=\"4 minuter\" \/>\n<script type=\"application\/ld+json\" class=\"yoast-schema-graph\">{\"@context\":\"https:\\\/\\\/schema.org\",\"@graph\":[{\"@type\":\"WebPage\",\"@id\":\"https:\\\/\\\/provanum.com\\\/specialist-services\\\/business-support\\\/\",\"url\":\"https:\\\/\\\/provanum.com\\\/specialist-services\\\/business-support\\\/\",\"name\":\"Aff\u00e4rsst\u00f6d - Provanum\",\"isPartOf\":{\"@id\":\"https:\\\/\\\/provanum.com\\\/#website\"},\"datePublished\":\"2015-01-30T22:53:35+00:00\",\"dateModified\":\"2021-10-03T10:31:30+00:00\",\"breadcrumb\":{\"@id\":\"https:\\\/\\\/provanum.com\\\/specialist-services\\\/business-support\\\/#breadcrumb\"},\"inLanguage\":\"sv-SE\",\"potentialAction\":[{\"@type\":\"ReadAction\",\"target\":[\"https:\\\/\\\/provanum.com\\\/specialist-services\\\/business-support\\\/\"]}]},{\"@type\":\"BreadcrumbList\",\"@id\":\"https:\\\/\\\/provanum.com\\\/specialist-services\\\/business-support\\\/#breadcrumb\",\"itemListElement\":[{\"@type\":\"ListItem\",\"position\":1,\"name\":\"Home\",\"item\":\"https:\\\/\\\/provanum.com\\\/\"},{\"@type\":\"ListItem\",\"position\":2,\"name\":\"Specialist services\",\"item\":\"https:\\\/\\\/provanum.com\\\/specialist-services\\\/\"},{\"@type\":\"ListItem\",\"position\":3,\"name\":\"Business support\"}]},{\"@type\":\"WebSite\",\"@id\":\"https:\\\/\\\/provanum.com\\\/#website\",\"url\":\"https:\\\/\\\/provanum.com\\\/\",\"name\":\"Provanum\",\"description\":\"Ingenj\u00f6rsbaserad dokumenthantering\",\"publisher\":{\"@id\":\"https:\\\/\\\/provanum.com\\\/#organization\"},\"potentialAction\":[{\"@type\":\"SearchAction\",\"target\":{\"@type\":\"EntryPoint\",\"urlTemplate\":\"https:\\\/\\\/provanum.com\\\/?s={search_term_string}\"},\"query-input\":{\"@type\":\"PropertyValueSpecification\",\"valueRequired\":true,\"valueName\":\"search_term_string\"}}],\"inLanguage\":\"sv-SE\"},{\"@type\":\"Organization\",\"@id\":\"https:\\\/\\\/provanum.com\\\/#organization\",\"name\":\"Provanum\",\"url\":\"https:\\\/\\\/provanum.com\\\/\",\"logo\":{\"@type\":\"ImageObject\",\"inLanguage\":\"sv-SE\",\"@id\":\"https:\\\/\\\/provanum.com\\\/#\\\/schema\\\/logo\\\/image\\\/\",\"url\":\"https:\\\/\\\/provanum.com\\\/wp-content\\\/uploads\\\/2015\\\/01\\\/TrixSolution2.png\",\"contentUrl\":\"https:\\\/\\\/provanum.com\\\/wp-content\\\/uploads\\\/2015\\\/01\\\/TrixSolution2.png\",\"width\":300,\"height\":305,\"caption\":\"Provanum\"},\"image\":{\"@id\":\"https:\\\/\\\/provanum.com\\\/#\\\/schema\\\/logo\\\/image\\\/\"}}]}<\/script>\n<!-- \/ Yoast SEO plugin. -->","yoast_head_json":{"title":"Aff\u00e4rsst\u00f6d - Provanum","robots":{"index":"index","follow":"follow","max-snippet":"max-snippet:-1","max-image-preview":"max-image-preview:large","max-video-preview":"max-video-preview:-1"},"canonical":"https:\/\/provanum.com\/specialist-services\/business-support\/","twitter_misc":{"Ber\u00e4knad l\u00e4stid":"4 minuter"},"schema":{"@context":"https:\/\/schema.org","@graph":[{"@type":"WebPage","@id":"https:\/\/provanum.com\/specialist-services\/business-support\/","url":"https:\/\/provanum.com\/specialist-services\/business-support\/","name":"Aff\u00e4rsst\u00f6d - Provanum","isPartOf":{"@id":"https:\/\/provanum.com\/#website"},"datePublished":"2015-01-30T22:53:35+00:00","dateModified":"2021-10-03T10:31:30+00:00","breadcrumb":{"@id":"https:\/\/provanum.com\/specialist-services\/business-support\/#breadcrumb"},"inLanguage":"sv-SE","potentialAction":[{"@type":"ReadAction","target":["https:\/\/provanum.com\/specialist-services\/business-support\/"]}]},{"@type":"BreadcrumbList","@id":"https:\/\/provanum.com\/specialist-services\/business-support\/#breadcrumb","itemListElement":[{"@type":"ListItem","position":1,"name":"Home","item":"https:\/\/provanum.com\/"},{"@type":"ListItem","position":2,"name":"Specialist services","item":"https:\/\/provanum.com\/specialist-services\/"},{"@type":"ListItem","position":3,"name":"Business support"}]},{"@type":"WebSite","@id":"https:\/\/provanum.com\/#website","url":"https:\/\/provanum.com\/","name":"Provanum","description":"Ingenj\u00f6rsbaserad dokumenthantering","publisher":{"@id":"https:\/\/provanum.com\/#organization"},"potentialAction":[{"@type":"SearchAction","target":{"@type":"EntryPoint","urlTemplate":"https:\/\/provanum.com\/?s={search_term_string}"},"query-input":{"@type":"PropertyValueSpecification","valueRequired":true,"valueName":"search_term_string"}}],"inLanguage":"sv-SE"},{"@type":"Organization","@id":"https:\/\/provanum.com\/#organization","name":"Provanum","url":"https:\/\/provanum.com\/","logo":{"@type":"ImageObject","inLanguage":"sv-SE","@id":"https:\/\/provanum.com\/#\/schema\/logo\/image\/","url":"https:\/\/provanum.com\/wp-content\/uploads\/2015\/01\/TrixSolution2.png","contentUrl":"https:\/\/provanum.com\/wp-content\/uploads\/2015\/01\/TrixSolution2.png","width":300,"height":305,"caption":"Provanum"},"image":{"@id":"https:\/\/provanum.com\/#\/schema\/logo\/image\/"}}]}},"_links":{"self":[{"href":"https:\/\/provanum.com\/sv\/wp-json\/wp\/v2\/pages\/5384","targetHints":{"allow":["GET"]}}],"collection":[{"href":"https:\/\/provanum.com\/sv\/wp-json\/wp\/v2\/pages"}],"about":[{"href":"https:\/\/provanum.com\/sv\/wp-json\/wp\/v2\/types\/page"}],"author":[{"embeddable":true,"href":"https:\/\/provanum.com\/sv\/wp-json\/wp\/v2\/users\/3"}],"replies":[{"embeddable":true,"href":"https:\/\/provanum.com\/sv\/wp-json\/wp\/v2\/comments?post=5384"}],"version-history":[{"count":13,"href":"https:\/\/provanum.com\/sv\/wp-json\/wp\/v2\/pages\/5384\/revisions"}],"predecessor-version":[{"id":9478,"href":"https:\/\/provanum.com\/sv\/wp-json\/wp\/v2\/pages\/5384\/revisions\/9478"}],"up":[{"embeddable":true,"href":"https:\/\/provanum.com\/sv\/wp-json\/wp\/v2\/pages\/4459"}],"wp:attachment":[{"href":"https:\/\/provanum.com\/sv\/wp-json\/wp\/v2\/media?parent=5384"}],"curies":[{"name":"wp","href":"https:\/\/api.w.org\/{rel}","templated":true}]}}