{"id":5161,"date":"2015-01-08T16:44:23","date_gmt":"2015-01-08T16:44:23","guid":{"rendered":"https:\/\/provanum.com\/?page_id=5161"},"modified":"2021-09-29T11:50:05","modified_gmt":"2021-09-29T09:50:05","slug":"structures-and-spaces","status":"publish","type":"page","link":"https:\/\/provanum.com\/sv\/informationshantering\/byggnadsverk-utrymmen\/","title":{"rendered":"Byggnadsverk och utrymmen"},"content":{"rendered":"<div class=\"wpb-content-wrapper\">[vc_row][vc_column width=&#8221;2\/3&#8243;][vc_column_text css=&#8221;.vc_custom_1632908500907{margin-bottom: 0px !important;}&#8221;]\n<h1>Byggnadsverk och utrymmen<\/h1>\n<p>Fysiska saker i bem\u00e4rkelsen \u201dbyggnader\u201d, eller egentligen byggnadsverk, d\u00e5 \u00e4ven andra saker s\u00e5som master, st\u00e4llverk, cisterner, n\u00e4tstationer och konstverk avses, \u00e4r bland m\u00e4nniskans viktigaste skapelser. Byggnadsverk inneh\u00e5ller normalt utrymmen d\u00e4r m\u00e4nniskor vistas och dessa utrymmen \u00e4r viktiga best\u00e5ndsdelar att f\u00f6rvalta i en byggnad.<\/p>\n<p>Produkten av en fastighet \u00e4r utrymmet, den del n\u00e5gon vill nyttja och betala hyra f\u00f6r, eller k\u00f6pa. I en digital f\u00f6rvaltning m\u00e5ste utrymmen hanteras som en s\u00e4rskilt viktig objektstyp, som kan f\u00f6rses med olika egenskaper, exempelvis som storleken p\u00e5 ytan enligt svensk standard. Och i ett utrymme kan det finnas installationer av olika slag, som beh\u00f6ver underh\u00e5ll och reparationer.<\/p>\n<p>Med utrymmen skapas underlag f\u00f6r olika former av kontrakt f\u00f6r hyra eller st\u00e4dning. Alla slags egenskaper kan best\u00e4mmas och lagras f\u00f6r dessa objekt, exempelvis f\u00f6r energi, nyckelsystem, momskodning och underh\u00e5llsuppgifter.<\/p>\n<p>Dessa egenskaper kan sedan anv\u00e4ndas f\u00f6r att skriva ut grafiska rapporter som visar sakf\u00f6rh\u00e5llandena p\u00e5 ett tydligt s\u00e4tt. All information kan betraktas b\u00e5de i form av traditionella listor och rent grafiskt p\u00e5 en ritning med f\u00e4rglagda ytor och f\u00f6rklaringskoder.<\/p>\n<p>Det beh\u00f6vs funktioner f\u00f6r att enkelt kunna skaffa sig \u00f6verblick f\u00f6r kontroll och f\u00f6r att redovisa olika sammanhang. Visa p\u00e5 ritningen hur ett hyreskontrakt breder ut sig \u00f6ver flera identifierade utrymmen, eller hur verksamhetens disposition av de olika utrymmena ser ut.<\/p>\n<p>V\u00e5ra Trix-produkter har l\u00f6sningar f\u00f6r m\u00e5nga behov som r\u00f6r fastighetshantering och informationen kan dessutom kopplas till andra system f\u00f6r exempelvis uthyrningsverksamhet och ekonomisk f\u00f6rvaltning.[\/vc_column_text][\/vc_column][vc_column width=&#8221;1\/3&#8243;][vc_single_image image=&#8221;5114&#8243; img_size=&#8221;full&#8221;][vc_single_image image=&#8221;5904&#8243; img_size=&#8221;full&#8221;][\/vc_column][\/vc_row]\n<\/div>","protected":false},"excerpt":{"rendered":"<p>[vc_row][vc_column width=&#8221;2\/3&#8243;][vc_column_text css=&#8221;.vc_custom_1632908500907{margin-bottom: 0px !important;}&#8221;] Byggnadsverk och utrymmen Fysiska saker i bem\u00e4rkelsen \u201dbyggnader\u201d, eller egentligen byggnadsverk, d\u00e5 \u00e4ven andra saker s\u00e5som master, st\u00e4llverk, cisterner, n\u00e4tstationer och konstverk avses, \u00e4r bland m\u00e4nniskans viktigaste skapelser. Byggnadsverk inneh\u00e5ller normalt utrymmen d\u00e4r m\u00e4nniskor vistas och dessa utrymmen \u00e4r viktiga best\u00e5ndsdelar att f\u00f6rvalta i en byggnad. Produkten av en fastighet [&hellip;]<\/p>\n","protected":false},"author":3,"featured_media":0,"parent":4455,"menu_order":0,"comment_status":"closed","ping_status":"open","template":"","meta":{"_acf_changed":false,"footnotes":""},"class_list":["post-5161","page","type-page","status-publish","hentry"],"translation":{"provider":"WPGlobus","version":"3.0.2","language":"sv","enabled_languages":["en","sv"],"languages":{"en":{"title":true,"content":true,"excerpt":false},"sv":{"title":true,"content":true,"excerpt":false}}},"acf":[],"yoast_head":"<!-- This site is optimized with the Yoast SEO plugin v27.4 - https:\/\/yoast.com\/product\/yoast-seo-wordpress\/ -->\n<title>Byggnadsverk och utrymmen - Provanum<\/title>\n<meta name=\"robots\" content=\"index, follow, max-snippet:-1, max-image-preview:large, max-video-preview:-1\" \/>\n<link rel=\"canonical\" href=\"https:\/\/provanum.com\/information-management\/structures-and-spaces\/\" \/>\n<meta name=\"twitter:label1\" content=\"Ber\u00e4knad l\u00e4stid\" \/>\n\t<meta name=\"twitter:data1\" content=\"2 minuter\" \/>\n<script type=\"application\/ld+json\" class=\"yoast-schema-graph\">{\"@context\":\"https:\\\/\\\/schema.org\",\"@graph\":[{\"@type\":\"WebPage\",\"@id\":\"https:\\\/\\\/provanum.com\\\/information-management\\\/structures-and-spaces\\\/\",\"url\":\"https:\\\/\\\/provanum.com\\\/information-management\\\/structures-and-spaces\\\/\",\"name\":\"Byggnadsverk och utrymmen - Provanum\",\"isPartOf\":{\"@id\":\"https:\\\/\\\/provanum.com\\\/#website\"},\"datePublished\":\"2015-01-08T16:44:23+00:00\",\"dateModified\":\"2021-09-29T09:50:05+00:00\",\"breadcrumb\":{\"@id\":\"https:\\\/\\\/provanum.com\\\/information-management\\\/structures-and-spaces\\\/#breadcrumb\"},\"inLanguage\":\"sv-SE\",\"potentialAction\":[{\"@type\":\"ReadAction\",\"target\":[\"https:\\\/\\\/provanum.com\\\/information-management\\\/structures-and-spaces\\\/\"]}]},{\"@type\":\"BreadcrumbList\",\"@id\":\"https:\\\/\\\/provanum.com\\\/information-management\\\/structures-and-spaces\\\/#breadcrumb\",\"itemListElement\":[{\"@type\":\"ListItem\",\"position\":1,\"name\":\"Home\",\"item\":\"https:\\\/\\\/provanum.com\\\/\"},{\"@type\":\"ListItem\",\"position\":2,\"name\":\"Information management\",\"item\":\"https:\\\/\\\/provanum.com\\\/information-management\\\/\"},{\"@type\":\"ListItem\",\"position\":3,\"name\":\"Structures and spaces\"}]},{\"@type\":\"WebSite\",\"@id\":\"https:\\\/\\\/provanum.com\\\/#website\",\"url\":\"https:\\\/\\\/provanum.com\\\/\",\"name\":\"Provanum\",\"description\":\"Ingenj\u00f6rsbaserad dokumenthantering\",\"publisher\":{\"@id\":\"https:\\\/\\\/provanum.com\\\/#organization\"},\"potentialAction\":[{\"@type\":\"SearchAction\",\"target\":{\"@type\":\"EntryPoint\",\"urlTemplate\":\"https:\\\/\\\/provanum.com\\\/?s={search_term_string}\"},\"query-input\":{\"@type\":\"PropertyValueSpecification\",\"valueRequired\":true,\"valueName\":\"search_term_string\"}}],\"inLanguage\":\"sv-SE\"},{\"@type\":\"Organization\",\"@id\":\"https:\\\/\\\/provanum.com\\\/#organization\",\"name\":\"Provanum\",\"url\":\"https:\\\/\\\/provanum.com\\\/\",\"logo\":{\"@type\":\"ImageObject\",\"inLanguage\":\"sv-SE\",\"@id\":\"https:\\\/\\\/provanum.com\\\/#\\\/schema\\\/logo\\\/image\\\/\",\"url\":\"https:\\\/\\\/provanum.com\\\/wp-content\\\/uploads\\\/2015\\\/01\\\/TrixSolution2.png\",\"contentUrl\":\"https:\\\/\\\/provanum.com\\\/wp-content\\\/uploads\\\/2015\\\/01\\\/TrixSolution2.png\",\"width\":300,\"height\":305,\"caption\":\"Provanum\"},\"image\":{\"@id\":\"https:\\\/\\\/provanum.com\\\/#\\\/schema\\\/logo\\\/image\\\/\"}}]}<\/script>\n<!-- \/ Yoast SEO plugin. -->","yoast_head_json":{"title":"Byggnadsverk och utrymmen - Provanum","robots":{"index":"index","follow":"follow","max-snippet":"max-snippet:-1","max-image-preview":"max-image-preview:large","max-video-preview":"max-video-preview:-1"},"canonical":"https:\/\/provanum.com\/information-management\/structures-and-spaces\/","twitter_misc":{"Ber\u00e4knad l\u00e4stid":"2 minuter"},"schema":{"@context":"https:\/\/schema.org","@graph":[{"@type":"WebPage","@id":"https:\/\/provanum.com\/information-management\/structures-and-spaces\/","url":"https:\/\/provanum.com\/information-management\/structures-and-spaces\/","name":"Byggnadsverk och utrymmen - Provanum","isPartOf":{"@id":"https:\/\/provanum.com\/#website"},"datePublished":"2015-01-08T16:44:23+00:00","dateModified":"2021-09-29T09:50:05+00:00","breadcrumb":{"@id":"https:\/\/provanum.com\/information-management\/structures-and-spaces\/#breadcrumb"},"inLanguage":"sv-SE","potentialAction":[{"@type":"ReadAction","target":["https:\/\/provanum.com\/information-management\/structures-and-spaces\/"]}]},{"@type":"BreadcrumbList","@id":"https:\/\/provanum.com\/information-management\/structures-and-spaces\/#breadcrumb","itemListElement":[{"@type":"ListItem","position":1,"name":"Home","item":"https:\/\/provanum.com\/"},{"@type":"ListItem","position":2,"name":"Information management","item":"https:\/\/provanum.com\/information-management\/"},{"@type":"ListItem","position":3,"name":"Structures and spaces"}]},{"@type":"WebSite","@id":"https:\/\/provanum.com\/#website","url":"https:\/\/provanum.com\/","name":"Provanum","description":"Ingenj\u00f6rsbaserad dokumenthantering","publisher":{"@id":"https:\/\/provanum.com\/#organization"},"potentialAction":[{"@type":"SearchAction","target":{"@type":"EntryPoint","urlTemplate":"https:\/\/provanum.com\/?s={search_term_string}"},"query-input":{"@type":"PropertyValueSpecification","valueRequired":true,"valueName":"search_term_string"}}],"inLanguage":"sv-SE"},{"@type":"Organization","@id":"https:\/\/provanum.com\/#organization","name":"Provanum","url":"https:\/\/provanum.com\/","logo":{"@type":"ImageObject","inLanguage":"sv-SE","@id":"https:\/\/provanum.com\/#\/schema\/logo\/image\/","url":"https:\/\/provanum.com\/wp-content\/uploads\/2015\/01\/TrixSolution2.png","contentUrl":"https:\/\/provanum.com\/wp-content\/uploads\/2015\/01\/TrixSolution2.png","width":300,"height":305,"caption":"Provanum"},"image":{"@id":"https:\/\/provanum.com\/#\/schema\/logo\/image\/"}}]}},"_links":{"self":[{"href":"https:\/\/provanum.com\/sv\/wp-json\/wp\/v2\/pages\/5161","targetHints":{"allow":["GET"]}}],"collection":[{"href":"https:\/\/provanum.com\/sv\/wp-json\/wp\/v2\/pages"}],"about":[{"href":"https:\/\/provanum.com\/sv\/wp-json\/wp\/v2\/types\/page"}],"author":[{"embeddable":true,"href":"https:\/\/provanum.com\/sv\/wp-json\/wp\/v2\/users\/3"}],"replies":[{"embeddable":true,"href":"https:\/\/provanum.com\/sv\/wp-json\/wp\/v2\/comments?post=5161"}],"version-history":[{"count":4,"href":"https:\/\/provanum.com\/sv\/wp-json\/wp\/v2\/pages\/5161\/revisions"}],"predecessor-version":[{"id":9461,"href":"https:\/\/provanum.com\/sv\/wp-json\/wp\/v2\/pages\/5161\/revisions\/9461"}],"up":[{"embeddable":true,"href":"https:\/\/provanum.com\/sv\/wp-json\/wp\/v2\/pages\/4455"}],"wp:attachment":[{"href":"https:\/\/provanum.com\/sv\/wp-json\/wp\/v2\/media?parent=5161"}],"curies":[{"name":"wp","href":"https:\/\/api.w.org\/{rel}","templated":true}]}}