{"id":5125,"date":"2015-01-05T22:33:35","date_gmt":"2015-01-05T22:33:35","guid":{"rendered":"https:\/\/provanum.com\/?page_id=5125"},"modified":"2021-09-29T18:03:53","modified_gmt":"2021-09-29T16:03:53","slug":"organize-strategic-information","status":"publish","type":"page","link":"https:\/\/provanum.com\/sv\/affarsutveckling\/skapa-ordning-och-reda-pa-strategisk-information\/","title":{"rendered":"Skapa ordning och reda p\u00e5 strategisk information"},"content":{"rendered":"<div class=\"wpb-content-wrapper\">[vc_row][vc_column width=&#8221;2\/3&#8243;][vc_column_text css=&#8221;.vc_custom_1632904168874{margin-bottom: 0px !important;}&#8221;]\n<h1>Skapa ordning och reda p\u00e5 strategisk information<\/h1>\n<p>Det g\u00e4ller att hitta informationsstrukturer som lyfter fram de strategiska v\u00e4rdena, s\u00e5 att de blir enkelt s\u00f6kbara. En av sv\u00e5righeterna med informationshantering \u00e4r att hitta en grundl\u00e4ggande struktur som inte bara fungerar idag, utan \u00e4ven i framtiden. Alltf\u00f6r ofta inf\u00f6rs metoder som efter n\u00e5gra \u00e5r \u00e4r \u00f6verspelade och m\u00e5ste revideras. Det \u00e4r d\u00e4rf\u00f6r v\u00e4ldigt vanligt, f\u00f6r att inte s\u00e4ga regel, att varje anv\u00e4ndare uppr\u00e4ttar sin egen struktur p\u00e5 b\u00e5de pappersbaserad och digital information f\u00f6r att kunna sk\u00f6ta sin arbetsuppgift. Men med varierande kvalitet, s\u00f6kbarhet och tillg\u00e4nglighet blir detta parallella informationsstrategier som inte delas av alla. Resultatet blir att verksamheten till\u00e5ter sv\u00e5r\u00f6verkomliga informations\u00f6ar, vilket ur ett konkurrensperspektiv \u00e4r helt f\u00f6rkastligt och straffar sig i form av s\u00e4mre ekonomiskt resultat i verksamheten.<\/p>\n<p>Dagens teknik m\u00f6jligg\u00f6r en mer m\u00e5ngfasetterad och anpassningsbar metodik \u2013 med allt fr\u00e5n total fritexts\u00f6kning, som ofta leder till en orimlig m\u00e4ngd s\u00f6ktr\u00e4ffar, till g\u00e5rdagens begr\u00e4nsade s\u00f6kordsregister, som leder till det omv\u00e4nda. S\u00e5 kombinationen \u00e4r b\u00e4st, allts\u00e5 lite tv\u00e5ng, mycket struktur och frivillig s\u00f6kning ur en basstruktur som alla i verksamheten k\u00e4nner till.<\/p>\n<p>Traditionellt sett anv\u00e4nds g\u00e4rna gr\u00f6vre eller finare \u00e4mnesbeskrivningar p\u00e5 dokument, allts\u00e5 indelning i klasser och typer. H\u00e4r finns en uppsj\u00f6 av egna, branschspecifika och \u00e4ven internationella standarder. En branschvis klassificering i olika niv\u00e5er \u00e4r ocks\u00e5 ett relativt vanligt s\u00e4tt att skapa informationsstrukturer.<\/p>\n<p>Ett modernare tillv\u00e4gag\u00e5ngss\u00e4tt \u00e4r att s\u00f6ka p\u00e5 automatiserade nyckelbegrepp i en stor informationsmassa. S\u00f6kning p\u00e5 internet \u00e4r ett typexempel p\u00e5 detta och att exempelvis \u201dtagga\u201d text och bilder p\u00e5 Facebook en annan. Detta i kombination med traditionella metoder skapar dessutom samband mellan de olika informationsm\u00e4ngderna i ett databasbaserat arkivsystem.<\/p>\n<p>Informationen m\u00e5ste indelas utifr\u00e5n olika manuella och automatiserade s\u00f6kbegrepp, vilket inneb\u00e4r att den m\u00e5ste struktureras v\u00e4l med en given strategi. M\u00f6dan med detta arbete betalar sig i den goda ordningen, som ger snabb tillg\u00e5ng och konkurrenskraft. Detta g\u00e4ller s\u00e4rskilt strategisk information, som ofta ligger till grund f\u00f6r viktiga beslut i verksamheten.<\/p>\n<p>Vi arbetar med informationsstrukturering oftast utifr\u00e5n befintliga informationsm\u00e4ngder. Dessa anpassas till en uppdaterad och reviderad struktur, som inneh\u00e5ller en rimlig kombination av befintligt och nytt.[\/vc_column_text][\/vc_column][vc_column width=&#8221;1\/3&#8243;][vc_single_image image=&#8221;5924&#8243; img_size=&#8221;full&#8221;][vc_single_image image=&#8221;5912&#8243; img_size=&#8221;full&#8221;][\/vc_column][\/vc_row]\n<\/div>","protected":false},"excerpt":{"rendered":"<p>[vc_row][vc_column width=&#8221;2\/3&#8243;][vc_column_text css=&#8221;.vc_custom_1632904168874{margin-bottom: 0px !important;}&#8221;] Skapa ordning och reda p\u00e5 strategisk information Det g\u00e4ller att hitta informationsstrukturer som lyfter fram de strategiska v\u00e4rdena, s\u00e5 att de blir enkelt s\u00f6kbara. En av sv\u00e5righeterna med informationshantering \u00e4r att hitta en grundl\u00e4ggande struktur som inte bara fungerar idag, utan \u00e4ven i framtiden. Alltf\u00f6r ofta inf\u00f6rs metoder som efter [&hellip;]<\/p>\n","protected":false},"author":3,"featured_media":0,"parent":4453,"menu_order":0,"comment_status":"closed","ping_status":"open","template":"","meta":{"_acf_changed":false,"footnotes":""},"class_list":["post-5125","page","type-page","status-publish","hentry"],"translation":{"provider":"WPGlobus","version":"3.0.2","language":"sv","enabled_languages":["en","sv"],"languages":{"en":{"title":true,"content":true,"excerpt":false},"sv":{"title":true,"content":true,"excerpt":false}}},"acf":[],"yoast_head":"<!-- This site is optimized with the Yoast SEO plugin v27.4 - https:\/\/yoast.com\/product\/yoast-seo-wordpress\/ -->\n<title>Skapa ordning och reda p\u00e5 strategisk information - Provanum<\/title>\n<meta name=\"robots\" content=\"index, follow, max-snippet:-1, max-image-preview:large, max-video-preview:-1\" \/>\n<link rel=\"canonical\" href=\"https:\/\/provanum.com\/business-development\/organize-strategic-information\/\" \/>\n<meta name=\"twitter:label1\" content=\"Ber\u00e4knad l\u00e4stid\" \/>\n\t<meta name=\"twitter:data1\" content=\"2 minuter\" \/>\n<script type=\"application\/ld+json\" class=\"yoast-schema-graph\">{\"@context\":\"https:\\\/\\\/schema.org\",\"@graph\":[{\"@type\":\"WebPage\",\"@id\":\"https:\\\/\\\/provanum.com\\\/business-development\\\/organize-strategic-information\\\/\",\"url\":\"https:\\\/\\\/provanum.com\\\/business-development\\\/organize-strategic-information\\\/\",\"name\":\"Skapa ordning och reda p\u00e5 strategisk information - Provanum\",\"isPartOf\":{\"@id\":\"https:\\\/\\\/provanum.com\\\/#website\"},\"datePublished\":\"2015-01-05T22:33:35+00:00\",\"dateModified\":\"2021-09-29T16:03:53+00:00\",\"breadcrumb\":{\"@id\":\"https:\\\/\\\/provanum.com\\\/business-development\\\/organize-strategic-information\\\/#breadcrumb\"},\"inLanguage\":\"sv-SE\",\"potentialAction\":[{\"@type\":\"ReadAction\",\"target\":[\"https:\\\/\\\/provanum.com\\\/business-development\\\/organize-strategic-information\\\/\"]}]},{\"@type\":\"BreadcrumbList\",\"@id\":\"https:\\\/\\\/provanum.com\\\/business-development\\\/organize-strategic-information\\\/#breadcrumb\",\"itemListElement\":[{\"@type\":\"ListItem\",\"position\":1,\"name\":\"Home\",\"item\":\"https:\\\/\\\/provanum.com\\\/\"},{\"@type\":\"ListItem\",\"position\":2,\"name\":\"Business development\",\"item\":\"https:\\\/\\\/provanum.com\\\/business-development\\\/\"},{\"@type\":\"ListItem\",\"position\":3,\"name\":\"Organize strategic information\"}]},{\"@type\":\"WebSite\",\"@id\":\"https:\\\/\\\/provanum.com\\\/#website\",\"url\":\"https:\\\/\\\/provanum.com\\\/\",\"name\":\"Provanum\",\"description\":\"Ingenj\u00f6rsbaserad dokumenthantering\",\"publisher\":{\"@id\":\"https:\\\/\\\/provanum.com\\\/#organization\"},\"potentialAction\":[{\"@type\":\"SearchAction\",\"target\":{\"@type\":\"EntryPoint\",\"urlTemplate\":\"https:\\\/\\\/provanum.com\\\/?s={search_term_string}\"},\"query-input\":{\"@type\":\"PropertyValueSpecification\",\"valueRequired\":true,\"valueName\":\"search_term_string\"}}],\"inLanguage\":\"sv-SE\"},{\"@type\":\"Organization\",\"@id\":\"https:\\\/\\\/provanum.com\\\/#organization\",\"name\":\"Provanum\",\"url\":\"https:\\\/\\\/provanum.com\\\/\",\"logo\":{\"@type\":\"ImageObject\",\"inLanguage\":\"sv-SE\",\"@id\":\"https:\\\/\\\/provanum.com\\\/#\\\/schema\\\/logo\\\/image\\\/\",\"url\":\"https:\\\/\\\/provanum.com\\\/wp-content\\\/uploads\\\/2015\\\/01\\\/TrixSolution2.png\",\"contentUrl\":\"https:\\\/\\\/provanum.com\\\/wp-content\\\/uploads\\\/2015\\\/01\\\/TrixSolution2.png\",\"width\":300,\"height\":305,\"caption\":\"Provanum\"},\"image\":{\"@id\":\"https:\\\/\\\/provanum.com\\\/#\\\/schema\\\/logo\\\/image\\\/\"}}]}<\/script>\n<!-- \/ Yoast SEO plugin. -->","yoast_head_json":{"title":"Skapa ordning och reda p\u00e5 strategisk information - Provanum","robots":{"index":"index","follow":"follow","max-snippet":"max-snippet:-1","max-image-preview":"max-image-preview:large","max-video-preview":"max-video-preview:-1"},"canonical":"https:\/\/provanum.com\/business-development\/organize-strategic-information\/","twitter_misc":{"Ber\u00e4knad l\u00e4stid":"2 minuter"},"schema":{"@context":"https:\/\/schema.org","@graph":[{"@type":"WebPage","@id":"https:\/\/provanum.com\/business-development\/organize-strategic-information\/","url":"https:\/\/provanum.com\/business-development\/organize-strategic-information\/","name":"Skapa ordning och reda p\u00e5 strategisk information - Provanum","isPartOf":{"@id":"https:\/\/provanum.com\/#website"},"datePublished":"2015-01-05T22:33:35+00:00","dateModified":"2021-09-29T16:03:53+00:00","breadcrumb":{"@id":"https:\/\/provanum.com\/business-development\/organize-strategic-information\/#breadcrumb"},"inLanguage":"sv-SE","potentialAction":[{"@type":"ReadAction","target":["https:\/\/provanum.com\/business-development\/organize-strategic-information\/"]}]},{"@type":"BreadcrumbList","@id":"https:\/\/provanum.com\/business-development\/organize-strategic-information\/#breadcrumb","itemListElement":[{"@type":"ListItem","position":1,"name":"Home","item":"https:\/\/provanum.com\/"},{"@type":"ListItem","position":2,"name":"Business development","item":"https:\/\/provanum.com\/business-development\/"},{"@type":"ListItem","position":3,"name":"Organize strategic information"}]},{"@type":"WebSite","@id":"https:\/\/provanum.com\/#website","url":"https:\/\/provanum.com\/","name":"Provanum","description":"Ingenj\u00f6rsbaserad dokumenthantering","publisher":{"@id":"https:\/\/provanum.com\/#organization"},"potentialAction":[{"@type":"SearchAction","target":{"@type":"EntryPoint","urlTemplate":"https:\/\/provanum.com\/?s={search_term_string}"},"query-input":{"@type":"PropertyValueSpecification","valueRequired":true,"valueName":"search_term_string"}}],"inLanguage":"sv-SE"},{"@type":"Organization","@id":"https:\/\/provanum.com\/#organization","name":"Provanum","url":"https:\/\/provanum.com\/","logo":{"@type":"ImageObject","inLanguage":"sv-SE","@id":"https:\/\/provanum.com\/#\/schema\/logo\/image\/","url":"https:\/\/provanum.com\/wp-content\/uploads\/2015\/01\/TrixSolution2.png","contentUrl":"https:\/\/provanum.com\/wp-content\/uploads\/2015\/01\/TrixSolution2.png","width":300,"height":305,"caption":"Provanum"},"image":{"@id":"https:\/\/provanum.com\/#\/schema\/logo\/image\/"}}]}},"_links":{"self":[{"href":"https:\/\/provanum.com\/sv\/wp-json\/wp\/v2\/pages\/5125","targetHints":{"allow":["GET"]}}],"collection":[{"href":"https:\/\/provanum.com\/sv\/wp-json\/wp\/v2\/pages"}],"about":[{"href":"https:\/\/provanum.com\/sv\/wp-json\/wp\/v2\/types\/page"}],"author":[{"embeddable":true,"href":"https:\/\/provanum.com\/sv\/wp-json\/wp\/v2\/users\/3"}],"replies":[{"embeddable":true,"href":"https:\/\/provanum.com\/sv\/wp-json\/wp\/v2\/comments?post=5125"}],"version-history":[{"count":5,"href":"https:\/\/provanum.com\/sv\/wp-json\/wp\/v2\/pages\/5125\/revisions"}],"predecessor-version":[{"id":9183,"href":"https:\/\/provanum.com\/sv\/wp-json\/wp\/v2\/pages\/5125\/revisions\/9183"}],"up":[{"embeddable":true,"href":"https:\/\/provanum.com\/sv\/wp-json\/wp\/v2\/pages\/4453"}],"wp:attachment":[{"href":"https:\/\/provanum.com\/sv\/wp-json\/wp\/v2\/media?parent=5125"}],"curies":[{"name":"wp","href":"https:\/\/api.w.org\/{rel}","templated":true}]}}