{"id":4885,"date":"2015-01-04T16:22:46","date_gmt":"2015-01-04T16:22:46","guid":{"rendered":"https:\/\/provanum.com\/?page_id=4885"},"modified":"2022-09-27T16:48:06","modified_gmt":"2022-09-27T14:48:06","slug":"historik","status":"publish","type":"page","link":"https:\/\/provanum.com\/sv\/historik\/","title":{"rendered":"Historik"},"content":{"rendered":"<div class=\"wpb-content-wrapper\">[vc_row][vc_column width=&#8221;2\/3&#8243;][vc_column_text css=&#8221;.vc_custom_1664290023015{margin-bottom: 0px !important;}&#8221;]\n<div id=\"dnn_ctr626_ModuleContent\">\n<div id=\"dnn_ctr626_HtmlModule_lblContent\">\n<h1>Historik<\/h1>\n<p><strong>Provanum AB<\/strong> grundades 1993 av Thomas Malmberg, som\u00a0idag \u00e4r f\u00f6retagets VD. Thomas kom fr\u00e5n teknikkonsultf\u00f6retaget GEKAB och hade dessutom mycket erfarenhet med sig fr\u00e5n CAD-branschen. De f\u00f6rsta \u00e5ren drevs Provanum som ett konsultf\u00f6retag, som hj\u00e4lpte f\u00f6retag och kommuner med utredningar och upphandlingar kring dokumenthantering. Provanum utvecklade under denna period inga egna produkter utan agerade \u00e5terf\u00f6rs\u00e4ljare f\u00f6r\u00a0andra dokumenthanteringssystem.<\/p>\n<p>Fyra \u00e5r tidigare, 1989, grundades f\u00f6retaget <strong>Trix Systems AB<\/strong> av\u00a0Per Hillerstr\u00f6m och J\u00f6rgen Frilander. Med bakgrund fr\u00e5n bland annat CadPoint AB\u00a0i Bor\u00e5s (Point-produkterna)\u00a0ville Trix Systems utveckla standardiserade, ingenj\u00f6rsn\u00e4ra programvaror som kunde s\u00e4ljas via \u00e5terf\u00f6rs\u00e4ljare och distribut\u00f6rer. De f\u00f6rsta produkterna var TracTrix, som konverterade rasterobjekt\u00a0till vektorobjekt, och Trix DrawingCenter \u2013 en dokumentvisare f\u00f6r att titta p\u00e5 ritningar och dokument.<\/p>\n<p>Det amerikanska bolaget <strong>Trix Systems, Inc<\/strong>. bildades 1995. Tv\u00e5 amerikanska medarbetare, Paul Sorensen och Chris Sweetnam,\u00a0ingick ett samarbete f\u00f6r att driva bolaget och s\u00e4lja Trix-produkter i USA, Kanada och Sydamerika.<\/p>\n<p>Provanum och Trix Systems gick ihop 1998\u00a0f\u00f6r att tillsammans ta ytterligare ett steg. Provanum l\u00e4mnade rollen\u00a0som \u00e5terf\u00f6rs\u00e4ljare och b\u00f6rjade\u00a0att s\u00e4lja egenutvecklade l\u00f6sningar under produktnamnet Trix. En nyhet i produktfamiljen blev Trix Organizer, det digitala dokumentarkivet som idag \u00e4r f\u00f6retagets huvudprodukt.<\/p>\n<p>\u00c5r 2002 v\u00e4xte Provanum ytterligare n\u00e4r <strong>CAD-gruppen<\/strong> gick med i f\u00f6retagsgruppen. CAD-gruppen, som grundades 1988, fokuserade p\u00e5\u00a0elkonstruktion och har som auktoriserad AutoCAD-\u00e5terf\u00f6rs\u00e4ljare gjort sig ett namn inom konsult- och installationsbranschen. I och med detta tillskott kunde Provanum erbjuda \u00e4nnu fler starka produkter, branschexpertis och riktigt bra CAD-utbildningar.<\/p>\n<p>En etablering i Norge gjordes 2005, fr\u00e4mst riktad till fastighetsbranschen, och\u00a0idag finns n\u00e5gra norska kunder. En liknande etablering gjordes i Dubai 2008, vilket genererade n\u00e5gra asiatiska kunder.<\/p>\n<p>Senaste f\u00f6retagstillskottet var <strong>Referat Fastighetsinformation AB<\/strong>, som tillkom 2006 och blev den viktiga l\u00e4nken till omr\u00e5det fastighetsinformation. Produkten Fdok, ett enkelt\u00a0webbarkiv,\u00a0\u00f6vertogs och integrerades i Trix-familjen. Med Referats kompetens i ryggen kunde Provanum finslipa sina produkter ytterligare och bredda sin m\u00e5lgrupp \u00e4nnu mer.<\/p>\n<p>Det brittiska kontoret startades 2008 efter ett samarbete med Exportr\u00e5det i London. Kontoret ligger mitt i London och har underl\u00e4ttat etableringen i Storbritannien.\u00a0Det finns ocks\u00e5 en\u00a0engelsk partner etablerad\u00a0och marknaden utvecklas kontinuerligt.<\/p>\n<p>Verksamheten i USA har hela tiden \u00f6kat och i dagsl\u00e4get finns flertalet st\u00f6rre kunder.<\/p>\n<\/div>\n<\/div>\n[\/vc_column_text][\/vc_column][vc_column width=&#8221;1\/3&#8243;][vc_single_image image=&#8221;8109&#8243; img_size=&#8221;full&#8221;][vc_single_image image=&#8221;5083&#8243; img_size=&#8221;full&#8221;][\/vc_column][\/vc_row]\n<\/div>","protected":false},"excerpt":{"rendered":"<p>[vc_row][vc_column width=&#8221;2\/3&#8243;][vc_column_text css=&#8221;.vc_custom_1664290023015{margin-bottom: 0px !important;}&#8221;] Historik Provanum AB grundades 1993 av Thomas Malmberg, som\u00a0idag \u00e4r f\u00f6retagets VD. Thomas kom fr\u00e5n teknikkonsultf\u00f6retaget GEKAB och hade dessutom mycket erfarenhet med sig fr\u00e5n CAD-branschen. De f\u00f6rsta \u00e5ren drevs Provanum som ett konsultf\u00f6retag, som hj\u00e4lpte f\u00f6retag och kommuner med utredningar och upphandlingar kring dokumenthantering. Provanum utvecklade under denna period [&hellip;]<\/p>\n","protected":false},"author":3,"featured_media":0,"parent":0,"menu_order":0,"comment_status":"closed","ping_status":"open","template":"","meta":{"_acf_changed":false,"footnotes":""},"class_list":["post-4885","page","type-page","status-publish","hentry"],"translation":{"provider":"WPGlobus","version":"3.0.2","language":"sv","enabled_languages":["en","sv"],"languages":{"en":{"title":true,"content":true,"excerpt":false},"sv":{"title":true,"content":true,"excerpt":false}}},"acf":[],"yoast_head":"<!-- This site is optimized with the Yoast SEO plugin v27.4 - https:\/\/yoast.com\/product\/yoast-seo-wordpress\/ -->\n<title>Historik - Provanum<\/title>\n<meta name=\"robots\" content=\"index, follow, max-snippet:-1, max-image-preview:large, max-video-preview:-1\" \/>\n<link rel=\"canonical\" href=\"https:\/\/provanum.com\/historik\/\" \/>\n<meta name=\"twitter:label1\" content=\"Ber\u00e4knad l\u00e4stid\" \/>\n\t<meta name=\"twitter:data1\" content=\"2 minuter\" \/>\n<script type=\"application\/ld+json\" class=\"yoast-schema-graph\">{\"@context\":\"https:\\\/\\\/schema.org\",\"@graph\":[{\"@type\":\"WebPage\",\"@id\":\"https:\\\/\\\/provanum.com\\\/historik\\\/\",\"url\":\"https:\\\/\\\/provanum.com\\\/historik\\\/\",\"name\":\"Historik - Provanum\",\"isPartOf\":{\"@id\":\"https:\\\/\\\/provanum.com\\\/#website\"},\"datePublished\":\"2015-01-04T16:22:46+00:00\",\"dateModified\":\"2022-09-27T14:48:06+00:00\",\"breadcrumb\":{\"@id\":\"https:\\\/\\\/provanum.com\\\/historik\\\/#breadcrumb\"},\"inLanguage\":\"sv-SE\",\"potentialAction\":[{\"@type\":\"ReadAction\",\"target\":[\"https:\\\/\\\/provanum.com\\\/historik\\\/\"]}]},{\"@type\":\"BreadcrumbList\",\"@id\":\"https:\\\/\\\/provanum.com\\\/historik\\\/#breadcrumb\",\"itemListElement\":[{\"@type\":\"ListItem\",\"position\":1,\"name\":\"Home\",\"item\":\"https:\\\/\\\/provanum.com\\\/\"},{\"@type\":\"ListItem\",\"position\":2,\"name\":\"History\"}]},{\"@type\":\"WebSite\",\"@id\":\"https:\\\/\\\/provanum.com\\\/#website\",\"url\":\"https:\\\/\\\/provanum.com\\\/\",\"name\":\"Provanum\",\"description\":\"Ingenj\u00f6rsbaserad dokumenthantering\",\"publisher\":{\"@id\":\"https:\\\/\\\/provanum.com\\\/#organization\"},\"potentialAction\":[{\"@type\":\"SearchAction\",\"target\":{\"@type\":\"EntryPoint\",\"urlTemplate\":\"https:\\\/\\\/provanum.com\\\/?s={search_term_string}\"},\"query-input\":{\"@type\":\"PropertyValueSpecification\",\"valueRequired\":true,\"valueName\":\"search_term_string\"}}],\"inLanguage\":\"sv-SE\"},{\"@type\":\"Organization\",\"@id\":\"https:\\\/\\\/provanum.com\\\/#organization\",\"name\":\"Provanum\",\"url\":\"https:\\\/\\\/provanum.com\\\/\",\"logo\":{\"@type\":\"ImageObject\",\"inLanguage\":\"sv-SE\",\"@id\":\"https:\\\/\\\/provanum.com\\\/#\\\/schema\\\/logo\\\/image\\\/\",\"url\":\"https:\\\/\\\/provanum.com\\\/wp-content\\\/uploads\\\/2015\\\/01\\\/TrixSolution2.png\",\"contentUrl\":\"https:\\\/\\\/provanum.com\\\/wp-content\\\/uploads\\\/2015\\\/01\\\/TrixSolution2.png\",\"width\":300,\"height\":305,\"caption\":\"Provanum\"},\"image\":{\"@id\":\"https:\\\/\\\/provanum.com\\\/#\\\/schema\\\/logo\\\/image\\\/\"}}]}<\/script>\n<!-- \/ Yoast SEO plugin. -->","yoast_head_json":{"title":"Historik - Provanum","robots":{"index":"index","follow":"follow","max-snippet":"max-snippet:-1","max-image-preview":"max-image-preview:large","max-video-preview":"max-video-preview:-1"},"canonical":"https:\/\/provanum.com\/historik\/","twitter_misc":{"Ber\u00e4knad l\u00e4stid":"2 minuter"},"schema":{"@context":"https:\/\/schema.org","@graph":[{"@type":"WebPage","@id":"https:\/\/provanum.com\/historik\/","url":"https:\/\/provanum.com\/historik\/","name":"Historik - Provanum","isPartOf":{"@id":"https:\/\/provanum.com\/#website"},"datePublished":"2015-01-04T16:22:46+00:00","dateModified":"2022-09-27T14:48:06+00:00","breadcrumb":{"@id":"https:\/\/provanum.com\/historik\/#breadcrumb"},"inLanguage":"sv-SE","potentialAction":[{"@type":"ReadAction","target":["https:\/\/provanum.com\/historik\/"]}]},{"@type":"BreadcrumbList","@id":"https:\/\/provanum.com\/historik\/#breadcrumb","itemListElement":[{"@type":"ListItem","position":1,"name":"Home","item":"https:\/\/provanum.com\/"},{"@type":"ListItem","position":2,"name":"History"}]},{"@type":"WebSite","@id":"https:\/\/provanum.com\/#website","url":"https:\/\/provanum.com\/","name":"Provanum","description":"Ingenj\u00f6rsbaserad dokumenthantering","publisher":{"@id":"https:\/\/provanum.com\/#organization"},"potentialAction":[{"@type":"SearchAction","target":{"@type":"EntryPoint","urlTemplate":"https:\/\/provanum.com\/?s={search_term_string}"},"query-input":{"@type":"PropertyValueSpecification","valueRequired":true,"valueName":"search_term_string"}}],"inLanguage":"sv-SE"},{"@type":"Organization","@id":"https:\/\/provanum.com\/#organization","name":"Provanum","url":"https:\/\/provanum.com\/","logo":{"@type":"ImageObject","inLanguage":"sv-SE","@id":"https:\/\/provanum.com\/#\/schema\/logo\/image\/","url":"https:\/\/provanum.com\/wp-content\/uploads\/2015\/01\/TrixSolution2.png","contentUrl":"https:\/\/provanum.com\/wp-content\/uploads\/2015\/01\/TrixSolution2.png","width":300,"height":305,"caption":"Provanum"},"image":{"@id":"https:\/\/provanum.com\/#\/schema\/logo\/image\/"}}]}},"_links":{"self":[{"href":"https:\/\/provanum.com\/sv\/wp-json\/wp\/v2\/pages\/4885","targetHints":{"allow":["GET"]}}],"collection":[{"href":"https:\/\/provanum.com\/sv\/wp-json\/wp\/v2\/pages"}],"about":[{"href":"https:\/\/provanum.com\/sv\/wp-json\/wp\/v2\/types\/page"}],"author":[{"embeddable":true,"href":"https:\/\/provanum.com\/sv\/wp-json\/wp\/v2\/users\/3"}],"replies":[{"embeddable":true,"href":"https:\/\/provanum.com\/sv\/wp-json\/wp\/v2\/comments?post=4885"}],"version-history":[{"count":8,"href":"https:\/\/provanum.com\/sv\/wp-json\/wp\/v2\/pages\/4885\/revisions"}],"predecessor-version":[{"id":9518,"href":"https:\/\/provanum.com\/sv\/wp-json\/wp\/v2\/pages\/4885\/revisions\/9518"}],"wp:attachment":[{"href":"https:\/\/provanum.com\/sv\/wp-json\/wp\/v2\/media?parent=4885"}],"curies":[{"name":"wp","href":"https:\/\/api.w.org\/{rel}","templated":true}]}}