{"id":4833,"date":"2014-12-27T11:30:55","date_gmt":"2014-12-27T11:30:55","guid":{"rendered":"https:\/\/provanum.com\/?page_id=4833"},"modified":"2022-10-11T08:12:42","modified_gmt":"2022-10-11T06:12:42","slug":"realestate","status":"publish","type":"page","link":"https:\/\/provanum.com\/sv\/fastighet\/","title":{"rendered":"Fastighet"},"content":{"rendered":"<div class=\"wpb-content-wrapper\">[vc_row][vc_column][layerslider_vc id=&#8221;16&#8243;][\/vc_column][\/vc_row][vc_row][vc_column width=&#8221;2\/3&#8243;][vc_column_text css=&#8221;.vc_custom_1663162184766{margin-bottom: 0px !important;}&#8221;]\n<h1>Fastighet<\/h1>\n<p><strong>Fastighetsf\u00f6rvaltning inneb\u00e4r bland annat hantering av utrymmen och utrustningar som m\u00e5ste fungera klanderfritt.<\/strong><\/p>\n<p><strong>Resultatet av fastighetsf\u00f6rvaltningen \u00e4r att skapa och underh\u00e5lla utrymmen som kan hyras ut eller s\u00e4ljas. F\u00f6rvaltare av fastigheter kan uppn\u00e5 stora f\u00f6rdelar genom att anv\u00e4nda ritningar som tydligt och r\u00e4ttvisande redovisar de utrymmen som ing\u00e5r i f\u00f6rvaltningen, och som ska tillhandah\u00e5llas till marknaden. Genom att uppge relevanta egenskaper f\u00f6r utrymmena, exempelvis golvarea och verksamhetsklass, kan olika typer av kontrakt skapas. Och det g\u00f6rs enklast genom att p\u00e5 ritningen markera de utrymmen som ska ing\u00e5.<\/strong>[\/vc_column_text][vc_column_text css=&#8221;.vc_custom_1616689163197{margin-bottom: 0px !important;}&#8221;]Utrymmet i en fastighet\u00a0\u00e4r motorn till hyresint\u00e4kten som ska genereras och med god ordning och maximalt utnyttjande kan int\u00e4kterna \u00f6kas. Utg\u00e5ngspunkten \u00e4r digital \u00f6verblick och optimal hantering\u00a0av fastighetens information, exempelvis med ritningen som grund.<\/p>\n<p>V\u00e5ra Trix-produkter har skapats f\u00f6r att hj\u00e4lpa fastighetsf\u00f6rvaltaren att ordna och bevara teknisk information s\u00e5 att den h\u00e5ller h\u00f6g kvalitet och \u00e4r tillg\u00e4nglig d\u00e5 behov uppst\u00e5r.[\/vc_column_text][vc_column_text css=&#8221;.vc_custom_1616689182991{margin-bottom: 0px !important;}&#8221;]\n<h3>Skapat f\u00f6r fastighetsf\u00f6rvaltarens behov<\/h3>\n<p>Trix-produkterna har unika funktioner f\u00f6r att underl\u00e4tta den dokument- och informationss\u00f6kning som utf\u00f6rs av fastighetsf\u00f6rvaltaren, exempelvis snabb s\u00f6kning via s\u00e4rskilda s\u00f6kfunktioner och m\u00f6jlighet att snabbt och enkelt se dokument och ritningar i v\u00e5r dokumentvisare. Det finns funktioner f\u00f6r att hantera utrymmen och kontrakt med tillh\u00f6rande information.[\/vc_column_text][vc_column_text css=&#8221;.vc_custom_1616689197848{margin-bottom: 0px !important;}&#8221;]\n<h3>Exempel p\u00e5 kundl\u00f6sningar<\/h3>\n<p>Bland v\u00e5ra kunder kan n\u00e4mnas fastighets\u00e4gare, f\u00f6rvaltare, hyresbolag, st\u00e4dbolag, sjukhus, butikskedjor m.fl. Se n\u00e5gra exempel nedan:[\/vc_column_text][mk_blog style=&#8221;grid&#8221; grid_image_height=&#8221;220&#8243; disable_meta=&#8221;false&#8221; excerpt_length=&#8221;50&#8243; pagination=&#8221;false&#8221; posts=&#8221;9645, 9640, 9661&#8243; exclude_post_format=&#8221;&#8221;][\/vc_column][vc_column width=&#8221;1\/3&#8243;][vc_video link=&#8221;https:\/\/youtu.be\/hiKPs9VIiGQ&#8221;][mk_padding_divider][mk_button dimension=&#8221;two&#8221; size=&#8221;medium&#8221; icon=&#8221;mk-icon-dollar&#8221; url=&#8221;https:\/\/provanum.com\/sv\/vill-du-veta-hur-du-sparar-pengar\/&#8221; fullwidth=&#8221;true&#8221;]Vill du spara pengar?[\/mk_button][mk_button dimension=&#8221;two&#8221; size=&#8221;medium&#8221; icon=&#8221;mk-moon-file-pdf&#8221; url=&#8221;#\/fastighet_pdf&#8221; fullwidth=&#8221;true&#8221;]Om Provanum[\/mk_button][vc_toggle title=&#8221;Utrymmen och kontrakt&#8221; el_class=&#8221;faq-style&#8221;]Utrymmen \u00e4r fastighetsf\u00f6rvaltningens huvudobjekt. Dessa ska\u00a0hyras ut eller s\u00e4ljas och generera int\u00e4kter. De m\u00e5ste ocks\u00e5 underh\u00e5llas och ibland renoveras. <a href=\"https:\/\/provanum.com\/sv\/fastighet\/utrymmen-och-kontrakt\/\">L\u00e4s mer\u2026<\/a>[\/vc_toggle][vc_toggle title=&#8221;BIM-information efter eget val&#8221; el_class=&#8221;faq-style&#8221;]De olika egenskaper som passar in i fastighetens f\u00f6rvaltning kan som regel tas fram ur en modern ritning, eller tillf\u00f6ras under projekteringen, alternativt tillf\u00f6ras ritningarna i det l\u00f6pande underh\u00e5llsarbetet. <a href=\"https:\/\/provanum.com\/sv\/fastighet\/bim-information-efter-eget-val\/\">L\u00e4s mer\u2026<\/a>[\/vc_toggle][vc_toggle title=&#8221;Energideklarationer&#8221; el_class=&#8221;faq-style&#8221;]Varje fastighet ska ha kontroll p\u00e5 sin energi\u00e5tg\u00e5ng f\u00f6r exempelvis uppv\u00e4rmning. Informationen ska redovisas till myndigheterna och f\u00f6rb\u00e4ttringar ska initieras och genomf\u00f6ras.\u00a0<span style=\"color: #000080;\"><a style=\"color: #000080;\" href=\"https:\/\/provanum.com\/sv\/fastighet\/energideklarationer\/\">L\u00e4s mer&#8230;<\/a><\/span>[\/vc_toggle][mk_padding_divider][mk_image src=&#8221;https:\/\/provanum.com\/wp-content\/uploads\/2015\/02\/Fastighet775.jpg&#8221; image_size=&#8221;Image Size 500&#215;500&#8243;][mk_padding_divider][\/vc_column][\/vc_row]\n<\/div>","protected":false},"excerpt":{"rendered":"<p>[vc_row][vc_column][layerslider_vc id=&#8221;16&#8243;][\/vc_column][\/vc_row][vc_row][vc_column width=&#8221;2\/3&#8243;][vc_column_text css=&#8221;.vc_custom_1663162184766{margin-bottom: 0px !important;}&#8221;] Fastighet Fastighetsf\u00f6rvaltning inneb\u00e4r bland annat hantering av utrymmen och utrustningar som m\u00e5ste fungera klanderfritt. Resultatet av fastighetsf\u00f6rvaltningen \u00e4r att skapa och underh\u00e5lla utrymmen som kan hyras ut eller s\u00e4ljas. F\u00f6rvaltare av fastigheter kan uppn\u00e5 stora f\u00f6rdelar genom att anv\u00e4nda ritningar som tydligt och r\u00e4ttvisande redovisar de utrymmen som ing\u00e5r [&hellip;]<\/p>\n","protected":false},"author":3,"featured_media":0,"parent":0,"menu_order":0,"comment_status":"closed","ping_status":"closed","template":"","meta":{"_acf_changed":false,"footnotes":""},"class_list":["post-4833","page","type-page","status-publish","hentry"],"translation":{"provider":"WPGlobus","version":"3.0.2","language":"sv","enabled_languages":["en","sv"],"languages":{"en":{"title":true,"content":true,"excerpt":false},"sv":{"title":true,"content":true,"excerpt":false}}},"acf":[],"yoast_head":"<!-- This site is optimized with the Yoast SEO plugin v27.4 - https:\/\/yoast.com\/product\/yoast-seo-wordpress\/ -->\n<title>Fastighet - Provanum<\/title>\n<meta name=\"robots\" content=\"index, follow, max-snippet:-1, max-image-preview:large, max-video-preview:-1\" \/>\n<link rel=\"canonical\" href=\"https:\/\/provanum.com\/realestate\/\" \/>\n<meta name=\"twitter:label1\" content=\"Ber\u00e4knad l\u00e4stid\" \/>\n\t<meta name=\"twitter:data1\" content=\"2 minuter\" \/>\n<script type=\"application\/ld+json\" class=\"yoast-schema-graph\">{\"@context\":\"https:\\\/\\\/schema.org\",\"@graph\":[{\"@type\":\"WebPage\",\"@id\":\"https:\\\/\\\/provanum.com\\\/realestate\\\/\",\"url\":\"https:\\\/\\\/provanum.com\\\/realestate\\\/\",\"name\":\"Fastighet - Provanum\",\"isPartOf\":{\"@id\":\"https:\\\/\\\/provanum.com\\\/#website\"},\"datePublished\":\"2014-12-27T11:30:55+00:00\",\"dateModified\":\"2022-10-11T06:12:42+00:00\",\"breadcrumb\":{\"@id\":\"https:\\\/\\\/provanum.com\\\/realestate\\\/#breadcrumb\"},\"inLanguage\":\"sv-SE\",\"potentialAction\":[{\"@type\":\"ReadAction\",\"target\":[\"https:\\\/\\\/provanum.com\\\/realestate\\\/\"]}]},{\"@type\":\"BreadcrumbList\",\"@id\":\"https:\\\/\\\/provanum.com\\\/realestate\\\/#breadcrumb\",\"itemListElement\":[{\"@type\":\"ListItem\",\"position\":1,\"name\":\"Home\",\"item\":\"https:\\\/\\\/provanum.com\\\/\"},{\"@type\":\"ListItem\",\"position\":2,\"name\":\"Real estate\"}]},{\"@type\":\"WebSite\",\"@id\":\"https:\\\/\\\/provanum.com\\\/#website\",\"url\":\"https:\\\/\\\/provanum.com\\\/\",\"name\":\"Provanum\",\"description\":\"Ingenj\u00f6rsbaserad dokumenthantering\",\"publisher\":{\"@id\":\"https:\\\/\\\/provanum.com\\\/#organization\"},\"potentialAction\":[{\"@type\":\"SearchAction\",\"target\":{\"@type\":\"EntryPoint\",\"urlTemplate\":\"https:\\\/\\\/provanum.com\\\/?s={search_term_string}\"},\"query-input\":{\"@type\":\"PropertyValueSpecification\",\"valueRequired\":true,\"valueName\":\"search_term_string\"}}],\"inLanguage\":\"sv-SE\"},{\"@type\":\"Organization\",\"@id\":\"https:\\\/\\\/provanum.com\\\/#organization\",\"name\":\"Provanum\",\"url\":\"https:\\\/\\\/provanum.com\\\/\",\"logo\":{\"@type\":\"ImageObject\",\"inLanguage\":\"sv-SE\",\"@id\":\"https:\\\/\\\/provanum.com\\\/#\\\/schema\\\/logo\\\/image\\\/\",\"url\":\"https:\\\/\\\/provanum.com\\\/wp-content\\\/uploads\\\/2015\\\/01\\\/TrixSolution2.png\",\"contentUrl\":\"https:\\\/\\\/provanum.com\\\/wp-content\\\/uploads\\\/2015\\\/01\\\/TrixSolution2.png\",\"width\":300,\"height\":305,\"caption\":\"Provanum\"},\"image\":{\"@id\":\"https:\\\/\\\/provanum.com\\\/#\\\/schema\\\/logo\\\/image\\\/\"}}]}<\/script>\n<!-- \/ Yoast SEO plugin. -->","yoast_head_json":{"title":"Fastighet - Provanum","robots":{"index":"index","follow":"follow","max-snippet":"max-snippet:-1","max-image-preview":"max-image-preview:large","max-video-preview":"max-video-preview:-1"},"canonical":"https:\/\/provanum.com\/realestate\/","twitter_misc":{"Ber\u00e4knad l\u00e4stid":"2 minuter"},"schema":{"@context":"https:\/\/schema.org","@graph":[{"@type":"WebPage","@id":"https:\/\/provanum.com\/realestate\/","url":"https:\/\/provanum.com\/realestate\/","name":"Fastighet - Provanum","isPartOf":{"@id":"https:\/\/provanum.com\/#website"},"datePublished":"2014-12-27T11:30:55+00:00","dateModified":"2022-10-11T06:12:42+00:00","breadcrumb":{"@id":"https:\/\/provanum.com\/realestate\/#breadcrumb"},"inLanguage":"sv-SE","potentialAction":[{"@type":"ReadAction","target":["https:\/\/provanum.com\/realestate\/"]}]},{"@type":"BreadcrumbList","@id":"https:\/\/provanum.com\/realestate\/#breadcrumb","itemListElement":[{"@type":"ListItem","position":1,"name":"Home","item":"https:\/\/provanum.com\/"},{"@type":"ListItem","position":2,"name":"Real estate"}]},{"@type":"WebSite","@id":"https:\/\/provanum.com\/#website","url":"https:\/\/provanum.com\/","name":"Provanum","description":"Ingenj\u00f6rsbaserad dokumenthantering","publisher":{"@id":"https:\/\/provanum.com\/#organization"},"potentialAction":[{"@type":"SearchAction","target":{"@type":"EntryPoint","urlTemplate":"https:\/\/provanum.com\/?s={search_term_string}"},"query-input":{"@type":"PropertyValueSpecification","valueRequired":true,"valueName":"search_term_string"}}],"inLanguage":"sv-SE"},{"@type":"Organization","@id":"https:\/\/provanum.com\/#organization","name":"Provanum","url":"https:\/\/provanum.com\/","logo":{"@type":"ImageObject","inLanguage":"sv-SE","@id":"https:\/\/provanum.com\/#\/schema\/logo\/image\/","url":"https:\/\/provanum.com\/wp-content\/uploads\/2015\/01\/TrixSolution2.png","contentUrl":"https:\/\/provanum.com\/wp-content\/uploads\/2015\/01\/TrixSolution2.png","width":300,"height":305,"caption":"Provanum"},"image":{"@id":"https:\/\/provanum.com\/#\/schema\/logo\/image\/"}}]}},"_links":{"self":[{"href":"https:\/\/provanum.com\/sv\/wp-json\/wp\/v2\/pages\/4833","targetHints":{"allow":["GET"]}}],"collection":[{"href":"https:\/\/provanum.com\/sv\/wp-json\/wp\/v2\/pages"}],"about":[{"href":"https:\/\/provanum.com\/sv\/wp-json\/wp\/v2\/types\/page"}],"author":[{"embeddable":true,"href":"https:\/\/provanum.com\/sv\/wp-json\/wp\/v2\/users\/3"}],"replies":[{"embeddable":true,"href":"https:\/\/provanum.com\/sv\/wp-json\/wp\/v2\/comments?post=4833"}],"version-history":[{"count":11,"href":"https:\/\/provanum.com\/sv\/wp-json\/wp\/v2\/pages\/4833\/revisions"}],"predecessor-version":[{"id":9834,"href":"https:\/\/provanum.com\/sv\/wp-json\/wp\/v2\/pages\/4833\/revisions\/9834"}],"wp:attachment":[{"href":"https:\/\/provanum.com\/sv\/wp-json\/wp\/v2\/media?parent=4833"}],"curies":[{"name":"wp","href":"https:\/\/api.w.org\/{rel}","templated":true}]}}