{"id":4816,"date":"2014-12-27T11:25:28","date_gmt":"2014-12-27T11:25:28","guid":{"rendered":"https:\/\/provanum.com\/?page_id=4816"},"modified":"2022-10-11T08:10:16","modified_gmt":"2022-10-11T06:10:16","slug":"production","status":"publish","type":"page","link":"https:\/\/provanum.com\/sv\/produktion\/","title":{"rendered":"Produktion"},"content":{"rendered":"<div class=\"wpb-content-wrapper\">[vc_row fullwidth=&#8221;true&#8221;][vc_column][layerslider_vc id=&#8221;22&#8243;][\/vc_column][\/vc_row][vc_row][vc_column width=&#8221;2\/3&#8243;][vc_column_text css=&#8221;.vc_custom_1616695353580{margin-bottom: 0px !important;}&#8221;]\n<h1>Produktion<\/h1>\n<p><strong>H\u00f6g kvalitet och tillg\u00e4nglighet p\u00e5 produktionsutrustningen betalar sig i form av \u00f6kad konkurrenskraft och n\u00f6jda kunder.<\/strong><\/p>\n<p><strong>Producerande f\u00f6retag lever med stora krav p\u00e5 en obruten produktionskapacitet, helst utan n\u00e5gra akuta stopp alls. Dokumentationen m\u00e5ste vara i god ordning f\u00f6r att de ska kunna sk\u00f6ta drift- och underh\u00e5ll p\u00e5 ett optimalt s\u00e4tt, och undvika kostsamma produktionsstopp. En god grund och direkt n\u00f6dv\u00e4ndig f\u00f6ruts\u00e4ttning \u00e4r att all dokumentation som ber\u00f6r utrustningen i produktionen, \u00e4r snabbt tillg\u00e4nglig, riktigt utf\u00f6rd och aktuell. Ritningar och manualer m\u00e5ste enkelt kunna hittas vid s\u00e5v\u00e4l akuta fel som vid p\u00e5g\u00e5ende underh\u00e5llsarbeten.<\/strong>[\/vc_column_text][vc_column_text css=&#8221;.vc_custom_1616695375111{margin-bottom: 0px !important;}&#8221;]Det betyder ocks\u00e5 att all dokumentation m\u00e5ste granskas ing\u00e5ende vid revideringar, s\u00e5 att arbeten p\u00e5 produktionens utrustning endast utf\u00f6rs med godk\u00e4nd information som grund.<\/p>\n<p>V\u00e5ra l\u00f6sningar omfattar alla n\u00f6dv\u00e4ndiga delar kring funktionalitet, kvalitet, \u00f6kad tillg\u00e4nglighet och metoder f\u00f6r kontrollerad f\u00f6r\u00e4ndring av all dokumentation \u00f6ver produktionsutrustningen, oavsett bransch.[\/vc_column_text][vc_column_text css=&#8221;.vc_custom_1616695394046{margin-bottom: 0px !important;}&#8221;]\n<h3>Skapat f\u00f6r ingenj\u00f6rens behov av v\u00e4lordnad information<\/h3>\n<p>V\u00e5ra Trix-produkter har skapats f\u00f6r att hj\u00e4lpa ingenj\u00f6ren att ordna och bevara teknisk information, s\u00e5 att den h\u00e5ller h\u00f6g kvalitet och \u00e4r tillg\u00e4nglig d\u00e5 behov uppst\u00e5r. Det \u00e4r en relativt komplex och omfattande uppgift, som dessutom blir \u00e4n mer komplicerad av behovet av m\u00e5nga revideringar. Trix-produkterna har unika funktioner f\u00f6r att underl\u00e4tta detta, s\u00e5som snabb s\u00f6kning via s\u00e4rskilda s\u00f6kfunktioner och m\u00f6jlighet att skapa informationsstrukturer efter kundens krav och behov.[\/vc_column_text][vc_column_text css=&#8221;.vc_custom_1616695408916{margin-bottom: 0px !important;}&#8221;]\n<h3>Exempel p\u00e5 kundl\u00f6sningar<\/h3>\n<p>V\u00e5ra kunder finns inom\u00a0energi, olja &amp; gas, tillverkning, montering, kemi, gruvdrift m fl. Se n\u00e5gra exempel nedan:[\/vc_column_text][mk_blog style=&#8221;grid&#8221; grid_image_height=&#8221;220&#8243; disable_meta=&#8221;false&#8221; excerpt_length=&#8221;50&#8243; pagination=&#8221;false&#8221; posts=&#8221;6451, 9586, 9613&#8243; exclude_post_format=&#8221;&#8221;][\/vc_column][vc_column width=&#8221;1\/3&#8243;][vc_video link=&#8221;https:\/\/youtu.be\/hiKPs9VIiGQ&#8221;][mk_padding_divider][mk_button dimension=&#8221;two&#8221; size=&#8221;medium&#8221; icon=&#8221;mk-icon-dollar&#8221; url=&#8221;https:\/\/provanum.com\/sv\/vill-du-veta-hur-du-sparar-pengar\/&#8221; fullwidth=&#8221;true&#8221;]Vill du spara pengar?[\/mk_button][mk_button dimension=&#8221;two&#8221; size=&#8221;medium&#8221; icon=&#8221;mk-moon-file-pdf&#8221; url=&#8221;#\/produktion_pdf&#8221; fullwidth=&#8221;true&#8221;]Om Provanum[\/mk_button][vc_toggle title=&#8221;Industriproducenter&#8221; el_id=&#8221;1474195751479-c44b0fd8-091e&#8221; el_class=&#8221;faq-style&#8221;]Industriproducerande f\u00f6retag \u00e4r beroende av h\u00f6ga krav p\u00e5 obruten drifttid, s\u00e5 att produktionen inte st\u00f6rs av onormala driftsstopp. Tillg\u00e5ngen till dokumentationen \u00e4r oerh\u00f6rt viktig. <a href=\"https:\/\/provanum.com\/sv\/produktion\/industriproducenter\/\">L\u00e4s mer\u2026<\/a>[\/vc_toggle][vc_toggle title=&#8221;Energiproducenter&#8221; el_id=&#8221;1507477163586-919bb857-d2e1&#8243; el_class=&#8221;faq-style&#8221;]Energiproducerande f\u00f6retag har en viktig samh\u00e4llsuppgift och h\u00f6ga krav p\u00e5 obruten drift s\u00e5 att energin kommer kunderna tillgodo under dygnets alla timmar. <a href=\"https:\/\/provanum.com\/sv\/produktion\/energiproducenter\/\">L\u00e4s mer\u2026<\/a>[\/vc_toggle][vc_toggle title=&#8221;Anl\u00e4ggningsm\u00e4rkning&#8221; el_id=&#8221;1474196067724-b13f4692-3388&#8243; el_class=&#8221;faq-style&#8221;]De utrustningar som ing\u00e5r i en tillverkningsprocess ska ha tydlig och strukturerad anl\u00e4ggningsm\u00e4rkning s\u00e5 att drift och\u00a0underh\u00e5ll blir effektiv. <a href=\"https:\/\/provanum.com\/sv\/produktion\/anlaggningsmarkning\/\">L\u00e4s mer\u2026<\/a>[\/vc_toggle][mk_padding_divider][mk_image src=&#8221;https:\/\/provanum.com\/wp-content\/uploads\/2015\/02\/Industri775.jpg&#8221; image_size=&#8221;Image Size 500&#215;500&#8243;][mk_padding_divider][\/vc_column][\/vc_row]\n<\/div>","protected":false},"excerpt":{"rendered":"<p>[vc_row fullwidth=&#8221;true&#8221;][vc_column][layerslider_vc id=&#8221;22&#8243;][\/vc_column][\/vc_row][vc_row][vc_column width=&#8221;2\/3&#8243;][vc_column_text css=&#8221;.vc_custom_1616695353580{margin-bottom: 0px !important;}&#8221;] Produktion H\u00f6g kvalitet och tillg\u00e4nglighet p\u00e5 produktionsutrustningen betalar sig i form av \u00f6kad konkurrenskraft och n\u00f6jda kunder. Producerande f\u00f6retag lever med stora krav p\u00e5 en obruten produktionskapacitet, helst utan n\u00e5gra akuta stopp alls. Dokumentationen m\u00e5ste vara i god ordning f\u00f6r att de ska kunna sk\u00f6ta drift- och underh\u00e5ll [&hellip;]<\/p>\n","protected":false},"author":3,"featured_media":0,"parent":0,"menu_order":0,"comment_status":"closed","ping_status":"closed","template":"","meta":{"_acf_changed":false,"footnotes":""},"class_list":["post-4816","page","type-page","status-publish","hentry"],"translation":{"provider":"WPGlobus","version":"3.0.2","language":"sv","enabled_languages":["en","sv"],"languages":{"en":{"title":true,"content":true,"excerpt":false},"sv":{"title":true,"content":true,"excerpt":false}}},"acf":[],"yoast_head":"<!-- This site is optimized with the Yoast SEO plugin v27.4 - https:\/\/yoast.com\/product\/yoast-seo-wordpress\/ -->\n<title>Produktion - Provanum<\/title>\n<meta name=\"robots\" content=\"index, follow, max-snippet:-1, max-image-preview:large, max-video-preview:-1\" \/>\n<link rel=\"canonical\" href=\"https:\/\/provanum.com\/production\/\" \/>\n<meta name=\"twitter:label1\" content=\"Ber\u00e4knad l\u00e4stid\" \/>\n\t<meta name=\"twitter:data1\" content=\"2 minuter\" \/>\n<script type=\"application\/ld+json\" class=\"yoast-schema-graph\">{\"@context\":\"https:\\\/\\\/schema.org\",\"@graph\":[{\"@type\":\"WebPage\",\"@id\":\"https:\\\/\\\/provanum.com\\\/production\\\/\",\"url\":\"https:\\\/\\\/provanum.com\\\/production\\\/\",\"name\":\"Produktion - Provanum\",\"isPartOf\":{\"@id\":\"https:\\\/\\\/provanum.com\\\/#website\"},\"datePublished\":\"2014-12-27T11:25:28+00:00\",\"dateModified\":\"2022-10-11T06:10:16+00:00\",\"breadcrumb\":{\"@id\":\"https:\\\/\\\/provanum.com\\\/production\\\/#breadcrumb\"},\"inLanguage\":\"sv-SE\",\"potentialAction\":[{\"@type\":\"ReadAction\",\"target\":[\"https:\\\/\\\/provanum.com\\\/production\\\/\"]}]},{\"@type\":\"BreadcrumbList\",\"@id\":\"https:\\\/\\\/provanum.com\\\/production\\\/#breadcrumb\",\"itemListElement\":[{\"@type\":\"ListItem\",\"position\":1,\"name\":\"Home\",\"item\":\"https:\\\/\\\/provanum.com\\\/\"},{\"@type\":\"ListItem\",\"position\":2,\"name\":\"Production\"}]},{\"@type\":\"WebSite\",\"@id\":\"https:\\\/\\\/provanum.com\\\/#website\",\"url\":\"https:\\\/\\\/provanum.com\\\/\",\"name\":\"Provanum\",\"description\":\"Ingenj\u00f6rsbaserad dokumenthantering\",\"publisher\":{\"@id\":\"https:\\\/\\\/provanum.com\\\/#organization\"},\"potentialAction\":[{\"@type\":\"SearchAction\",\"target\":{\"@type\":\"EntryPoint\",\"urlTemplate\":\"https:\\\/\\\/provanum.com\\\/?s={search_term_string}\"},\"query-input\":{\"@type\":\"PropertyValueSpecification\",\"valueRequired\":true,\"valueName\":\"search_term_string\"}}],\"inLanguage\":\"sv-SE\"},{\"@type\":\"Organization\",\"@id\":\"https:\\\/\\\/provanum.com\\\/#organization\",\"name\":\"Provanum\",\"url\":\"https:\\\/\\\/provanum.com\\\/\",\"logo\":{\"@type\":\"ImageObject\",\"inLanguage\":\"sv-SE\",\"@id\":\"https:\\\/\\\/provanum.com\\\/#\\\/schema\\\/logo\\\/image\\\/\",\"url\":\"https:\\\/\\\/provanum.com\\\/wp-content\\\/uploads\\\/2015\\\/01\\\/TrixSolution2.png\",\"contentUrl\":\"https:\\\/\\\/provanum.com\\\/wp-content\\\/uploads\\\/2015\\\/01\\\/TrixSolution2.png\",\"width\":300,\"height\":305,\"caption\":\"Provanum\"},\"image\":{\"@id\":\"https:\\\/\\\/provanum.com\\\/#\\\/schema\\\/logo\\\/image\\\/\"}}]}<\/script>\n<!-- \/ Yoast SEO plugin. -->","yoast_head_json":{"title":"Produktion - Provanum","robots":{"index":"index","follow":"follow","max-snippet":"max-snippet:-1","max-image-preview":"max-image-preview:large","max-video-preview":"max-video-preview:-1"},"canonical":"https:\/\/provanum.com\/production\/","twitter_misc":{"Ber\u00e4knad l\u00e4stid":"2 minuter"},"schema":{"@context":"https:\/\/schema.org","@graph":[{"@type":"WebPage","@id":"https:\/\/provanum.com\/production\/","url":"https:\/\/provanum.com\/production\/","name":"Produktion - Provanum","isPartOf":{"@id":"https:\/\/provanum.com\/#website"},"datePublished":"2014-12-27T11:25:28+00:00","dateModified":"2022-10-11T06:10:16+00:00","breadcrumb":{"@id":"https:\/\/provanum.com\/production\/#breadcrumb"},"inLanguage":"sv-SE","potentialAction":[{"@type":"ReadAction","target":["https:\/\/provanum.com\/production\/"]}]},{"@type":"BreadcrumbList","@id":"https:\/\/provanum.com\/production\/#breadcrumb","itemListElement":[{"@type":"ListItem","position":1,"name":"Home","item":"https:\/\/provanum.com\/"},{"@type":"ListItem","position":2,"name":"Production"}]},{"@type":"WebSite","@id":"https:\/\/provanum.com\/#website","url":"https:\/\/provanum.com\/","name":"Provanum","description":"Ingenj\u00f6rsbaserad dokumenthantering","publisher":{"@id":"https:\/\/provanum.com\/#organization"},"potentialAction":[{"@type":"SearchAction","target":{"@type":"EntryPoint","urlTemplate":"https:\/\/provanum.com\/?s={search_term_string}"},"query-input":{"@type":"PropertyValueSpecification","valueRequired":true,"valueName":"search_term_string"}}],"inLanguage":"sv-SE"},{"@type":"Organization","@id":"https:\/\/provanum.com\/#organization","name":"Provanum","url":"https:\/\/provanum.com\/","logo":{"@type":"ImageObject","inLanguage":"sv-SE","@id":"https:\/\/provanum.com\/#\/schema\/logo\/image\/","url":"https:\/\/provanum.com\/wp-content\/uploads\/2015\/01\/TrixSolution2.png","contentUrl":"https:\/\/provanum.com\/wp-content\/uploads\/2015\/01\/TrixSolution2.png","width":300,"height":305,"caption":"Provanum"},"image":{"@id":"https:\/\/provanum.com\/#\/schema\/logo\/image\/"}}]}},"_links":{"self":[{"href":"https:\/\/provanum.com\/sv\/wp-json\/wp\/v2\/pages\/4816","targetHints":{"allow":["GET"]}}],"collection":[{"href":"https:\/\/provanum.com\/sv\/wp-json\/wp\/v2\/pages"}],"about":[{"href":"https:\/\/provanum.com\/sv\/wp-json\/wp\/v2\/types\/page"}],"author":[{"embeddable":true,"href":"https:\/\/provanum.com\/sv\/wp-json\/wp\/v2\/users\/3"}],"replies":[{"embeddable":true,"href":"https:\/\/provanum.com\/sv\/wp-json\/wp\/v2\/comments?post=4816"}],"version-history":[{"count":10,"href":"https:\/\/provanum.com\/sv\/wp-json\/wp\/v2\/pages\/4816\/revisions"}],"predecessor-version":[{"id":9881,"href":"https:\/\/provanum.com\/sv\/wp-json\/wp\/v2\/pages\/4816\/revisions\/9881"}],"wp:attachment":[{"href":"https:\/\/provanum.com\/sv\/wp-json\/wp\/v2\/media?parent=4816"}],"curies":[{"name":"wp","href":"https:\/\/api.w.org\/{rel}","templated":true}]}}