{"id":4463,"date":"2014-03-11T10:40:34","date_gmt":"2014-03-11T10:40:34","guid":{"rendered":"https:\/\/provanum.com\/?page_id=4463"},"modified":"2022-10-11T10:32:04","modified_gmt":"2022-10-11T08:32:04","slug":"facts-about-us","status":"publish","type":"page","link":"https:\/\/provanum.com\/sv\/faktaomoss\/","title":{"rendered":"Fakta om oss"},"content":{"rendered":"<div class=\"wpb-content-wrapper\">[vc_row][vc_column width=&#8221;2\/3&#8243;][vc_column_text css=&#8221;.vc_custom_1632922934344{margin-bottom: 0px !important;}&#8221;]\n<h1>Fakta om oss<\/h1>\n<p><strong>Provanum best\u00e5r av flera bolag som \u00e4r samlade i koncernen Provanum-gruppen. Bakgrunden \u00e4r att vi har knutit nya resurser och kompetenser till oss och gruppen best\u00e5r idag av Provanum AB och de tv\u00e5 hel\u00e4gda dotterbolagen Trix Systems AB och Trix Systems, Inc.<\/strong><\/p>\n<p>Provanum AB \u00e4r ett marknadsbolag som sk\u00f6ter marknad, f\u00f6rs\u00e4ljning och tj\u00e4nster medan Trix Systems AB sk\u00f6ter produktutvecklingen av Trix-produkterna. F\u00f6retagen \u00e4r v\u00e4l etablerade och produkterna anv\u00e4nds av tusentals f\u00f6retag \u00f6ver hela v\u00e4rlden. Trix Systems Inc. \u00e4r v\u00e5rt s\u00e4ljbolag i Boston med fokus p\u00e5 marknaderna i USA, Kanada och Sydamerika.<\/p>\n<p>Vi \u00e4r idag verksamma p\u00e5 viktiga marknader och har kontor i Sverige, England och USA. Med 25 \u00e5rs erfarenhet i ryggs\u00e4cken, omsatt i produkterna samt med stor\u00a0erfarenhet\u00a0fr\u00e5n\u00a0m\u00e5nga\u00a0inf\u00f6randeprojekt, vet vi hur det ska g\u00e5 till.<\/p>\n<p>Bolagen \u00e4gs privat av ett antal verksamma medarbetare.<\/p>\n<h3>V\u00e5r egen produktutveckling<\/h3>\n<p>Vi utvecklar v\u00e5ra Trix-produkter helt i egen regi. K\u00e4llkodsbasen bygger p\u00e5 programmeringsspr\u00e5ken C++, Json, Transact SQL, html5, och databasmotorn \u00e4r Microsoft SQL Server. I v\u00e5rt sortiment finner du s\u00e5v\u00e4l standardprogram som skr\u00e4ddarsydda systeml\u00f6sningar f\u00f6r dokument- och informationshantering. Produktfamiljen har utvecklats sedan 1992. K\u00e4llkoderna \u00e4r toppmoderna och underh\u00e5lls kontinuerligt.[\/vc_column_text][\/vc_column][vc_column width=&#8221;1\/3&#8243;][vc_video link=&#8221;https:\/\/youtu.be\/hiKPs9VIiGQ&#8221;][mk_padding_divider][mk_button dimension=&#8221;two&#8221; size=&#8221;medium&#8221; icon=&#8221;mk-moon-file-pdf&#8221; url=&#8221;#\/laddanedbroschyr_pdf&#8221; fullwidth=&#8221;true&#8221;]F\u00f6retagspresentation[\/mk_button][vc_toggle title=&#8221;Fakta om Provanum AB&#8230;&#8221; el_class=&#8221;faq-style&#8221;]Provanum AB<br \/>\nKungsportsavenyn 21<br \/>\n411 36 G\u00f6teborg<br \/>\nSverige<br \/>\nTel 010 &#8211; 451 05 00<br \/>\nOrganisationsnummer: 556486-2893<br \/>\nMomsnummer: SE556486-289301<br \/>\nPlusgiro: 195932-9<br \/>\nBankgiro: 5905-2928<br \/>\nIBAN: SE65 3000 0000 0312 4170 3744<br \/>\nSwift kod: NDEASESS[\/vc_toggle][vc_toggle title=&#8221;Fakta om Trix Systems AB&#8230;&#8221; el_class=&#8221;faq-style&#8221;]Trix Systems AB<br \/>\nKungsportsavenyn 21<br \/>\n411\u00a0 36 G\u00f6teborg<br \/>\nSverige<br \/>\nTel 010 &#8211; 451 05 00<br \/>\nOrganisationsnummer: 556389-7809<br \/>\nMomsnummer: SE556389-780901<br \/>\nBankgiro: 5334-3091<br \/>\nPlusgiro: &#8211;<br \/>\nIBAN: -[\/vc_toggle][vc_toggle title=&#8221;Fakta om Trix Systems Inc&#8230;&#8221; el_class=&#8221;faq-style&#8221;]Trix Systems, Inc<br \/>\n1075 Westford St., Suite 301<br \/>\nLowell, MA 01851-2716<br \/>\nUnited States<br \/>\nBank of America Direct Deposit No: 0110 00138<br \/>\nSwift No: BOFAUS3n<br \/>\nAccount: #0000 2860 7008<br \/>\nFID: TIN#04-3277611[\/vc_toggle][\/vc_column][\/vc_row]\n<\/div>","protected":false},"excerpt":{"rendered":"<p>[vc_row][vc_column width=&#8221;2\/3&#8243;][vc_column_text css=&#8221;.vc_custom_1632922934344{margin-bottom: 0px !important;}&#8221;] Fakta om oss Provanum best\u00e5r av flera bolag som \u00e4r samlade i koncernen Provanum-gruppen. Bakgrunden \u00e4r att vi har knutit nya resurser och kompetenser till oss och gruppen best\u00e5r idag av Provanum AB och de tv\u00e5 hel\u00e4gda dotterbolagen Trix Systems AB och Trix Systems, Inc. Provanum AB \u00e4r ett marknadsbolag [&hellip;]<\/p>\n","protected":false},"author":1,"featured_media":0,"parent":0,"menu_order":0,"comment_status":"open","ping_status":"open","template":"","meta":{"_acf_changed":false,"footnotes":""},"class_list":["post-4463","page","type-page","status-publish","hentry"],"translation":{"provider":"WPGlobus","version":"3.0.2","language":"sv","enabled_languages":["en","sv"],"languages":{"en":{"title":true,"content":true,"excerpt":false},"sv":{"title":true,"content":true,"excerpt":false}}},"acf":[],"yoast_head":"<!-- This site is optimized with the Yoast SEO plugin v27.4 - https:\/\/yoast.com\/product\/yoast-seo-wordpress\/ -->\n<title>Fakta om oss - Provanum<\/title>\n<meta name=\"robots\" content=\"index, follow, max-snippet:-1, max-image-preview:large, max-video-preview:-1\" \/>\n<link rel=\"canonical\" href=\"https:\/\/provanum.com\/facts-about-us\/\" \/>\n<meta name=\"twitter:label1\" content=\"Ber\u00e4knad l\u00e4stid\" \/>\n\t<meta name=\"twitter:data1\" content=\"2 minuter\" \/>\n<script type=\"application\/ld+json\" class=\"yoast-schema-graph\">{\"@context\":\"https:\\\/\\\/schema.org\",\"@graph\":[{\"@type\":\"WebPage\",\"@id\":\"https:\\\/\\\/provanum.com\\\/facts-about-us\\\/\",\"url\":\"https:\\\/\\\/provanum.com\\\/facts-about-us\\\/\",\"name\":\"Fakta om oss - Provanum\",\"isPartOf\":{\"@id\":\"https:\\\/\\\/provanum.com\\\/#website\"},\"datePublished\":\"2014-03-11T10:40:34+00:00\",\"dateModified\":\"2022-10-11T08:32:04+00:00\",\"breadcrumb\":{\"@id\":\"https:\\\/\\\/provanum.com\\\/facts-about-us\\\/#breadcrumb\"},\"inLanguage\":\"sv-SE\",\"potentialAction\":[{\"@type\":\"ReadAction\",\"target\":[\"https:\\\/\\\/provanum.com\\\/facts-about-us\\\/\"]}]},{\"@type\":\"BreadcrumbList\",\"@id\":\"https:\\\/\\\/provanum.com\\\/facts-about-us\\\/#breadcrumb\",\"itemListElement\":[{\"@type\":\"ListItem\",\"position\":1,\"name\":\"Home\",\"item\":\"https:\\\/\\\/provanum.com\\\/\"},{\"@type\":\"ListItem\",\"position\":2,\"name\":\"Facts about us\"}]},{\"@type\":\"WebSite\",\"@id\":\"https:\\\/\\\/provanum.com\\\/#website\",\"url\":\"https:\\\/\\\/provanum.com\\\/\",\"name\":\"Provanum\",\"description\":\"Ingenj\u00f6rsbaserad dokumenthantering\",\"publisher\":{\"@id\":\"https:\\\/\\\/provanum.com\\\/#organization\"},\"potentialAction\":[{\"@type\":\"SearchAction\",\"target\":{\"@type\":\"EntryPoint\",\"urlTemplate\":\"https:\\\/\\\/provanum.com\\\/?s={search_term_string}\"},\"query-input\":{\"@type\":\"PropertyValueSpecification\",\"valueRequired\":true,\"valueName\":\"search_term_string\"}}],\"inLanguage\":\"sv-SE\"},{\"@type\":\"Organization\",\"@id\":\"https:\\\/\\\/provanum.com\\\/#organization\",\"name\":\"Provanum\",\"url\":\"https:\\\/\\\/provanum.com\\\/\",\"logo\":{\"@type\":\"ImageObject\",\"inLanguage\":\"sv-SE\",\"@id\":\"https:\\\/\\\/provanum.com\\\/#\\\/schema\\\/logo\\\/image\\\/\",\"url\":\"https:\\\/\\\/provanum.com\\\/wp-content\\\/uploads\\\/2015\\\/01\\\/TrixSolution2.png\",\"contentUrl\":\"https:\\\/\\\/provanum.com\\\/wp-content\\\/uploads\\\/2015\\\/01\\\/TrixSolution2.png\",\"width\":300,\"height\":305,\"caption\":\"Provanum\"},\"image\":{\"@id\":\"https:\\\/\\\/provanum.com\\\/#\\\/schema\\\/logo\\\/image\\\/\"}}]}<\/script>\n<!-- \/ Yoast SEO plugin. -->","yoast_head_json":{"title":"Fakta om oss - Provanum","robots":{"index":"index","follow":"follow","max-snippet":"max-snippet:-1","max-image-preview":"max-image-preview:large","max-video-preview":"max-video-preview:-1"},"canonical":"https:\/\/provanum.com\/facts-about-us\/","twitter_misc":{"Ber\u00e4knad l\u00e4stid":"2 minuter"},"schema":{"@context":"https:\/\/schema.org","@graph":[{"@type":"WebPage","@id":"https:\/\/provanum.com\/facts-about-us\/","url":"https:\/\/provanum.com\/facts-about-us\/","name":"Fakta om oss - Provanum","isPartOf":{"@id":"https:\/\/provanum.com\/#website"},"datePublished":"2014-03-11T10:40:34+00:00","dateModified":"2022-10-11T08:32:04+00:00","breadcrumb":{"@id":"https:\/\/provanum.com\/facts-about-us\/#breadcrumb"},"inLanguage":"sv-SE","potentialAction":[{"@type":"ReadAction","target":["https:\/\/provanum.com\/facts-about-us\/"]}]},{"@type":"BreadcrumbList","@id":"https:\/\/provanum.com\/facts-about-us\/#breadcrumb","itemListElement":[{"@type":"ListItem","position":1,"name":"Home","item":"https:\/\/provanum.com\/"},{"@type":"ListItem","position":2,"name":"Facts about us"}]},{"@type":"WebSite","@id":"https:\/\/provanum.com\/#website","url":"https:\/\/provanum.com\/","name":"Provanum","description":"Ingenj\u00f6rsbaserad dokumenthantering","publisher":{"@id":"https:\/\/provanum.com\/#organization"},"potentialAction":[{"@type":"SearchAction","target":{"@type":"EntryPoint","urlTemplate":"https:\/\/provanum.com\/?s={search_term_string}"},"query-input":{"@type":"PropertyValueSpecification","valueRequired":true,"valueName":"search_term_string"}}],"inLanguage":"sv-SE"},{"@type":"Organization","@id":"https:\/\/provanum.com\/#organization","name":"Provanum","url":"https:\/\/provanum.com\/","logo":{"@type":"ImageObject","inLanguage":"sv-SE","@id":"https:\/\/provanum.com\/#\/schema\/logo\/image\/","url":"https:\/\/provanum.com\/wp-content\/uploads\/2015\/01\/TrixSolution2.png","contentUrl":"https:\/\/provanum.com\/wp-content\/uploads\/2015\/01\/TrixSolution2.png","width":300,"height":305,"caption":"Provanum"},"image":{"@id":"https:\/\/provanum.com\/#\/schema\/logo\/image\/"}}]}},"_links":{"self":[{"href":"https:\/\/provanum.com\/sv\/wp-json\/wp\/v2\/pages\/4463","targetHints":{"allow":["GET"]}}],"collection":[{"href":"https:\/\/provanum.com\/sv\/wp-json\/wp\/v2\/pages"}],"about":[{"href":"https:\/\/provanum.com\/sv\/wp-json\/wp\/v2\/types\/page"}],"author":[{"embeddable":true,"href":"https:\/\/provanum.com\/sv\/wp-json\/wp\/v2\/users\/1"}],"replies":[{"embeddable":true,"href":"https:\/\/provanum.com\/sv\/wp-json\/wp\/v2\/comments?post=4463"}],"version-history":[{"count":10,"href":"https:\/\/provanum.com\/sv\/wp-json\/wp\/v2\/pages\/4463\/revisions"}],"predecessor-version":[{"id":9873,"href":"https:\/\/provanum.com\/sv\/wp-json\/wp\/v2\/pages\/4463\/revisions\/9873"}],"wp:attachment":[{"href":"https:\/\/provanum.com\/sv\/wp-json\/wp\/v2\/media?parent=4463"}],"curies":[{"name":"wp","href":"https:\/\/api.w.org\/{rel}","templated":true}]}}