{"id":4455,"date":"2014-03-11T10:39:23","date_gmt":"2014-03-11T10:39:23","guid":{"rendered":"https:\/\/provanum.com\/?page_id=4455"},"modified":"2022-10-21T00:36:43","modified_gmt":"2022-10-20T22:36:43","slug":"information-management","status":"publish","type":"page","link":"https:\/\/provanum.com\/sv\/informationshantering\/","title":{"rendered":"Informationshantering"},"content":{"rendered":"<div class=\"wpb-content-wrapper\">[vc_row][vc_column][layerslider_vc id=&#8221;12&#8243;][\/vc_column][\/vc_row][vc_row][vc_column width=&#8221;2\/3&#8243;][vc_column_text css=&#8221;.vc_custom_1663161526016{margin-bottom: 0px !important;}&#8221;]\n<h1>Informationshantering<\/h1>\n<p><strong>Strategisk information st\u00e4rker konkurrenskraften och den m\u00e5ste vara tillg\u00e4nglig f\u00f6r alla som beh\u00f6ver den.<\/strong><\/p>\n<p><strong>Dagens ingenj\u00f6rer har massvis med information att hantera och s\u00f6ka efter. Tekniken blir alltmer komplicerad och att bara nyttja den m\u00e4nskliga hj\u00e4rnkapaciteten f\u00f6r att h\u00e5lla reda p\u00e5 informationen \u00e4r inte optimalt. Verksamheten blir s\u00e5rbar n\u00e4r medarbetare har informationen i huvudet och b\u00e4r den med sig hem. Dessutom beh\u00f6ver den finnas tillg\u00e4nglig f\u00f6r andra medarbetare.<\/strong>[\/vc_column_text][vc_column_text css=&#8221;.vc_custom_1632854109728{margin-bottom: 0px !important;}&#8221;]Med moderna s\u00f6kmetoder \u00f6kas tillg\u00e5ngen till informationen f\u00f6r fler medarbetare som snabbare kan fatta b\u00e4ttre beslut. Detta skapar m\u00f6jligheter till en b\u00e4ttre konkurrenskraft.<\/p>\n<p>V\u00e5rt m\u00e5l \u00e4r att den information som beh\u00f6vs f\u00f6r er verksamhet ska vara tillg\u00e4nglig vid r\u00e4tt tidpunkt, i \u00f6nskad version och med r\u00e4tt inneh\u00e5ll. Med digital teknik samt ordning och reda \u00e4r detta m\u00f6jligt.<\/p>\n<p>Informationens struktur omfattar ocks\u00e5 relationer mellan olika informationsm\u00e4ngder och versionskontroll, s\u00e5 att r\u00e4tt och godk\u00e4nd\u00a0information visas vid s\u00f6kning. Hela hanteringen m\u00e5ste vara stringent med s\u00e4kra och robusta systeml\u00f6sningar. Manuell hantering \u00e4r om\u00f6jlig om man vill optimera organisationens verksamhet.[\/vc_column_text][vc_column_text css=&#8221;.vc_custom_1632854645625{margin-bottom: 0px !important;}&#8221;]\n<h3>Dokumenthantering blir informationshantering<\/h3>\n<p>Traditionell dokumenthantering har varit v\u00e5rt signum sedan 1996. Numera sysslar vi emellertid inte enbart med dokument, utan \u00e4ven med strukturerad information, exempelvis utrymmes- eller utrustningsegenskaper. Inte bara dokumenthantering utan ocks\u00e5 lite mer omfattande informationshantering, eller Content Management som den internationella termen lyder. Vi kallar det ingenj\u00f6rsbaserad informationshantering.<\/p>\n<p>Dokumenten utg\u00f6r organisationens minne och \u00e4r strategiskt viktiga att h\u00e5lla god ordning p\u00e5. Inte bara n\u00e4r de \u00e4r arkiverade utan framf\u00f6rallt n\u00e4r de skapas och revideras. Problematiken \u00e4r h\u00f6gst aktuell och de flesta verksamheter har fortsatt d\u00e5liga rutiner p\u00e5 den h\u00e4r punkten. Alla skapar filer, men allting blir inte dokument som \u00e4r l\u00e4mpliga att spara f\u00f6r framtida behov och sprida inom verksamheten. Ist\u00e4llet fylls h\u00e5rddiskar med filer som ingen till slut har n\u00e5gon kontroll \u00f6ver och organisationen g\u00e5r miste om m\u00f6jligheten till god ordning p\u00e5 strategisk information.[\/vc_column_text][vc_column_text css=&#8221;.vc_custom_1632854235743{margin-bottom: 0px !important;}&#8221;]\n<h3>Exempel p\u00e5 kundl\u00f6sningar<\/h3>\n<p>V\u00e5ra kunder finns i alla branscher med behov att\u00a0investera i en effektiv l\u00f6sning f\u00f6r optimal informationshantering. Se n\u00e5gra exempel nedan:[\/vc_column_text][mk_blog style=&#8221;grid&#8221; grid_image_height=&#8221;220&#8243; disable_meta=&#8221;false&#8221; pagination=&#8221;false&#8221; posts=&#8221;7662, 7655, 9635&#8243; exclude_post_format=&#8221;&#8221;][\/vc_column][vc_column width=&#8221;1\/3&#8243;][vc_video link=&#8221;https:\/\/youtu.be\/hiKPs9VIiGQ&#8221;][mk_padding_divider][mk_button dimension=&#8221;two&#8221; size=&#8221;medium&#8221; icon=&#8221;mk-icon-dollar&#8221; url=&#8221;https:\/\/provanum.com\/sv\/vill-du-veta-hur-du-sparar-pengar\/&#8221; fullwidth=&#8221;true&#8221;]Vill du spara pengar?[\/mk_button][mk_button dimension=&#8221;two&#8221; size=&#8221;medium&#8221; icon=&#8221;mk-moon-file-pdf&#8221; url=&#8221;#\/affarsutveckling_pdf&#8221; fullwidth=&#8221;true&#8221;]Om Provanum[\/mk_button][mk_padding_divider][vc_toggle title=&#8221;Dokument- och informationshantering&#8221; el_id=&#8221;1473950038138-7747426d-0b11&#8243; el_class=&#8221;faq-style&#8221;]Med hj\u00e4lp av snabba och effektiva s\u00f6kalgoritmer \u00f6kas tr\u00e4ffs\u00e4kerheten betydligt. Detta i kombination med\u00a0v\u00e5ra funktioner f\u00f6r snabb f\u00f6rhandsvisning av dokumentens inneh\u00e5ll \u00f6ppnar helt nya v\u00e4gar f\u00f6r att f\u00e5 tillg\u00e5ng till informationen n\u00e4r den beh\u00f6vs.\u00a0<a href=\"https:\/\/provanum.com\/sv\/informationshantering\/dokument-och-informationshantering\/\">L\u00e4s mer&#8230;<\/a>[\/vc_toggle][vc_toggle title=&#8221;Utrustningar och komponenter&#8221; el_id=&#8221;1473950181156-9d925250-26f1&#8243; el_class=&#8221;faq-style&#8221;]Utrustningar med alla ing\u00e5ende komponenter kan dokumenteras med internationella ingenj\u00f6rsstandarder. Ofta g\u00f6rs detta enligt en typisk namnstruktur med valfria egenskapsf\u00e4lt, som kan variera utifr\u00e5n typ och produkt. <a href=\"https:\/\/provanum.com\/sv\/informationshantering\/utrustningar-komponenter\/\">L\u00e4s mer&#8230;<\/a>[\/vc_toggle][vc_toggle title=&#8221;Byggnadsverk och utrymmen&#8221; el_id=&#8221;1473950308049-a3ca71b3-2606&#8243; el_class=&#8221;faq-style&#8221;]Att hantera fysiska saker som\u00a0byggnader och dess tillh\u00f6rande utrymmen kan g\u00f6ras med ritningen som grund.\u00a0<a href=\"https:\/\/provanum.com\/sv\/informationshantering\/byggnadsverk-utrymmen\/\">L\u00e4s mer&#8230;<\/a>[\/vc_toggle][vc_toggle title=&#8221;Kontroll \u00f6ver vem som kan se och g\u00f6ra vad&#8221; el_id=&#8221;1473950402996-48ef9542-75db&#8221; el_class=&#8221;faq-style&#8221;]Produktionen beh\u00f6ver skydda sin information p\u00e5 olika s\u00e4tt f\u00f6r allt fr\u00e5n sekretessk\u00e4l, s\u00e5 att viktig och strategisk information inte sipprar ut ur organisationen, till ren informationss\u00e4kerhet.\u00a0<a href=\"https:\/\/provanum.com\/sv\/informationshantering\/kontroll-vem-som-kan-se-och-gora-vad\/\">L\u00e4s mer&#8230;<\/a>[\/vc_toggle][vc_toggle title=&#8221;Kontroll av nya och reviderade versioner&#8221; el_id=&#8221;1508067639572-cb9bb1a3-0cc0&#8243; el_class=&#8221;faq-style&#8221;]Nya och reviderade dokument ska granskas av l\u00e4mpliga medarbetare. Detta kan g\u00f6ras i flera steg, av olika teknikomr\u00e5desansvariga, exempelvis inom mekanik, el, bygg f\u00f6ljt av juridisk uppf\u00f6ljning och kontroll.\u00a0<a href=\"https:\/\/provanum.com\/sv\/informationshantering\/kontroll-av-nya-och-reviderade-versioner\/\">L\u00e4s mer&#8230;<\/a>[\/vc_toggle][vc_toggle title=&#8221;Arbets- och godk\u00e4nnandefl\u00f6den&#8221; el_class=&#8221;faq-style&#8221;]Att kontrollera f\u00f6r\u00e4ndringar av informationen med hj\u00e4lp av arbetsfl\u00f6den \u00e4r betydligt mer effektivt \u00e4n att f\u00f6rs\u00f6ka g\u00f6ra det manuellt. <a href=\"https:\/\/provanum.com\/sv\/informationshantering\/arbets-godkannandefloden\/\">L\u00e4s mer\u2026<\/a>[\/vc_toggle][vc_toggle title=&#8221;\u00c4rende och \u00e4ndringshantering&#8221; el_class=&#8221;faq-style&#8221;]H\u00e5ll kontroll p\u00e5 n\u00e4r och hur informationen \u00e4ndras genom att skapa ett \u00e4rende som styr och dokumenterar h\u00e4ndelserna i tiden.\u00a0<a href=\"https:\/\/provanum.com\/sv\/informationshantering\/arende-andringshantering\/\">L\u00e4s mer&#8230;<\/a>[\/vc_toggle][vc_toggle title=&#8221;Publicera information via leveransrapporter&#8221; el_class=&#8221;faq-style&#8221;]En stor del av arbetet med f\u00f6r\u00e4dling och hantering av information, \u00e4r att kunna distribuera den till andra instanser och anv\u00e4ndare. Det \u00e4r viktigt att b\u00e5de \u00f6vers\u00e4nda r\u00e4tt information och i r\u00e4tt omfattning, samt att kunna skapa sp\u00e5rbarhet vad, n\u00e4r och till vem detta gjordes. Med Trix-produkterna g\u00e5r det att skapa leveransrapporter digitalt, som sparas i systemet f\u00f6r sp\u00e5rbarhetens skull. <a href=\"https:\/\/provanum.com\/sv\/informationshantering\/publicera-information-via-leveransrapporter\/\">L\u00e4s mer\u2026<\/a>[\/vc_toggle][\/vc_column][\/vc_row]\n<\/div>","protected":false},"excerpt":{"rendered":"<p>[vc_row][vc_column][layerslider_vc id=&#8221;12&#8243;][\/vc_column][\/vc_row][vc_row][vc_column width=&#8221;2\/3&#8243;][vc_column_text css=&#8221;.vc_custom_1663161526016{margin-bottom: 0px !important;}&#8221;] Informationshantering Strategisk information st\u00e4rker konkurrenskraften och den m\u00e5ste vara tillg\u00e4nglig f\u00f6r alla som beh\u00f6ver den. Dagens ingenj\u00f6rer har massvis med information att hantera och s\u00f6ka efter. Tekniken blir alltmer komplicerad och att bara nyttja den m\u00e4nskliga hj\u00e4rnkapaciteten f\u00f6r att h\u00e5lla reda p\u00e5 informationen \u00e4r inte optimalt. Verksamheten blir s\u00e5rbar [&hellip;]<\/p>\n","protected":false},"author":1,"featured_media":0,"parent":0,"menu_order":0,"comment_status":"open","ping_status":"open","template":"","meta":{"_acf_changed":false,"footnotes":""},"class_list":["post-4455","page","type-page","status-publish","hentry"],"translation":{"provider":"WPGlobus","version":"3.0.2","language":"sv","enabled_languages":["en","sv"],"languages":{"en":{"title":true,"content":true,"excerpt":false},"sv":{"title":true,"content":true,"excerpt":false}}},"acf":[],"yoast_head":"<!-- This site is optimized with the Yoast SEO plugin v27.4 - https:\/\/yoast.com\/product\/yoast-seo-wordpress\/ -->\n<title>Informationshantering - Provanum<\/title>\n<meta name=\"robots\" content=\"index, follow, max-snippet:-1, max-image-preview:large, max-video-preview:-1\" \/>\n<link rel=\"canonical\" href=\"https:\/\/provanum.com\/information-management\/\" \/>\n<meta name=\"twitter:label1\" content=\"Ber\u00e4knad l\u00e4stid\" \/>\n\t<meta name=\"twitter:data1\" content=\"3 minuter\" \/>\n<script type=\"application\/ld+json\" class=\"yoast-schema-graph\">{\"@context\":\"https:\\\/\\\/schema.org\",\"@graph\":[{\"@type\":\"WebPage\",\"@id\":\"https:\\\/\\\/provanum.com\\\/information-management\\\/\",\"url\":\"https:\\\/\\\/provanum.com\\\/information-management\\\/\",\"name\":\"Informationshantering - Provanum\",\"isPartOf\":{\"@id\":\"https:\\\/\\\/provanum.com\\\/#website\"},\"datePublished\":\"2014-03-11T10:39:23+00:00\",\"dateModified\":\"2022-10-20T22:36:43+00:00\",\"breadcrumb\":{\"@id\":\"https:\\\/\\\/provanum.com\\\/information-management\\\/#breadcrumb\"},\"inLanguage\":\"sv-SE\",\"potentialAction\":[{\"@type\":\"ReadAction\",\"target\":[\"https:\\\/\\\/provanum.com\\\/information-management\\\/\"]}]},{\"@type\":\"BreadcrumbList\",\"@id\":\"https:\\\/\\\/provanum.com\\\/information-management\\\/#breadcrumb\",\"itemListElement\":[{\"@type\":\"ListItem\",\"position\":1,\"name\":\"Home\",\"item\":\"https:\\\/\\\/provanum.com\\\/\"},{\"@type\":\"ListItem\",\"position\":2,\"name\":\"Information management\"}]},{\"@type\":\"WebSite\",\"@id\":\"https:\\\/\\\/provanum.com\\\/#website\",\"url\":\"https:\\\/\\\/provanum.com\\\/\",\"name\":\"Provanum\",\"description\":\"Ingenj\u00f6rsbaserad dokumenthantering\",\"publisher\":{\"@id\":\"https:\\\/\\\/provanum.com\\\/#organization\"},\"potentialAction\":[{\"@type\":\"SearchAction\",\"target\":{\"@type\":\"EntryPoint\",\"urlTemplate\":\"https:\\\/\\\/provanum.com\\\/?s={search_term_string}\"},\"query-input\":{\"@type\":\"PropertyValueSpecification\",\"valueRequired\":true,\"valueName\":\"search_term_string\"}}],\"inLanguage\":\"sv-SE\"},{\"@type\":\"Organization\",\"@id\":\"https:\\\/\\\/provanum.com\\\/#organization\",\"name\":\"Provanum\",\"url\":\"https:\\\/\\\/provanum.com\\\/\",\"logo\":{\"@type\":\"ImageObject\",\"inLanguage\":\"sv-SE\",\"@id\":\"https:\\\/\\\/provanum.com\\\/#\\\/schema\\\/logo\\\/image\\\/\",\"url\":\"https:\\\/\\\/provanum.com\\\/wp-content\\\/uploads\\\/2015\\\/01\\\/TrixSolution2.png\",\"contentUrl\":\"https:\\\/\\\/provanum.com\\\/wp-content\\\/uploads\\\/2015\\\/01\\\/TrixSolution2.png\",\"width\":300,\"height\":305,\"caption\":\"Provanum\"},\"image\":{\"@id\":\"https:\\\/\\\/provanum.com\\\/#\\\/schema\\\/logo\\\/image\\\/\"}}]}<\/script>\n<!-- \/ Yoast SEO plugin. -->","yoast_head_json":{"title":"Informationshantering - Provanum","robots":{"index":"index","follow":"follow","max-snippet":"max-snippet:-1","max-image-preview":"max-image-preview:large","max-video-preview":"max-video-preview:-1"},"canonical":"https:\/\/provanum.com\/information-management\/","twitter_misc":{"Ber\u00e4knad l\u00e4stid":"3 minuter"},"schema":{"@context":"https:\/\/schema.org","@graph":[{"@type":"WebPage","@id":"https:\/\/provanum.com\/information-management\/","url":"https:\/\/provanum.com\/information-management\/","name":"Informationshantering - Provanum","isPartOf":{"@id":"https:\/\/provanum.com\/#website"},"datePublished":"2014-03-11T10:39:23+00:00","dateModified":"2022-10-20T22:36:43+00:00","breadcrumb":{"@id":"https:\/\/provanum.com\/information-management\/#breadcrumb"},"inLanguage":"sv-SE","potentialAction":[{"@type":"ReadAction","target":["https:\/\/provanum.com\/information-management\/"]}]},{"@type":"BreadcrumbList","@id":"https:\/\/provanum.com\/information-management\/#breadcrumb","itemListElement":[{"@type":"ListItem","position":1,"name":"Home","item":"https:\/\/provanum.com\/"},{"@type":"ListItem","position":2,"name":"Information management"}]},{"@type":"WebSite","@id":"https:\/\/provanum.com\/#website","url":"https:\/\/provanum.com\/","name":"Provanum","description":"Ingenj\u00f6rsbaserad dokumenthantering","publisher":{"@id":"https:\/\/provanum.com\/#organization"},"potentialAction":[{"@type":"SearchAction","target":{"@type":"EntryPoint","urlTemplate":"https:\/\/provanum.com\/?s={search_term_string}"},"query-input":{"@type":"PropertyValueSpecification","valueRequired":true,"valueName":"search_term_string"}}],"inLanguage":"sv-SE"},{"@type":"Organization","@id":"https:\/\/provanum.com\/#organization","name":"Provanum","url":"https:\/\/provanum.com\/","logo":{"@type":"ImageObject","inLanguage":"sv-SE","@id":"https:\/\/provanum.com\/#\/schema\/logo\/image\/","url":"https:\/\/provanum.com\/wp-content\/uploads\/2015\/01\/TrixSolution2.png","contentUrl":"https:\/\/provanum.com\/wp-content\/uploads\/2015\/01\/TrixSolution2.png","width":300,"height":305,"caption":"Provanum"},"image":{"@id":"https:\/\/provanum.com\/#\/schema\/logo\/image\/"}}]}},"_links":{"self":[{"href":"https:\/\/provanum.com\/sv\/wp-json\/wp\/v2\/pages\/4455","targetHints":{"allow":["GET"]}}],"collection":[{"href":"https:\/\/provanum.com\/sv\/wp-json\/wp\/v2\/pages"}],"about":[{"href":"https:\/\/provanum.com\/sv\/wp-json\/wp\/v2\/types\/page"}],"author":[{"embeddable":true,"href":"https:\/\/provanum.com\/sv\/wp-json\/wp\/v2\/users\/1"}],"replies":[{"embeddable":true,"href":"https:\/\/provanum.com\/sv\/wp-json\/wp\/v2\/comments?post=4455"}],"version-history":[{"count":10,"href":"https:\/\/provanum.com\/sv\/wp-json\/wp\/v2\/pages\/4455\/revisions"}],"predecessor-version":[{"id":9885,"href":"https:\/\/provanum.com\/sv\/wp-json\/wp\/v2\/pages\/4455\/revisions\/9885"}],"wp:attachment":[{"href":"https:\/\/provanum.com\/sv\/wp-json\/wp\/v2\/media?parent=4455"}],"curies":[{"name":"wp","href":"https:\/\/api.w.org\/{rel}","templated":true}]}}