{"id":2811,"date":"2013-09-24T18:05:05","date_gmt":"2013-09-24T18:05:05","guid":{"rendered":"http:\/\/demo.zeotheory.com\/avien\/?page_id=2811"},"modified":"2025-05-08T12:06:48","modified_gmt":"2025-05-08T10:06:48","slug":"home-4","status":"publish","type":"page","link":"https:\/\/provanum.com\/sv\/","title":{"rendered":"Hem"},"content":{"rendered":"<div class=\"wpb-content-wrapper\">[vc_row fullwidth=&#8221;true&#8221; fullwidth_content=&#8221;false&#8221; css=&#8221;.vc_custom_1632936869875{padding-top: 25px !important;padding-right: 25px !important;padding-bottom: 25px !important;padding-left: 25px !important;background-image: url(https:\/\/provanum.com\/wp-content\/uploads\/2021\/02\/ingresstripeprovanum.jpg?id=8847) !important;background-position: center !important;background-repeat: no-repeat !important;background-size: cover !important;}&#8221;][vc_column][vc_column_text align=&#8221;center&#8221; el_class=&#8221;white_text&#8221; css=&#8221;.vc_custom_1612778632235{margin-bottom: 0px !important;}&#8221;][\/vc_column_text][\/vc_column][\/vc_row][vc_row fullwidth=&#8221;true&#8221;][vc_column][mk_layerslider id=&#8221;27&#8243;][\/vc_column][\/vc_row][vc_row fullwidth=&#8221;true&#8221; fullwidth_content=&#8221;false&#8221; css=&#8221;.vc_custom_1616679866950{margin-bottom: 40px !important;padding-top: 25px !important;padding-right: 25px !important;padding-bottom: 25px !important;padding-left: 25px !important;background-image: url(https:\/\/provanum.com\/wp-content\/uploads\/2021\/02\/ingresstripeprovanum.jpg?id=8847) !important;background-position: center !important;background-repeat: no-repeat !important;background-size: cover !important;}&#8221;][vc_column][vc_column_text align=&#8221;center&#8221; el_class=&#8221;white_text&#8221; css=&#8221;.vc_custom_1612778632235{margin-bottom: 0px !important;}&#8221;][\/vc_column_text][\/vc_column][\/vc_row][vc_row fullwidth=&#8221;true&#8221; fullwidth_content=&#8221;false&#8221; bg_colour=&#8221;#f7f7f7&#8243; full_width=&#8221;1&#8243; el_class=&#8221;startpagerowmargin images-startpage&#8221;][vc_column width=&#8221;1\/4&#8243;][mk_image src=&#8221;https:\/\/provanum.com\/wp-content\/uploads\/2015\/02\/Industri775.jpg&#8221; image_size=&#8221;full&#8221; link=&#8221;https:\/\/provanum.com\/sv\/produktion\/&#8221; el_class=&#8221;lightbox_bg&#8221;][vc_column_text el_class=&#8221;startpage-box&#8221; css=&#8221;.vc_custom_1663240958881{margin-bottom: 0px !important;}&#8221;]\n<h2 style=\"text-align: left;\"><a href=\"https:\/\/provanum.com\/sv\/produktion\/\">Produktion<\/a><\/h2>\n<p style=\"text-align: left;\"><a href=\"https:\/\/provanum.com\/sv\/produktion\/\">V\u00e5ra l\u00f6sningar f\u00f6r producerande f\u00f6retag inom m\u00e5nga olika branscher, exempelvis energi, olja &amp; gas, tillverkning, kemisk, gruva, m fl.<\/a><\/p>\n[\/vc_column_text][mk_padding_divider visibility=&#8221;visible-nb&#8221;][\/vc_column][vc_column width=&#8221;1\/4&#8243;][mk_image src=&#8221;https:\/\/provanum.com\/wp-content\/uploads\/2015\/02\/Fastighet775.jpg&#8221; image_size=&#8221;full&#8221; link=&#8221;https:\/\/provanum.com\/sv\/fastighet\/&#8221; el_class=&#8221;lightbox_bg&#8221;][vc_column_text el_class=&#8221;startpage-box&#8221; css=&#8221;.vc_custom_1663241103414{margin-bottom: 0px !important;}&#8221;]\n<h2 style=\"text-align: left;\"><a href=\"https:\/\/provanum.com\/sv\/fastighet\/\">Fastighet<\/a><\/h2>\n<p><a href=\"https:\/\/provanum.com\/sv\/fastighet\/\">V\u00e5ra l\u00f6sningar f\u00f6r fastighetsbolag som fastighets\u00e4gare, fastighetsf\u00f6rvaltare, hyresbolag, st\u00e4dbolag m fl.<\/a>[\/vc_column_text][mk_padding_divider visibility=&#8221;visible-nb&#8221;][\/vc_column][vc_column width=&#8221;1\/4&#8243;][mk_image src=&#8221;https:\/\/provanum.com\/wp-content\/uploads\/2015\/02\/Binders775.jpg&#8221; image_size=&#8221;full&#8221; link=&#8221;https:\/\/provanum.com\/sv\/offentlig-forvaltning\/&#8221; el_class=&#8221;lightbox_bg&#8221;][vc_column_text el_class=&#8221;startpage-box&#8221; css=&#8221;.vc_custom_1663241897278{margin-bottom: 0px !important;}&#8221;]\n<h2 style=\"text-align: left;\"><a href=\"https:\/\/provanum.com\/sv\/offentlig-forvaltning\/\">Offentlig f\u00f6rvaltning<\/a><\/h2>\n<p><a href=\"https:\/\/provanum.com\/sv\/offentlig-forvaltning\/\">V\u00e5ra l\u00f6sningar med l\u00e5ngsiktiga arkiv l\u00e4mpade f\u00f6r kommuner, kommunala bolag, landsting och statliga bolag m fl.<\/a>[\/vc_column_text][mk_padding_divider visibility=&#8221;visible-nb&#8221;][\/vc_column][vc_column width=&#8221;1\/4&#8243;][mk_image src=&#8221;https:\/\/provanum.com\/wp-content\/uploads\/2015\/02\/Projektbild2.png&#8221; image_size=&#8221;full&#8221; link=&#8221;https:\/\/provanum.com\/sv\/projekt\/&#8221; el_class=&#8221;lightbox_bg&#8221;][vc_column_text el_class=&#8221;startpage-box&#8221; css=&#8221;.vc_custom_1663241396085{margin-bottom: 0px !important;}&#8221;]\n<h2 style=\"text-align: left;\"><a href=\"https:\/\/provanum.com\/sv\/projekt\/\">Projekt<\/a><\/h2>\n<p><a href=\"https:\/\/provanum.com\/sv\/projekt\/\">V\u00e5ra l\u00f6sningar\u00a0d\u00e4r digital information skapas eller f\u00f6r\u00e4ndras, och\u00a0full leveranskontroll och informationskvalitet\u00a0\u00e4r m\u00e5let. \u00a0<\/a>[\/vc_column_text][mk_padding_divider visibility=&#8221;visible-nb&#8221;][\/vc_column][\/vc_row][vc_row fullwidth=&#8221;true&#8221; fullwidth_content=&#8221;false&#8221; css=&#8221;.vc_custom_1456237629059{padding-top: 50px !important;padding-bottom: 50px !important;background-color: rgba(176,158,148,0.2) !important;*background-color: rgb(176,158,148) !important;}&#8221;][vc_column][mk_blog style=&#8221;grid&#8221; column=&#8221;4&#8243; grid_image_height=&#8221;180&#8243; disable_meta=&#8221;false&#8221; excerpt_length=&#8221;90&#8243; pagination=&#8221;false&#8221; count=&#8221;4&#8243; posts=&#8221;9570, 9586, 9603, 9894&#8243;][\/vc_column][\/vc_row]\n<\/div>","protected":false},"excerpt":{"rendered":"<p>[vc_row fullwidth=&#8221;true&#8221; fullwidth_content=&#8221;false&#8221; css=&#8221;.vc_custom_1632936869875{padding-top: 25px !important;padding-right: 25px !important;padding-bottom: 25px !important;padding-left: 25px !important;background-image: url(https:\/\/provanum.com\/wp-content\/uploads\/2021\/02\/ingresstripeprovanum.jpg?id=8847) !important;background-position: center !important;background-repeat: no-repeat !important;background-size: cover !important;}&#8221;][vc_column][vc_column_text align=&#8221;center&#8221; el_class=&#8221;white_text&#8221; css=&#8221;.vc_custom_1612778632235{margin-bottom: 0px !important;}&#8221;][\/vc_column_text][\/vc_column][\/vc_row][vc_row fullwidth=&#8221;true&#8221;][vc_column][mk_layerslider id=&#8221;27&#8243;][\/vc_column][\/vc_row][vc_row fullwidth=&#8221;true&#8221; fullwidth_content=&#8221;false&#8221; css=&#8221;.vc_custom_1616679866950{margin-bottom: 40px !important;padding-top: 25px !important;padding-right: 25px !important;padding-bottom: 25px !important;padding-left: 25px !important;background-image: url(https:\/\/provanum.com\/wp-content\/uploads\/2021\/02\/ingresstripeprovanum.jpg?id=8847) !important;background-position: center !important;background-repeat: no-repeat !important;background-size: cover !important;}&#8221;][vc_column][vc_column_text align=&#8221;center&#8221; el_class=&#8221;white_text&#8221; css=&#8221;.vc_custom_1612778632235{margin-bottom: 0px !important;}&#8221;][\/vc_column_text][\/vc_column][\/vc_row][vc_row fullwidth=&#8221;true&#8221; fullwidth_content=&#8221;false&#8221; [&hellip;]<\/p>\n","protected":false},"author":1,"featured_media":0,"parent":0,"menu_order":0,"comment_status":"open","ping_status":"open","template":"","meta":{"_acf_changed":false,"footnotes":""},"class_list":["post-2811","page","type-page","status-publish","hentry"],"translation":{"provider":"WPGlobus","version":"3.0.2","language":"sv","enabled_languages":["en","sv"],"languages":{"en":{"title":true,"content":true,"excerpt":false},"sv":{"title":true,"content":true,"excerpt":false}}},"acf":[],"yoast_head":"<!-- This site is optimized with the Yoast SEO plugin v27.4 - https:\/\/yoast.com\/product\/yoast-seo-wordpress\/ -->\n<title>Hem - Provanum<\/title>\n<meta name=\"robots\" content=\"index, follow, max-snippet:-1, max-image-preview:large, max-video-preview:-1\" \/>\n<link rel=\"canonical\" href=\"https:\/\/provanum.com\/\" \/>\n<meta name=\"twitter:label1\" content=\"Ber\u00e4knad l\u00e4stid\" \/>\n\t<meta name=\"twitter:data1\" content=\"1 minut\" \/>\n<script type=\"application\/ld+json\" class=\"yoast-schema-graph\">{\"@context\":\"https:\\\/\\\/schema.org\",\"@graph\":[{\"@type\":\"WebPage\",\"@id\":\"https:\\\/\\\/provanum.com\\\/\",\"url\":\"https:\\\/\\\/provanum.com\\\/\",\"name\":\"Hem - Provanum\",\"isPartOf\":{\"@id\":\"https:\\\/\\\/provanum.com\\\/#website\"},\"datePublished\":\"2013-09-24T18:05:05+00:00\",\"dateModified\":\"2025-05-08T10:06:48+00:00\",\"breadcrumb\":{\"@id\":\"https:\\\/\\\/provanum.com\\\/#breadcrumb\"},\"inLanguage\":\"sv-SE\",\"potentialAction\":[{\"@type\":\"ReadAction\",\"target\":[\"https:\\\/\\\/provanum.com\\\/\"]}]},{\"@type\":\"BreadcrumbList\",\"@id\":\"https:\\\/\\\/provanum.com\\\/#breadcrumb\",\"itemListElement\":[{\"@type\":\"ListItem\",\"position\":1,\"name\":\"Home\",\"item\":\"https:\\\/\\\/provanum.com\\\/\"},{\"@type\":\"ListItem\",\"position\":2,\"name\":\"Home\"}]},{\"@type\":\"WebSite\",\"@id\":\"https:\\\/\\\/provanum.com\\\/#website\",\"url\":\"https:\\\/\\\/provanum.com\\\/\",\"name\":\"Provanum\",\"description\":\"Ingenj\u00f6rsbaserad dokumenthantering\",\"publisher\":{\"@id\":\"https:\\\/\\\/provanum.com\\\/#organization\"},\"potentialAction\":[{\"@type\":\"SearchAction\",\"target\":{\"@type\":\"EntryPoint\",\"urlTemplate\":\"https:\\\/\\\/provanum.com\\\/?s={search_term_string}\"},\"query-input\":{\"@type\":\"PropertyValueSpecification\",\"valueRequired\":true,\"valueName\":\"search_term_string\"}}],\"inLanguage\":\"sv-SE\"},{\"@type\":\"Organization\",\"@id\":\"https:\\\/\\\/provanum.com\\\/#organization\",\"name\":\"Provanum\",\"url\":\"https:\\\/\\\/provanum.com\\\/\",\"logo\":{\"@type\":\"ImageObject\",\"inLanguage\":\"sv-SE\",\"@id\":\"https:\\\/\\\/provanum.com\\\/#\\\/schema\\\/logo\\\/image\\\/\",\"url\":\"https:\\\/\\\/provanum.com\\\/wp-content\\\/uploads\\\/2015\\\/01\\\/TrixSolution2.png\",\"contentUrl\":\"https:\\\/\\\/provanum.com\\\/wp-content\\\/uploads\\\/2015\\\/01\\\/TrixSolution2.png\",\"width\":300,\"height\":305,\"caption\":\"Provanum\"},\"image\":{\"@id\":\"https:\\\/\\\/provanum.com\\\/#\\\/schema\\\/logo\\\/image\\\/\"}}]}<\/script>\n<!-- \/ Yoast SEO plugin. -->","yoast_head_json":{"title":"Hem - Provanum","robots":{"index":"index","follow":"follow","max-snippet":"max-snippet:-1","max-image-preview":"max-image-preview:large","max-video-preview":"max-video-preview:-1"},"canonical":"https:\/\/provanum.com\/","twitter_misc":{"Ber\u00e4knad l\u00e4stid":"1 minut"},"schema":{"@context":"https:\/\/schema.org","@graph":[{"@type":"WebPage","@id":"https:\/\/provanum.com\/","url":"https:\/\/provanum.com\/","name":"Hem - Provanum","isPartOf":{"@id":"https:\/\/provanum.com\/#website"},"datePublished":"2013-09-24T18:05:05+00:00","dateModified":"2025-05-08T10:06:48+00:00","breadcrumb":{"@id":"https:\/\/provanum.com\/#breadcrumb"},"inLanguage":"sv-SE","potentialAction":[{"@type":"ReadAction","target":["https:\/\/provanum.com\/"]}]},{"@type":"BreadcrumbList","@id":"https:\/\/provanum.com\/#breadcrumb","itemListElement":[{"@type":"ListItem","position":1,"name":"Home","item":"https:\/\/provanum.com\/"},{"@type":"ListItem","position":2,"name":"Home"}]},{"@type":"WebSite","@id":"https:\/\/provanum.com\/#website","url":"https:\/\/provanum.com\/","name":"Provanum","description":"Ingenj\u00f6rsbaserad dokumenthantering","publisher":{"@id":"https:\/\/provanum.com\/#organization"},"potentialAction":[{"@type":"SearchAction","target":{"@type":"EntryPoint","urlTemplate":"https:\/\/provanum.com\/?s={search_term_string}"},"query-input":{"@type":"PropertyValueSpecification","valueRequired":true,"valueName":"search_term_string"}}],"inLanguage":"sv-SE"},{"@type":"Organization","@id":"https:\/\/provanum.com\/#organization","name":"Provanum","url":"https:\/\/provanum.com\/","logo":{"@type":"ImageObject","inLanguage":"sv-SE","@id":"https:\/\/provanum.com\/#\/schema\/logo\/image\/","url":"https:\/\/provanum.com\/wp-content\/uploads\/2015\/01\/TrixSolution2.png","contentUrl":"https:\/\/provanum.com\/wp-content\/uploads\/2015\/01\/TrixSolution2.png","width":300,"height":305,"caption":"Provanum"},"image":{"@id":"https:\/\/provanum.com\/#\/schema\/logo\/image\/"}}]}},"_links":{"self":[{"href":"https:\/\/provanum.com\/sv\/wp-json\/wp\/v2\/pages\/2811","targetHints":{"allow":["GET"]}}],"collection":[{"href":"https:\/\/provanum.com\/sv\/wp-json\/wp\/v2\/pages"}],"about":[{"href":"https:\/\/provanum.com\/sv\/wp-json\/wp\/v2\/types\/page"}],"author":[{"embeddable":true,"href":"https:\/\/provanum.com\/sv\/wp-json\/wp\/v2\/users\/1"}],"replies":[{"embeddable":true,"href":"https:\/\/provanum.com\/sv\/wp-json\/wp\/v2\/comments?post=2811"}],"version-history":[{"count":11,"href":"https:\/\/provanum.com\/sv\/wp-json\/wp\/v2\/pages\/2811\/revisions"}],"predecessor-version":[{"id":8471,"href":"https:\/\/provanum.com\/sv\/wp-json\/wp\/v2\/pages\/2811\/revisions\/8471"}],"wp:attachment":[{"href":"https:\/\/provanum.com\/sv\/wp-json\/wp\/v2\/media?parent=2811"}],"curies":[{"name":"wp","href":"https:\/\/api.w.org\/{rel}","templated":true}]}}